{"id":174,"date":"2023-02-19T01:50:07","date_gmt":"2023-02-19T00:50:07","guid":{"rendered":"https:\/\/ie.uek.krakow.pl\/ke\/?page_id=174"},"modified":"2025-06-30T15:46:01","modified_gmt":"2025-06-30T13:46:01","slug":"pracownicy-uek","status":"publish","type":"page","link":"https:\/\/iirc.uek.krakow.pl\/keop\/pracownicy-uek\/","title":{"rendered":"Pracownicy"},"content":{"rendered":"\t\t<div data-elementor-type=\"wp-page\" data-elementor-id=\"174\" class=\"elementor elementor-174\" data-elementor-post-type=\"page\">\n\t\t\t\t\t\t<section data-particle_enable=\"false\" data-particle-mobile-disabled=\"false\" class=\"elementor-section elementor-top-section elementor-element elementor-element-be20bad elementor-section-boxed elementor-section-height-default elementor-section-height-default\" data-id=\"be20bad\" data-element_type=\"section\" data-settings=\"{&quot;jet_parallax_layout_list&quot;:[]}\">\n\t\t\t\t\t\t<div class=\"elementor-container elementor-column-gap-default\">\n\t\t\t\t\t<div class=\"elementor-column elementor-col-100 elementor-top-column elementor-element elementor-element-c099fef\" data-id=\"c099fef\" data-element_type=\"column\">\n\t\t\t<div class=\"elementor-widget-wrap elementor-element-populated\">\n\t\t\t\t\t\t<div class=\"elementor-element elementor-element-923f8d4 elementor-widget elementor-widget-heading\" data-id=\"923f8d4\" data-element_type=\"widget\" id=\"kpii\" data-widget_type=\"heading.default\">\n\t\t\t\t<div class=\"elementor-widget-container\">\n\t\t\t\t\t<h2 class=\"elementor-heading-title elementor-size-default\">KATEDRA ...<\/h2>\t\t\t\t<\/div>\n\t\t\t\t<\/div>\n\t\t\t\t<section data-particle_enable=\"false\" data-particle-mobile-disabled=\"false\" class=\"elementor-section elementor-inner-section elementor-element elementor-element-4f9f836 elementor-section-boxed elementor-section-height-default elementor-section-height-default\" data-id=\"4f9f836\" data-element_type=\"section\" data-settings=\"{&quot;jet_parallax_layout_list&quot;:[],&quot;background_background&quot;:&quot;classic&quot;,&quot;shape_divider_bottom&quot;:&quot;arrow&quot;,&quot;shape_divider_bottom_negative&quot;:&quot;yes&quot;}\">\n\t\t\t\t\t<div class=\"elementor-shape elementor-shape-bottom\" aria-hidden=\"true\" data-negative=\"true\">\n\t\t\t<svg xmlns=\"http:\/\/www.w3.org\/2000\/svg\" viewBox=\"0 0 700 10\" preserveAspectRatio=\"none\">\n\t<path class=\"elementor-shape-fill\" d=\"M360 0L350 9.9 340 0 0 0 0 10 700 10 700 0\"\/>\n<\/svg>\t\t<\/div>\n\t\t\t\t\t<div class=\"elementor-container elementor-column-gap-default\">\n\t\t\t\t\t<div class=\"elementor-column elementor-col-50 elementor-inner-column elementor-element elementor-element-7a9c1ea\" data-id=\"7a9c1ea\" data-element_type=\"column\">\n\t\t\t<div class=\"elementor-widget-wrap elementor-element-populated\">\n\t\t\t\t\t\t<div class=\"elementor-element elementor-element-6239586 elementor-widget elementor-widget-heading\" data-id=\"6239586\" data-element_type=\"widget\" data-widget_type=\"heading.default\">\n\t\t\t\t<div class=\"elementor-widget-container\">\n\t\t\t\t\t<h4 class=\"elementor-heading-title elementor-size-default\">Kierownik Katedry<\/h4>\t\t\t\t<\/div>\n\t\t\t\t<\/div>\n\t\t\t\t\t<\/div>\n\t\t<\/div>\n\t\t\t\t<div class=\"elementor-column elementor-col-50 elementor-inner-column elementor-element elementor-element-d1d5d6a\" data-id=\"d1d5d6a\" data-element_type=\"column\">\n\t\t\t<div class=\"elementor-widget-wrap elementor-element-populated\">\n\t\t\t\t\t\t<div class=\"elementor-element elementor-element-a114a1c elementor-widget elementor-widget-eael-post-list\" data-id=\"a114a1c\" data-element_type=\"widget\" data-widget_type=\"eael-post-list.default\">\n\t\t\t\t<div class=\"elementor-widget-container\">\n\t\t\t\t\t<div class=\"eael-post-list-container default layout-default\"><div class=\"eael-post-list-wrap\"><div class=\"eael-post-list-posts-wrap eael-post-appender eael-post-appender-a114a1c\"><div class=\"eael-post-list-post \"><div class=\"eael-post-list-thumbnail \"><a href=\"https:\/\/iirc.uek.krakow.pl\/keop\/pracownicy\/dr-hab-barbara-siuta-tokarska-prof-uek\/\">\n                            <img decoding=\"async\" src=\"https:\/\/iirc.uek.krakow.pl\/keop\/wp-content\/uploads\/sites\/4\/2025\/05\/Zdjecie_Barabara_ST.jpg\" alt=\"\">\n                        <\/a><\/div><div class=\"eael-post-list-content\"><h2 class=\"eael-post-list-title\"><a href=\"https:\/\/iirc.uek.krakow.pl\/keop\/pracownicy\/dr-hab-barbara-siuta-tokarska-prof-uek\/\" >Dr hab. Barbara Siuta-Tokarska, prof. UEK<\/a><\/h2><\/div><\/div><\/div><\/div>\n\t\t<\/div>\t\t\t\t<\/div>\n\t\t\t\t<\/div>\n\t\t\t\t\t<\/div>\n\t\t<\/div>\n\t\t\t\t\t<\/div>\n\t\t<\/section>\n\t\t\t\t<div class=\"elementor-element elementor-element-3b905d0 elementor-widget elementor-widget-eael-post-list\" data-id=\"3b905d0\" data-element_type=\"widget\" data-widget_type=\"eael-post-list.default\">\n\t\t\t\t<div class=\"elementor-widget-container\">\n\t\t\t\t\t<div class=\"eael-post-list-container default layout-default\"><div class=\"eael-post-list-wrap\"><div class=\"eael-post-list-posts-wrap eael-post-appender eael-post-appender-3b905d0\"><div class=\"eael-post-list-post \"><div class=\"eael-post-list-thumbnail \"><a href=\"https:\/\/iirc.uek.krakow.pl\/keop\/pracownicy\/prof-dr-hab-jadwiga-adamczyk\/\">\n                            <img decoding=\"async\" src=\"https:\/\/iirc.uek.krakow.pl\/keop\/wp-content\/uploads\/sites\/4\/2023\/02\/Adamczyk2-200x250-1.jpg\" alt=\"\">\n                        <\/a><\/div><div class=\"eael-post-list-content\"><h2 class=\"eael-post-list-title\"><a href=\"https:\/\/iirc.uek.krakow.pl\/keop\/pracownicy\/prof-dr-hab-jadwiga-adamczyk\/\" >PROF DR HAB. JADWIGA ADAMCZYK<\/a><\/h2><\/div><\/div><div class=\"eael-post-list-post \"><div class=\"eael-post-list-thumbnail \"><a href=\"https:\/\/iirc.uek.krakow.pl\/keop\/pracownicy\/dr-hab-andrzej-jaki-prof-uek\/\">\n                            <img decoding=\"async\" src=\"https:\/\/iirc.uek.krakow.pl\/keop\/wp-content\/uploads\/sites\/4\/2023\/02\/Andrzej-Jaki-200x250-1.jpg\" alt=\"\">\n                        <\/a><\/div><div class=\"eael-post-list-content\"><h2 class=\"eael-post-list-title\"><a href=\"https:\/\/iirc.uek.krakow.pl\/keop\/pracownicy\/dr-hab-andrzej-jaki-prof-uek\/\" >Dr hab. Andrzej Jaki, prof. UEK<\/a><\/h2><\/div><\/div><div class=\"eael-post-list-post \"><div class=\"eael-post-list-thumbnail \"><a href=\"https:\/\/iirc.uek.krakow.pl\/keop\/pracownicy\/dr-hab-jaroslaw-kaczmarek-prof-uek\/\">\n                            <img decoding=\"async\" src=\"https:\/\/iirc.uek.krakow.pl\/keop\/wp-content\/uploads\/sites\/4\/2023\/02\/Jaroslaw-Kaczmarek-200x250-1.png\" alt=\"\">\n                        <\/a><\/div><div class=\"eael-post-list-content\"><h2 class=\"eael-post-list-title\"><a href=\"https:\/\/iirc.uek.krakow.pl\/keop\/pracownicy\/dr-hab-jaroslaw-kaczmarek-prof-uek\/\" >Dr hab. Jaros\u0142aw Kaczmarek, prof. UEK<\/a><\/h2><\/div><\/div><div class=\"eael-post-list-post \"><div class=\"eael-post-list-thumbnail \"><a href=\"https:\/\/iirc.uek.krakow.pl\/keop\/pracownicy\/dr-hab-janusz-nesterak-prof-uek\/\">\n                            <img decoding=\"async\" src=\"https:\/\/iirc.uek.krakow.pl\/keop\/wp-content\/uploads\/sites\/4\/2023\/02\/Janusz-Nesterak-200x250-1.jpg\" alt=\"\">\n                        <\/a><\/div><div class=\"eael-post-list-content\"><h2 class=\"eael-post-list-title\"><a href=\"https:\/\/iirc.uek.krakow.pl\/keop\/pracownicy\/dr-hab-janusz-nesterak-prof-uek\/\" >Dr hab. Janusz Nesterak, prof. UEK<\/a><\/h2><\/div><\/div><div class=\"eael-post-list-post \"><div class=\"eael-post-list-thumbnail \"><a href=\"https:\/\/iirc.uek.krakow.pl\/keop\/pracownicy\/dr-hab-katarzyna-zmija-prof-uek\/\">\n                            <img decoding=\"async\" src=\"https:\/\/iirc.uek.krakow.pl\/keop\/wp-content\/uploads\/sites\/4\/2023\/02\/Katarzyna-Zmija-200x250-1.jpg\" alt=\"\">\n                        <\/a><\/div><div class=\"eael-post-list-content\"><h2 class=\"eael-post-list-title\"><a href=\"https:\/\/iirc.uek.krakow.pl\/keop\/pracownicy\/dr-hab-katarzyna-zmija-prof-uek\/\" >Dr hab. Katarzyna \u017bmija, Prof. UEK<\/a><\/h2><\/div><\/div><div class=\"eael-post-list-post \"><div class=\"eael-post-list-thumbnail \"><a href=\"https:\/\/iirc.uek.krakow.pl\/keop\/pracownicy\/dr-magdalena-belniak\/\">\n                            <img decoding=\"async\" src=\"https:\/\/iirc.uek.krakow.pl\/keop\/wp-content\/uploads\/sites\/4\/2023\/02\/Magdalena-Belniak-200x250-1.jpg\" alt=\"\">\n                        <\/a><\/div><div class=\"eael-post-list-content\"><h2 class=\"eael-post-list-title\"><a href=\"https:\/\/iirc.uek.krakow.pl\/keop\/pracownicy\/dr-magdalena-belniak\/\" >Dr Magdalena Belniak<\/a><\/h2><\/div><\/div><div class=\"eael-post-list-post \"><div class=\"eael-post-list-thumbnail \"><a href=\"https:\/\/iirc.uek.krakow.pl\/keop\/pracownicy\/dr-marek-dziura\/\">\n                            <img decoding=\"async\" src=\"https:\/\/iirc.uek.krakow.pl\/keop\/wp-content\/uploads\/sites\/4\/2023\/12\/Marek.webp\" alt=\"\">\n                        <\/a><\/div><div class=\"eael-post-list-content\"><h2 class=\"eael-post-list-title\"><a href=\"https:\/\/iirc.uek.krakow.pl\/keop\/pracownicy\/dr-marek-dziura\/\" >Dr Marek Dziura<\/a><\/h2><\/div><\/div><div class=\"eael-post-list-post \"><div class=\"eael-post-list-thumbnail \"><a href=\"https:\/\/iirc.uek.krakow.pl\/keop\/pracownicy\/dr-zofia-grodek-szostak\/\">\n                            <img decoding=\"async\" src=\"https:\/\/iirc.uek.krakow.pl\/keop\/wp-content\/uploads\/sites\/4\/2023\/02\/Zofia-Grodek-200x250-1.png\" alt=\"\">\n                        <\/a><\/div><div class=\"eael-post-list-content\"><h2 class=\"eael-post-list-title\"><a href=\"https:\/\/iirc.uek.krakow.pl\/keop\/pracownicy\/dr-zofia-grodek-szostak\/\" >Dr Zofia Gr\u00f3dek-Szostak<\/a><\/h2><\/div><\/div><div class=\"eael-post-list-post \"><div class=\"eael-post-list-thumbnail \"><a href=\"https:\/\/iirc.uek.krakow.pl\/keop\/pracownicy\/dr-inz-konrad-kolegowicz\/\">\n                            <img decoding=\"async\" src=\"https:\/\/iirc.uek.krakow.pl\/keop\/wp-content\/uploads\/sites\/4\/2023\/02\/Konrad-Kolegowicz-200x250-1.jpg\" alt=\"\">\n                        <\/a><\/div><div class=\"eael-post-list-content\"><h2 class=\"eael-post-list-title\"><a href=\"https:\/\/iirc.uek.krakow.pl\/keop\/pracownicy\/dr-inz-konrad-kolegowicz\/\" >Dr in\u017c. Konrad Kolegowicz<\/a><\/h2><\/div><\/div><div class=\"eael-post-list-post \"><div class=\"eael-post-list-thumbnail \"><a href=\"https:\/\/iirc.uek.krakow.pl\/keop\/pracownicy\/dr-malgorzata-kowalik\/\">\n                            <img decoding=\"async\" src=\"https:\/\/iirc.uek.krakow.pl\/keop\/wp-content\/uploads\/sites\/4\/2023\/02\/zdjecie-3-200x250-1.jpg\" alt=\"\">\n                        <\/a><\/div><div class=\"eael-post-list-content\"><h2 class=\"eael-post-list-title\"><a href=\"https:\/\/iirc.uek.krakow.pl\/keop\/pracownicy\/dr-malgorzata-kowalik\/\" >Dr Ma\u0142gorzata Kowalik<\/a><\/h2><\/div><\/div><div class=\"eael-post-list-post \"><div class=\"eael-post-list-thumbnail \"><a href=\"https:\/\/iirc.uek.krakow.pl\/keop\/pracownicy\/dr-sylwia-kruk\/\">\n                            <img decoding=\"async\" src=\"https:\/\/iirc.uek.krakow.pl\/keop\/wp-content\/uploads\/sites\/4\/2024\/02\/kruk-sylwia.webp\" alt=\"\">\n                        <\/a><\/div><div class=\"eael-post-list-content\"><h2 class=\"eael-post-list-title\"><a href=\"https:\/\/iirc.uek.krakow.pl\/keop\/pracownicy\/dr-sylwia-kruk\/\" >Dr Sylwia Kruk<\/a><\/h2><\/div><\/div><div class=\"eael-post-list-post \"><div class=\"eael-post-list-thumbnail \"><a href=\"https:\/\/iirc.uek.krakow.pl\/keop\/pracownicy\/dr-pawel-krzeminski\/\">\n                            <img decoding=\"async\" src=\"https:\/\/iirc.uek.krakow.pl\/keop\/wp-content\/uploads\/sites\/4\/2023\/02\/Pawel-Krzeminski-200x250-1.jpg\" alt=\"\">\n                        <\/a><\/div><div class=\"eael-post-list-content\"><h2 class=\"eael-post-list-title\"><a href=\"https:\/\/iirc.uek.krakow.pl\/keop\/pracownicy\/dr-pawel-krzeminski\/\" >Dr Pawe\u0142 Krzemi\u0144ski<\/a><\/h2><\/div><\/div><div class=\"eael-post-list-post \"><div class=\"eael-post-list-thumbnail \"><a href=\"https:\/\/iirc.uek.krakow.pl\/keop\/pracownicy\/dr-beata-kulisa\/\">\n                            <img decoding=\"async\" src=\"https:\/\/iirc.uek.krakow.pl\/keop\/wp-content\/uploads\/sites\/4\/2023\/02\/zdjecie-2-200x250-1.jpg\" alt=\"\">\n                        <\/a><\/div><div class=\"eael-post-list-content\"><h2 class=\"eael-post-list-title\"><a href=\"https:\/\/iirc.uek.krakow.pl\/keop\/pracownicy\/dr-beata-kulisa\/\" >Dr Beata Kulisa<\/a><\/h2><\/div><\/div><div class=\"eael-post-list-post \"><div class=\"eael-post-list-thumbnail \"><a href=\"https:\/\/iirc.uek.krakow.pl\/keop\/pracownicy\/dr-pawel-olejnik\/\">\n                            <img decoding=\"async\" src=\"https:\/\/iirc.uek.krakow.pl\/keop\/wp-content\/uploads\/sites\/4\/2023\/12\/Pawel-Olejnik-zdjecie.jpg\" alt=\"\">\n                        <\/a><\/div><div class=\"eael-post-list-content\"><h2 class=\"eael-post-list-title\"><a href=\"https:\/\/iirc.uek.krakow.pl\/keop\/pracownicy\/dr-pawel-olejnik\/\" >Dr Pawe\u0142 Olejnik<\/a><\/h2><\/div><\/div><div class=\"eael-post-list-post \"><div class=\"eael-post-list-thumbnail \"><a href=\"https:\/\/iirc.uek.krakow.pl\/keop\/pracownicy\/dr-tomasz-rojek\/\">\n                            <img decoding=\"async\" src=\"https:\/\/iirc.uek.krakow.pl\/keop\/wp-content\/uploads\/sites\/4\/2023\/02\/Tomasz-Rojek-200x250-1.jpg\" alt=\"\">\n                        <\/a><\/div><div class=\"eael-post-list-content\"><h2 class=\"eael-post-list-title\"><a href=\"https:\/\/iirc.uek.krakow.pl\/keop\/pracownicy\/dr-tomasz-rojek\/\" >Dr Tomasz Rojek<\/a><\/h2><\/div><\/div><div class=\"eael-post-list-post \"><div class=\"eael-post-list-thumbnail \"><a href=\"https:\/\/iirc.uek.krakow.pl\/keop\/pracownicy\/dr-wojciech-szymla\/\">\n                            <img decoding=\"async\" src=\"https:\/\/iirc.uek.krakow.pl\/keop\/wp-content\/uploads\/sites\/4\/2023\/02\/Wojciech-Szymla-200x250-1.jpg\" alt=\"\">\n                        <\/a><\/div><div class=\"eael-post-list-content\"><h2 class=\"eael-post-list-title\"><a href=\"https:\/\/iirc.uek.krakow.pl\/keop\/pracownicy\/dr-wojciech-szymla\/\" >Dr Wojciech Szymla<\/a><\/h2><\/div><\/div><div class=\"eael-post-list-post \"><div class=\"eael-post-list-thumbnail \"><a href=\"https:\/\/iirc.uek.krakow.pl\/keop\/pracownicy\/dr-agnieszka-thier\/\">\n                            <img decoding=\"async\" src=\"https:\/\/iirc.uek.krakow.pl\/keop\/wp-content\/uploads\/sites\/4\/2023\/02\/Agnieszka-Thier-200x250-1.jpg\" alt=\"\">\n                        <\/a><\/div><div class=\"eael-post-list-content\"><h2 class=\"eael-post-list-title\"><a href=\"https:\/\/iirc.uek.krakow.pl\/keop\/pracownicy\/dr-agnieszka-thier\/\" >Dr Agnieszka Thier<\/a><\/h2><\/div><\/div><div class=\"eael-post-list-post \"><div class=\"eael-post-list-thumbnail \"><a href=\"https:\/\/iirc.uek.krakow.pl\/keop\/pracownicy\/mgr-jan-gadula\/\">\n                            <img decoding=\"async\" src=\"https:\/\/iirc.uek.krakow.pl\/keop\/wp-content\/uploads\/sites\/4\/2024\/10\/cropped_image.png\" alt=\"\">\n                        <\/a><\/div><div class=\"eael-post-list-content\"><h2 class=\"eael-post-list-title\"><a href=\"https:\/\/iirc.uek.krakow.pl\/keop\/pracownicy\/mgr-jan-gadula\/\" >Mgr Jan Gadula<\/a><\/h2><\/div><\/div><div class=\"eael-post-list-post \"><div class=\"eael-post-list-thumbnail \"><a href=\"https:\/\/iirc.uek.krakow.pl\/keop\/pracownicy\/mgr-katarzyna-bien\/\">\n                            <img decoding=\"async\" src=\"https:\/\/iirc.uek.krakow.pl\/keop\/wp-content\/uploads\/sites\/4\/2025\/05\/Zdjecie_Kasia_B.jpg\" alt=\"\">\n                        <\/a><\/div><div class=\"eael-post-list-content\"><h2 class=\"eael-post-list-title\"><a href=\"https:\/\/iirc.uek.krakow.pl\/keop\/pracownicy\/mgr-katarzyna-bien\/\" >Mgr Katarzyna Bie\u0144 &#8211; pracownik administracyjny<\/a><\/h2><\/div><\/div><\/div><\/div>\n\t\t<\/div>\t\t\t\t<\/div>\n\t\t\t\t<\/div>\n\t\t\t\t\t<\/div>\n\t\t<\/div>\n\t\t\t\t\t<\/div>\n\t\t<\/section>\n\t\t\t\t<\/div>\n\t\t","protected":false},"excerpt":{"rendered":"<p>KATEDRA &#8230; Kierownik Katedry Dr hab. Barbara Siuta-Tokarska, prof. UEK Mgr Katarzyna Bie\u0144 &#8211; pracownik administracyjny PROF DR HAB. JADWIGA ADAMCZYK Dr hab. Andrzej Jaki, prof. UEK Dr hab. Jaros\u0142aw Kaczmarek, prof. UEK Dr hab. Janusz Nesterak, prof. UEK Dr hab. Katarzyna \u017bmija, Prof. UEK Dr Magdalena Belniak Dr Marek Dziura Dr Zofia Gr\u00f3dek-Szostak Dr in\u017c. Konrad Kolegowicz Dr Ma\u0142gorzata Kowalik Dr Sylwia Kruk Dr Pawe\u0142 Krzemi\u0144ski Dr Beata Kulisa Dr Pawe\u0142 Olejnik Dr Tomasz Rojek Dr Wojciech Szymla Dr Agnieszka Thier Mgr Jan Gadula<\/p>\n","protected":false},"author":1,"featured_media":0,"parent":0,"menu_order":10,"comment_status":"closed","ping_status":"closed","template":"elementor_header_footer","meta":{"footnotes":""},"class_list":["post-174","page","type-page","status-publish","hentry"],"_links":{"self":[{"href":"https:\/\/iirc.uek.krakow.pl\/keop\/wp-json\/wp\/v2\/pages\/174","targetHints":{"allow":["GET"]}}],"collection":[{"href":"https:\/\/iirc.uek.krakow.pl\/keop\/wp-json\/wp\/v2\/pages"}],"about":[{"href":"https:\/\/iirc.uek.krakow.pl\/keop\/wp-json\/wp\/v2\/types\/page"}],"author":[{"embeddable":true,"href":"https:\/\/iirc.uek.krakow.pl\/keop\/wp-json\/wp\/v2\/users\/1"}],"replies":[{"embeddable":true,"href":"https:\/\/iirc.uek.krakow.pl\/keop\/wp-json\/wp\/v2\/comments?post=174"}],"version-history":[{"count":24,"href":"https:\/\/iirc.uek.krakow.pl\/keop\/wp-json\/wp\/v2\/pages\/174\/revisions"}],"predecessor-version":[{"id":3345,"href":"https:\/\/iirc.uek.krakow.pl\/keop\/wp-json\/wp\/v2\/pages\/174\/revisions\/3345"}],"wp:attachment":[{"href":"https:\/\/iirc.uek.krakow.pl\/keop\/wp-json\/wp\/v2\/media?parent=174"}],"curies":[{"name":"wp","href":"https:\/\/api.w.org\/{rel}","templated":true}]}}