{"id":346,"date":"2023-02-20T00:01:15","date_gmt":"2023-02-19T23:01:15","guid":{"rendered":"https:\/\/ie.uek.krakow.pl\/ke\/?page_id=346"},"modified":"2026-02-13T15:13:35","modified_gmt":"2026-02-13T14:13:35","slug":"kola-naukowe","status":"publish","type":"page","link":"https:\/\/iirc.uek.krakow.pl\/keop\/studenci\/kola-naukowe\/","title":{"rendered":"Ko\u0142a naukowe"},"content":{"rendered":"\t\t<div data-elementor-type=\"wp-page\" data-elementor-id=\"346\" class=\"elementor elementor-346\" data-elementor-post-type=\"page\">\n\t\t\t\t\t\t<section data-particle_enable=\"false\" data-particle-mobile-disabled=\"false\" class=\"elementor-section elementor-top-section elementor-element elementor-element-22080c8 elementor-section-boxed elementor-section-height-default elementor-section-height-default\" data-id=\"22080c8\" data-element_type=\"section\" data-settings=\"{&quot;jet_parallax_layout_list&quot;:[]}\">\n\t\t\t\t\t\t<div class=\"elementor-container elementor-column-gap-default\">\n\t\t\t\t\t<div class=\"elementor-column elementor-col-33 elementor-top-column elementor-element elementor-element-c20decf\" data-id=\"c20decf\" data-element_type=\"column\">\n\t\t\t<div class=\"elementor-widget-wrap elementor-element-populated\">\n\t\t\t\t\t\t<div class=\"elementor-element elementor-element-9764738 elementor-widget elementor-widget-image\" data-id=\"9764738\" data-element_type=\"widget\" data-widget_type=\"image.default\">\n\t\t\t\t<div class=\"elementor-widget-container\">\n\t\t\t\t\t\t\t\t\t\t\t\t\t\t\t<img decoding=\"async\" width=\"254\" height=\"190\" src=\"https:\/\/iirc.uek.krakow.pl\/keop\/wp-content\/uploads\/sites\/4\/2026\/02\/Zrzut-ekranu-2026-02-13-o-13.54.28.png\" class=\"attachment-full size-full wp-image-3598\" alt=\"\" \/>\t\t\t\t\t\t\t\t\t\t\t\t\t\t\t<\/div>\n\t\t\t\t<\/div>\n\t\t\t\t\t<\/div>\n\t\t<\/div>\n\t\t\t\t<div class=\"elementor-column elementor-col-66 elementor-top-column elementor-element elementor-element-101f182\" data-id=\"101f182\" data-element_type=\"column\">\n\t\t\t<div class=\"elementor-widget-wrap elementor-element-populated\">\n\t\t\t\t\t\t<div class=\"elementor-element elementor-element-8723dd5 elementor-widget elementor-widget-heading\" data-id=\"8723dd5\" data-element_type=\"widget\" data-widget_type=\"heading.default\">\n\t\t\t\t<div class=\"elementor-widget-container\">\n\t\t\t\t\t<h2 class=\"elementor-heading-title elementor-size-default\">Ko\u0142o Naukowe Controllingu i Finans\u00f3w<\/h2>\t\t\t\t<\/div>\n\t\t\t\t<\/div>\n\t\t\t\t\t<\/div>\n\t\t<\/div>\n\t\t\t\t\t<\/div>\n\t\t<\/section>\n\t\t\t\t<section data-particle_enable=\"false\" data-particle-mobile-disabled=\"false\" class=\"elementor-section elementor-top-section elementor-element elementor-element-cf4d99b elementor-section-boxed elementor-section-height-default elementor-section-height-default\" data-id=\"cf4d99b\" data-element_type=\"section\" data-settings=\"{&quot;jet_parallax_layout_list&quot;:[]}\">\n\t\t\t\t\t\t<div class=\"elementor-container elementor-column-gap-default\">\n\t\t\t\t\t<div class=\"elementor-column elementor-col-100 elementor-top-column elementor-element elementor-element-3e543ff\" data-id=\"3e543ff\" data-element_type=\"column\">\n\t\t\t<div class=\"elementor-widget-wrap elementor-element-populated\">\n\t\t\t\t\t\t<div class=\"elementor-element elementor-element-190c604 elementor-headline--style-highlight elementor-widget elementor-widget-animated-headline\" data-id=\"190c604\" data-element_type=\"widget\" data-settings=\"{&quot;highlighted_text&quot;:&quot;Ko\\u0142a&quot;,&quot;headline_style&quot;:&quot;highlight&quot;,&quot;marker&quot;:&quot;circle&quot;,&quot;loop&quot;:&quot;yes&quot;,&quot;highlight_animation_duration&quot;:1200,&quot;highlight_iteration_delay&quot;:8000}\" data-widget_type=\"animated-headline.default\">\n\t\t\t\t<div class=\"elementor-widget-container\">\n\t\t\t\t\t\t\t<h3 class=\"elementor-headline\">\n\t\t\t\t\t<span class=\"elementor-headline-plain-text elementor-headline-text-wrapper\">Historia<\/span>\n\t\t\t\t<span class=\"elementor-headline-dynamic-wrapper elementor-headline-text-wrapper\">\n\t\t\t\t\t<span class=\"elementor-headline-dynamic-text elementor-headline-text-active\">Ko\u0142a<\/span>\n\t\t\t\t<\/span>\n\t\t\t\t<\/h3>\n\t\t\t\t\t\t<\/div>\n\t\t\t\t<\/div>\n\t\t\t\t<div class=\"elementor-element elementor-element-7c9aa6d elementor-widget elementor-widget-text-editor\" data-id=\"7c9aa6d\" data-element_type=\"widget\" data-widget_type=\"text-editor.default\">\n\t\t\t\t<div class=\"elementor-widget-container\">\n\t\t\t\t\t\t\t\t\t<p class=\"p1\">Ko\u0142o rozpocz\u0119\u0142o swoj\u0105 dzia\u0142alno\u015b\u0107 w 2006 roku. Powstanie ko\u0142a zwi\u0105zane by\u0142o z rozpocz\u0119ciem dzia\u0142ania nowej specjalno\u015bci: \u201eControlling i zarz\u0105dzanie finansami przedsi\u0119biorstw\u201d na kierunku \u201eZarz\u0105dzanie\u201d, kt\u00f3ra to specjalno\u015b\u0107 i jej powodzenie w\u015br\u00f3d student\u00f3w sta\u0142a si\u0119 podstaw\u0105 dla utworzenia wsp\u00f3lnie ze specjalno\u015bci\u0105 \u201eRachunkowo\u015b\u0107\u201d obecnego kierunku \u201eRachunkowo\u015b\u0107 i Controlling\u201d. Pomys\u0142odawc\u0105 powstania ko\u0142a oraz osob\u0105 pe\u0142ni\u0105c\u0105 od pocz\u0105tku funkcj\u0119 jego opiekuna z ramienia Katedry Ekonomiki i Organizacji Przedsi\u0119biorstw by\u0142 dr Piotr Litwa. Pomys\u0142 powstania Ko\u0142a Naukowego Controllingu i Finans\u00f3w spotka\u0142 si\u0119 z du\u017cym zainteresowaniem i uznaniem w\u015br\u00f3d student\u00f3w, co prze\u0142o\u017cy\u0142o si\u0119 na du\u017c\u0105 liczb\u0119 cz\u0142onk\u00f3w ko\u0142a.&nbsp;<span style=\"font-family: var( --e-global-typography-text-font-family ), Sans-serif;letter-spacing: 0px\">Obecnie opiekunami Ko\u0142a s\u0105 dr Wojciech Szymla oraz mgr Jan Gadula.<\/span><\/p>\t\t\t\t\t\t\t\t<\/div>\n\t\t\t\t<\/div>\n\t\t\t\t<div class=\"elementor-element elementor-element-19d9a68 elementor-headline--style-highlight elementor-widget elementor-widget-animated-headline\" data-id=\"19d9a68\" data-element_type=\"widget\" data-settings=\"{&quot;highlighted_text&quot;:&quot;Misja&quot;,&quot;headline_style&quot;:&quot;highlight&quot;,&quot;marker&quot;:&quot;circle&quot;,&quot;loop&quot;:&quot;yes&quot;,&quot;highlight_animation_duration&quot;:1200,&quot;highlight_iteration_delay&quot;:8000}\" data-widget_type=\"animated-headline.default\">\n\t\t\t\t<div class=\"elementor-widget-container\">\n\t\t\t\t\t\t\t<h3 class=\"elementor-headline\">\n\t\t\t\t<span class=\"elementor-headline-dynamic-wrapper elementor-headline-text-wrapper\">\n\t\t\t\t\t<span class=\"elementor-headline-dynamic-text elementor-headline-text-active\">Misja<\/span>\n\t\t\t\t<\/span>\n\t\t\t\t<\/h3>\n\t\t\t\t\t\t<\/div>\n\t\t\t\t<\/div>\n\t\t\t\t<section data-particle_enable=\"false\" data-particle-mobile-disabled=\"false\" class=\"elementor-section elementor-inner-section elementor-element elementor-element-a6e8547 elementor-section-boxed elementor-section-height-default elementor-section-height-default\" data-id=\"a6e8547\" data-element_type=\"section\" data-settings=\"{&quot;jet_parallax_layout_list&quot;:[]}\">\n\t\t\t\t\t\t<div class=\"elementor-container elementor-column-gap-default\">\n\t\t\t\t\t<div class=\"elementor-column elementor-col-50 elementor-inner-column elementor-element elementor-element-5efa5df\" data-id=\"5efa5df\" data-element_type=\"column\">\n\t\t\t<div class=\"elementor-widget-wrap elementor-element-populated\">\n\t\t\t\t\t\t<div class=\"elementor-element elementor-element-dddf512 elementor-widget__width-initial elementor-widget-tablet_extra__width-initial elementor-widget elementor-widget-text-editor\" data-id=\"dddf512\" data-element_type=\"widget\" data-widget_type=\"text-editor.default\">\n\t\t\t\t<div class=\"elementor-widget-container\">\n\t\t\t\t\t\t\t\t\t<p>Jeste\u015bmy zespo\u0142em student\u00f3w, kt\u00f3rych \u0142\u0105czy zainteresowanie controllingiem i finansami oraz ch\u0119\u0107 ci\u0105g\u0142ego rozwoju w tych obszarach. Naszym celem jest aktywne poszerzanie wiedzy teoretycznej i praktycznych umiej\u0119tno\u015bci, kt\u00f3re przygotuj\u0105 nas do przysz\u0142ej kariery zawodowej. Dzia\u0142alno\u015b\u0107 w organizacji daje nam przestrze\u0144 do realizowania w\u0142asnych pomys\u0142\u00f3w, rozwijania kompetencji organizacyjnych oraz zdobywania cennych do\u015bwiadcze\u0144 poprzez udzia\u0142 w projektach, wydarzeniach i inicjatywach naukowych. Wierzymy, \u017ce wsp\u00f3\u0142praca, zaanga\u017cowanie i wymiana wiedzy pozwalaj\u0105 osi\u0105ga\u0107 ambitne cele oraz budowa\u0107 warto\u015bciowe relacje.<\/p>\t\t\t\t\t\t\t\t<\/div>\n\t\t\t\t<\/div>\n\t\t\t\t\t<\/div>\n\t\t<\/div>\n\t\t\t\t<div class=\"elementor-column elementor-col-50 elementor-inner-column elementor-element elementor-element-77cf205\" data-id=\"77cf205\" data-element_type=\"column\">\n\t\t\t<div class=\"elementor-widget-wrap elementor-element-populated\">\n\t\t\t\t\t\t<div class=\"elementor-element elementor-element-05d1d63 elementor-widget-tablet_extra__width-initial elementor-widget elementor-widget-image\" data-id=\"05d1d63\" data-element_type=\"widget\" data-widget_type=\"image.default\">\n\t\t\t\t<div class=\"elementor-widget-container\">\n\t\t\t\t\t\t\t\t\t\t\t\t\t\t\t<img fetchpriority=\"high\" decoding=\"async\" width=\"768\" height=\"432\" src=\"https:\/\/iirc.uek.krakow.pl\/keop\/wp-content\/uploads\/sites\/4\/2026\/02\/7-768x432.jpg\" class=\"attachment-medium_large size-medium_large wp-image-3599\" alt=\"\" srcset=\"https:\/\/iirc.uek.krakow.pl\/keop\/wp-content\/uploads\/sites\/4\/2026\/02\/7-768x432.jpg 768w, https:\/\/iirc.uek.krakow.pl\/keop\/wp-content\/uploads\/sites\/4\/2026\/02\/7-300x169.jpg 300w, https:\/\/iirc.uek.krakow.pl\/keop\/wp-content\/uploads\/sites\/4\/2026\/02\/7-1024x576.jpg 1024w, https:\/\/iirc.uek.krakow.pl\/keop\/wp-content\/uploads\/sites\/4\/2026\/02\/7-1536x864.jpg 1536w, https:\/\/iirc.uek.krakow.pl\/keop\/wp-content\/uploads\/sites\/4\/2026\/02\/7-1140x641.jpg 1140w, https:\/\/iirc.uek.krakow.pl\/keop\/wp-content\/uploads\/sites\/4\/2026\/02\/7.jpg 1920w\" sizes=\"(max-width: 768px) 100vw, 768px\" \/>\t\t\t\t\t\t\t\t\t\t\t\t\t\t\t<\/div>\n\t\t\t\t<\/div>\n\t\t\t\t\t<\/div>\n\t\t<\/div>\n\t\t\t\t\t<\/div>\n\t\t<\/section>\n\t\t\t\t\t<\/div>\n\t\t<\/div>\n\t\t\t\t\t<\/div>\n\t\t<\/section>\n\t\t\t\t<section data-particle_enable=\"false\" data-particle-mobile-disabled=\"false\" class=\"elementor-section elementor-top-section elementor-element elementor-element-18985d7 elementor-section-boxed elementor-section-height-default elementor-section-height-default\" data-id=\"18985d7\" data-element_type=\"section\" data-settings=\"{&quot;jet_parallax_layout_list&quot;:[]}\">\n\t\t\t\t\t\t<div class=\"elementor-container elementor-column-gap-default\">\n\t\t\t\t\t<div class=\"elementor-column elementor-col-100 elementor-top-column elementor-element elementor-element-5e13cee\" data-id=\"5e13cee\" data-element_type=\"column\">\n\t\t\t<div class=\"elementor-widget-wrap elementor-element-populated\">\n\t\t\t\t\t\t<div class=\"elementor-element elementor-element-d8c6ec8 elementor-headline--style-highlight elementor-widget elementor-widget-animated-headline\" data-id=\"d8c6ec8\" data-element_type=\"widget\" data-settings=\"{&quot;highlighted_text&quot;:&quot;Cele&quot;,&quot;headline_style&quot;:&quot;highlight&quot;,&quot;marker&quot;:&quot;circle&quot;,&quot;loop&quot;:&quot;yes&quot;,&quot;highlight_animation_duration&quot;:1200,&quot;highlight_iteration_delay&quot;:8000}\" data-widget_type=\"animated-headline.default\">\n\t\t\t\t<div class=\"elementor-widget-container\">\n\t\t\t\t\t\t\t<h3 class=\"elementor-headline\">\n\t\t\t\t<span class=\"elementor-headline-dynamic-wrapper elementor-headline-text-wrapper\">\n\t\t\t\t\t<span class=\"elementor-headline-dynamic-text elementor-headline-text-active\">Cele<\/span>\n\t\t\t\t<\/span>\n\t\t\t\t<\/h3>\n\t\t\t\t\t\t<\/div>\n\t\t\t\t<\/div>\n\t\t\t\t\t<\/div>\n\t\t<\/div>\n\t\t\t\t\t<\/div>\n\t\t<\/section>\n\t\t\t\t<section data-particle_enable=\"false\" data-particle-mobile-disabled=\"false\" class=\"elementor-section elementor-top-section elementor-element elementor-element-66eff50 elementor-section-boxed elementor-section-height-default elementor-section-height-default\" data-id=\"66eff50\" data-element_type=\"section\" data-settings=\"{&quot;jet_parallax_layout_list&quot;:[]}\">\n\t\t\t\t\t\t<div class=\"elementor-container elementor-column-gap-default\">\n\t\t\t\t\t<div class=\"elementor-column elementor-col-100 elementor-top-column elementor-element elementor-element-e23592d\" data-id=\"e23592d\" data-element_type=\"column\">\n\t\t\t<div class=\"elementor-widget-wrap elementor-element-populated\">\n\t\t\t\t\t\t<section data-particle_enable=\"false\" data-particle-mobile-disabled=\"false\" class=\"elementor-section elementor-inner-section elementor-element elementor-element-fc95910 elementor-section-boxed elementor-section-height-default elementor-section-height-default\" data-id=\"fc95910\" data-element_type=\"section\" data-settings=\"{&quot;jet_parallax_layout_list&quot;:[]}\">\n\t\t\t\t\t\t<div class=\"elementor-container elementor-column-gap-default\">\n\t\t\t\t\t<div class=\"elementor-column elementor-col-50 elementor-inner-column elementor-element elementor-element-71ae3a0\" data-id=\"71ae3a0\" data-element_type=\"column\">\n\t\t\t<div class=\"elementor-widget-wrap elementor-element-populated\">\n\t\t\t\t\t\t<div class=\"elementor-element elementor-element-f57ad66 elementor-widget__width-initial elementor-widget-tablet_extra__width-initial elementor-widget elementor-widget-text-editor\" data-id=\"f57ad66\" data-element_type=\"widget\" data-widget_type=\"text-editor.default\">\n\t\t\t\t<div class=\"elementor-widget-container\">\n\t\t\t\t\t\t\t\t\t<ul><li>rozwijanie i kszta\u0142towanie \u017cycia naukowegow\u015br\u00f3d student\u00f3w,<\/li><li class=\"p1\">organizowanie spotka\u0144 naukowych, dyskusji, seminari\u00f3w, warsztat\u00f3w, praktyk i konferencji, w tym konferencji wyjazdowych,<\/li><li class=\"p1\">promowanie Uniwersytetu Ekonomicznego w Krakowie oraz jego inicjatyw naukowych i dydaktycznych,<\/li><li class=\"p1\">umo\u017cliwienie studentom zdobywania i poszerzania wiedzy oraz umiej\u0119tno\u015bci z zakresu controllingu i finans\u00f3w,<\/li><li class=\"p1\">rozwijanie wsp\u00f3\u0142pracy z ko\u0142ami naukowymi z innych uczelni oraz organizacjami o podobnym profilu,<\/li><li class=\"p1\">nawi\u0105zywanie kontakt\u00f3w z praktyk\u0105 gospodarcz\u0105 i przedstawicielami biznesu,<\/li><li class=\"p1\">integrowanie \u015brodowiska studenckiego oraz budowanie przestrzeni do wymiany do\u015bwiadcze\u0144 i pomys\u0142\u00f3w.<\/li><\/ul>\t\t\t\t\t\t\t\t<\/div>\n\t\t\t\t<\/div>\n\t\t\t\t\t<\/div>\n\t\t<\/div>\n\t\t\t\t<div class=\"elementor-column elementor-col-50 elementor-inner-column elementor-element elementor-element-4436227\" data-id=\"4436227\" data-element_type=\"column\">\n\t\t\t<div class=\"elementor-widget-wrap elementor-element-populated\">\n\t\t\t\t\t\t<div class=\"elementor-element elementor-element-8191768 elementor-widget-tablet_extra__width-initial elementor-widget elementor-widget-image\" data-id=\"8191768\" data-element_type=\"widget\" data-widget_type=\"image.default\">\n\t\t\t\t<div class=\"elementor-widget-container\">\n\t\t\t\t\t\t\t\t\t\t\t\t\t\t\t<img decoding=\"async\" width=\"768\" height=\"432\" src=\"https:\/\/iirc.uek.krakow.pl\/keop\/wp-content\/uploads\/sites\/4\/2026\/02\/8-768x432.jpg\" class=\"attachment-medium_large size-medium_large wp-image-3600\" alt=\"\" srcset=\"https:\/\/iirc.uek.krakow.pl\/keop\/wp-content\/uploads\/sites\/4\/2026\/02\/8-768x432.jpg 768w, https:\/\/iirc.uek.krakow.pl\/keop\/wp-content\/uploads\/sites\/4\/2026\/02\/8-300x169.jpg 300w, https:\/\/iirc.uek.krakow.pl\/keop\/wp-content\/uploads\/sites\/4\/2026\/02\/8-1024x576.jpg 1024w, https:\/\/iirc.uek.krakow.pl\/keop\/wp-content\/uploads\/sites\/4\/2026\/02\/8-1536x864.jpg 1536w, https:\/\/iirc.uek.krakow.pl\/keop\/wp-content\/uploads\/sites\/4\/2026\/02\/8-1140x641.jpg 1140w, https:\/\/iirc.uek.krakow.pl\/keop\/wp-content\/uploads\/sites\/4\/2026\/02\/8.jpg 1920w\" sizes=\"(max-width: 768px) 100vw, 768px\" \/>\t\t\t\t\t\t\t\t\t\t\t\t\t\t\t<\/div>\n\t\t\t\t<\/div>\n\t\t\t\t\t<\/div>\n\t\t<\/div>\n\t\t\t\t\t<\/div>\n\t\t<\/section>\n\t\t\t\t<div class=\"elementor-element elementor-element-43da2a9 elementor-widget elementor-widget-spacer\" data-id=\"43da2a9\" data-element_type=\"widget\" data-widget_type=\"spacer.default\">\n\t\t\t\t<div class=\"elementor-widget-container\">\n\t\t\t\t\t\t\t<div class=\"elementor-spacer\">\n\t\t\t<div class=\"elementor-spacer-inner\"><\/div>\n\t\t<\/div>\n\t\t\t\t\t\t<\/div>\n\t\t\t\t<\/div>\n\t\t\t\t<div class=\"elementor-element elementor-element-356e706 elementor-widget elementor-widget-heading\" data-id=\"356e706\" data-element_type=\"widget\" data-widget_type=\"heading.default\">\n\t\t\t\t<div class=\"elementor-widget-container\">\n\t\t\t\t\t<h2 class=\"elementor-heading-title elementor-size-default\">Kliknij w poni\u017csze ikony, aby odwiedzi\u0107 profile spo\u0142eczno\u015bciowe KNCiF<\/h2>\t\t\t\t<\/div>\n\t\t\t\t<\/div>\n\t\t\t\t<div class=\"elementor-element elementor-element-d0c2bd6 elementor-shape-rounded elementor-grid-0 e-grid-align-center elementor-widget elementor-widget-social-icons\" data-id=\"d0c2bd6\" data-element_type=\"widget\" data-widget_type=\"social-icons.default\">\n\t\t\t\t<div class=\"elementor-widget-container\">\n\t\t\t\t\t\t\t<div class=\"elementor-social-icons-wrapper elementor-grid\" role=\"list\">\n\t\t\t\t\t\t\t<span class=\"elementor-grid-item\" role=\"listitem\">\n\t\t\t\t\t<a class=\"elementor-icon elementor-social-icon elementor-social-icon-facebook elementor-repeater-item-c6a379f\" href=\"https:\/\/www.facebook.com\/KNCiF\" target=\"_blank\">\n\t\t\t\t\t\t<span class=\"elementor-screen-only\">Facebook<\/span>\n\t\t\t\t\t\t<i aria-hidden=\"true\" class=\"fab fa-facebook\"><\/i>\t\t\t\t\t<\/a>\n\t\t\t\t<\/span>\n\t\t\t\t\t\t\t<span class=\"elementor-grid-item\" role=\"listitem\">\n\t\t\t\t\t<a class=\"elementor-icon elementor-social-icon elementor-social-icon-instagram elementor-repeater-item-65bff25\" href=\"https:\/\/www.instagram.com\/kncif_uek\" target=\"_blank\">\n\t\t\t\t\t\t<span class=\"elementor-screen-only\">Instagram<\/span>\n\t\t\t\t\t\t<i aria-hidden=\"true\" class=\"fab fa-instagram\"><\/i>\t\t\t\t\t<\/a>\n\t\t\t\t<\/span>\n\t\t\t\t\t\t\t<span class=\"elementor-grid-item\" role=\"listitem\">\n\t\t\t\t\t<a class=\"elementor-icon elementor-social-icon elementor-social-icon-linkedin elementor-repeater-item-41e7f50\" href=\"https:\/\/www.linkedin.com\/company\/11570559\/admin\/\" target=\"_blank\">\n\t\t\t\t\t\t<span class=\"elementor-screen-only\">Linkedin<\/span>\n\t\t\t\t\t\t<i aria-hidden=\"true\" class=\"fab fa-linkedin\"><\/i>\t\t\t\t\t<\/a>\n\t\t\t\t<\/span>\n\t\t\t\t\t<\/div>\n\t\t\t\t\t\t<\/div>\n\t\t\t\t<\/div>\n\t\t\t\t\t<\/div>\n\t\t<\/div>\n\t\t\t\t\t<\/div>\n\t\t<\/section>\n\t\t\t\t<\/div>\n\t\t","protected":false},"excerpt":{"rendered":"<p>Ko\u0142o Naukowe Controllingu i Finans\u00f3w Historia Ko\u0142a Ko\u0142o rozpocz\u0119\u0142o swoj\u0105 dzia\u0142alno\u015b\u0107 w 2006 roku. Powstanie ko\u0142a zwi\u0105zane by\u0142o z rozpocz\u0119ciem dzia\u0142ania nowej specjalno\u015bci: \u201eControlling i zarz\u0105dzanie finansami przedsi\u0119biorstw\u201d na kierunku \u201eZarz\u0105dzanie\u201d, kt\u00f3ra to specjalno\u015b\u0107 i jej powodzenie w\u015br\u00f3d student\u00f3w sta\u0142a si\u0119 podstaw\u0105 dla utworzenia wsp\u00f3lnie ze specjalno\u015bci\u0105 \u201eRachunkowo\u015b\u0107\u201d obecnego kierunku \u201eRachunkowo\u015b\u0107 i Controlling\u201d. Pomys\u0142odawc\u0105 powstania ko\u0142a oraz osob\u0105 pe\u0142ni\u0105c\u0105 od pocz\u0105tku funkcj\u0119 jego opiekuna z ramienia Katedry Ekonomiki i Organizacji Przedsi\u0119biorstw by\u0142 dr Piotr Litwa. Pomys\u0142 powstania Ko\u0142a Naukowego Controllingu i Finans\u00f3w spotka\u0142 si\u0119 z du\u017cym zainteresowaniem i uznaniem w\u015br\u00f3d student\u00f3w, co prze\u0142o\u017cy\u0142o si\u0119 na du\u017c\u0105 liczb\u0119 cz\u0142onk\u00f3w ko\u0142a.&nbsp;Obecnie opiekunami Ko\u0142a s\u0105 dr Wojciech Szymla oraz mgr Jan Gadula. Misja Jeste\u015bmy zespo\u0142em student\u00f3w, kt\u00f3rych \u0142\u0105czy zainteresowanie controllingiem i finansami oraz ch\u0119\u0107 ci\u0105g\u0142ego rozwoju w tych obszarach. Naszym celem jest aktywne poszerzanie wiedzy teoretycznej i praktycznych umiej\u0119tno\u015bci, kt\u00f3re przygotuj\u0105 nas do przysz\u0142ej kariery zawodowej. Dzia\u0142alno\u015b\u0107 w organizacji daje nam przestrze\u0144 do realizowania w\u0142asnych pomys\u0142\u00f3w, rozwijania kompetencji organizacyjnych oraz zdobywania cennych do\u015bwiadcze\u0144 poprzez udzia\u0142 w projektach, wydarzeniach i inicjatywach naukowych. Wierzymy, \u017ce wsp\u00f3\u0142praca, zaanga\u017cowanie i wymiana wiedzy pozwalaj\u0105 osi\u0105ga\u0107 ambitne cele oraz budowa\u0107 warto\u015bciowe relacje. Cele rozwijanie i kszta\u0142towanie \u017cycia naukowegow\u015br\u00f3d student\u00f3w, organizowanie spotka\u0144 naukowych, dyskusji, seminari\u00f3w, warsztat\u00f3w, praktyk i konferencji, w tym konferencji wyjazdowych, promowanie Uniwersytetu Ekonomicznego w Krakowie oraz jego inicjatyw naukowych i dydaktycznych, umo\u017cliwienie studentom zdobywania i poszerzania wiedzy oraz umiej\u0119tno\u015bci z zakresu controllingu i finans\u00f3w, rozwijanie wsp\u00f3\u0142pracy z ko\u0142ami naukowymi z innych uczelni oraz organizacjami o podobnym profilu, nawi\u0105zywanie kontakt\u00f3w z praktyk\u0105 gospodarcz\u0105 i przedstawicielami biznesu, integrowanie \u015brodowiska studenckiego oraz budowanie przestrzeni do wymiany do\u015bwiadcze\u0144 i pomys\u0142\u00f3w. Kliknij w poni\u017csze ikony, aby odwiedzi\u0107 profile spo\u0142eczno\u015bciowe KNCiF Facebook Instagram Linkedin<\/p>\n","protected":false},"author":1,"featured_media":0,"parent":336,"menu_order":0,"comment_status":"closed","ping_status":"closed","template":"elementor_header_footer","meta":{"footnotes":""},"class_list":["post-346","page","type-page","status-publish","hentry"],"_links":{"self":[{"href":"https:\/\/iirc.uek.krakow.pl\/keop\/wp-json\/wp\/v2\/pages\/346","targetHints":{"allow":["GET"]}}],"collection":[{"href":"https:\/\/iirc.uek.krakow.pl\/keop\/wp-json\/wp\/v2\/pages"}],"about":[{"href":"https:\/\/iirc.uek.krakow.pl\/keop\/wp-json\/wp\/v2\/types\/page"}],"author":[{"embeddable":true,"href":"https:\/\/iirc.uek.krakow.pl\/keop\/wp-json\/wp\/v2\/users\/1"}],"replies":[{"embeddable":true,"href":"https:\/\/iirc.uek.krakow.pl\/keop\/wp-json\/wp\/v2\/comments?post=346"}],"version-history":[{"count":33,"href":"https:\/\/iirc.uek.krakow.pl\/keop\/wp-json\/wp\/v2\/pages\/346\/revisions"}],"predecessor-version":[{"id":3634,"href":"https:\/\/iirc.uek.krakow.pl\/keop\/wp-json\/wp\/v2\/pages\/346\/revisions\/3634"}],"up":[{"embeddable":true,"href":"https:\/\/iirc.uek.krakow.pl\/keop\/wp-json\/wp\/v2\/pages\/336"}],"wp:attachment":[{"href":"https:\/\/iirc.uek.krakow.pl\/keop\/wp-json\/wp\/v2\/media?parent=346"}],"curies":[{"name":"wp","href":"https:\/\/api.w.org\/{rel}","templated":true}]}}