{"id":88,"date":"2023-02-19T00:19:19","date_gmt":"2023-02-18T23:19:19","guid":{"rendered":"https:\/\/ie.uek.krakow.pl\/ke\/?page_id=88"},"modified":"2025-11-17T11:50:47","modified_gmt":"2025-11-17T10:50:47","slug":"o-katedrze","status":"publish","type":"page","link":"https:\/\/iirc.uek.krakow.pl\/keop\/o-katedrze\/","title":{"rendered":"Historia Katedry"},"content":{"rendered":"\t\t<div data-elementor-type=\"wp-page\" data-elementor-id=\"88\" class=\"elementor elementor-88\" data-elementor-post-type=\"page\">\n\t\t\t\t\t\t<section data-particle_enable=\"false\" data-particle-mobile-disabled=\"false\" class=\"elementor-section elementor-top-section elementor-element elementor-element-4ca67fb elementor-section-boxed elementor-section-height-default elementor-section-height-default\" data-id=\"4ca67fb\" data-element_type=\"section\" data-settings=\"{&quot;jet_parallax_layout_list&quot;:[]}\">\n\t\t\t\t\t\t<div class=\"elementor-container elementor-column-gap-default\">\n\t\t\t\t\t<div class=\"elementor-column elementor-col-100 elementor-top-column elementor-element elementor-element-22e0d310\" data-id=\"22e0d310\" data-element_type=\"column\">\n\t\t\t<div class=\"elementor-widget-wrap elementor-element-populated\">\n\t\t\t\t\t\t<div class=\"elementor-element elementor-element-7c047738 elementor-widget elementor-widget-jet-headline\" data-id=\"7c047738\" data-element_type=\"widget\" data-widget_type=\"jet-headline.default\">\n\t\t\t\t<div class=\"elementor-widget-container\">\n\t\t\t\t\t<h2 class=\"jet-headline jet-headline--direction-horizontal\"><span class=\"jet-headline__part jet-headline__first\"><span class=\"jet-headline__label\">Katedra Ekonomiki i Organizacji przedsi\u0119biorstw<\/span><\/span><span class=\"jet-headline__space\">&nbsp;<\/span><\/h2>\t\t\t\t<\/div>\n\t\t\t\t<\/div>\n\t\t\t\t<div class=\"elementor-element elementor-element-27706e0c elementor-widget-divider--view-line elementor-invisible elementor-widget elementor-widget-divider\" data-id=\"27706e0c\" data-element_type=\"widget\" data-settings=\"{&quot;_animation&quot;:&quot;fadeInLeft&quot;}\" data-widget_type=\"divider.default\">\n\t\t\t\t<div class=\"elementor-widget-container\">\n\t\t\t\t\t\t\t<div class=\"elementor-divider\">\n\t\t\t<span class=\"elementor-divider-separator\">\n\t\t\t\t\t\t<\/span>\n\t\t<\/div>\n\t\t\t\t\t\t<\/div>\n\t\t\t\t<\/div>\n\t\t\t\t<div class=\"elementor-element elementor-element-8272a1e elementor-widget elementor-widget-text-editor\" data-id=\"8272a1e\" data-element_type=\"widget\" data-widget_type=\"text-editor.default\">\n\t\t\t\t<div class=\"elementor-widget-container\">\n\t\t\t\t\t\t\t\t\t<blockquote><h5>Katedra Ekonomiki i Organizacji Przedsi\u0119biorstw jest kontynuatork\u0105 tradycji ekonomiki i zarz\u0105dzania przedsi\u0119biorstwem zapocz\u0105tkowanej jeszcze w okresie mi\u0119dzywojennym w \u00f3wczesnym Wy\u017cszym Studium Handlowym przez Profesora Stanis\u0142awa Bie\u0144kowskiego wybitnego tw\u00f3rc\u0119 polskiej my\u015bli organizatorskiej i jej propagatora w praktyce gospodarczej.<\/h5><\/blockquote><p>W okresie powojennym kontynuatorkami Jego tw\u00f3rczej dzia\u0142alno\u015bci w zakresie ekonomiki i zarz\u0105dzania przedsi\u0119biorstwem by\u0142y kolejno: Katedra Ekonomiki Przemys\u0142u, Katedra Ekonomiki Przedsi\u0119biorstwa Przemys\u0142owego, Zak\u0142ad Ekonomiki i Organizacji Przedsi\u0119biorstwa Przemys\u0142owego Instytutu Ekonomiki Przemys\u0142u, Samodzielny Zak\u0142ad Ekonomiki i Organizacji Przedsi\u0119biorstw oraz dzisiejsza Katedra Ekonomiki i Organizacji Przedsi\u0119biorstw.<\/p>\t\t\t\t\t\t\t\t<\/div>\n\t\t\t\t<\/div>\n\t\t\t\t<div class=\"elementor-element elementor-element-1cd1249 elementor-align-center elementor-widget__width-auto elementor-widget elementor-widget-button\" data-id=\"1cd1249\" data-element_type=\"widget\" data-widget_type=\"button.default\">\n\t\t\t\t<div class=\"elementor-widget-container\">\n\t\t\t\t\t\t\t\t\t<div class=\"elementor-button-wrapper\">\n\t\t\t\t\t<a class=\"elementor-button elementor-button-link elementor-size-sm\" href=\"https:\/\/iirc.uek.krakow.pl\/keop\/wp-content\/uploads\/sites\/4\/2025\/11\/Ksiega-pamiatkowa-ostateczne.pdf\">\n\t\t\t\t\t\t<span class=\"elementor-button-content-wrapper\">\n\t\t\t\t\t\t\t\t\t<span class=\"elementor-button-text\">Zapoznaj si\u0119 z ksi\u0119g\u0105 pami\u0105tkow\u0105 Katedry Ekonomiki i Organizacji Przedsi\u0119biorstw<\/span>\n\t\t\t\t\t<\/span>\n\t\t\t\t\t<\/a>\n\t\t\t\t<\/div>\n\t\t\t\t\t\t\t\t<\/div>\n\t\t\t\t<\/div>\n\t\t\t\t<div class=\"elementor-element elementor-element-64fa2182 elementor-widget-tablet_extra__width-initial elementor-widget elementor-widget-text-editor\" data-id=\"64fa2182\" data-element_type=\"widget\" data-widget_type=\"text-editor.default\">\n\t\t\t\t<div class=\"elementor-widget-container\">\n\t\t\t\t\t\t\t\t\t<p>\u00a0<\/p><p>Rozw\u00f3j Katedry Ekonomiki i Organizacji Przedsi\u0119biorstw w uj\u0119ciu historycznym prezentuje poni\u017csze kalendarium:<\/p><p><strong>1937 rok<\/strong>\u00a0\u2013 \u00a0utworzenie Katedry Organizacji i Zarz\u0105du Przedsi\u0119biorstw Przemys\u0142owych.<\/p><p><u>Kierownik Katedry<\/u>: prof. dr hab. in\u017c. Stanis\u0142aw Bie\u0144kowski \u2013 1937-1945<\/p><p><strong>1945 rok<\/strong>\u00a0\u2013\u00a0 przemianowanie Katedry na Katedr\u0119 Organizacji Przedsi\u0119biorstw.<\/p><p><u>Kierownicy Katedry<\/u>:<\/p><p>prof. dr hab. in\u017c. Stanis\u0142aw Bie\u0144kowski \u2013 1945-1950,<\/p><p>zast. prof. dr Edward Rose \u2013 1950-1951<\/p><p><strong>1951 rok<\/strong>\u00a0\u2013\u00a0 przemianowanie Katedry na Katedr\u0119 Ekonomiki Przemys\u0142u.<\/p><p><u>Kierownicy Katedry:<\/u>\u00a0<\/p><p>zast. prof. dr Edward Rose \u2013 1951,<\/p><p>doc. mgr in\u017c. Ludwik Mayre \u2013 1952-1958<\/p><p><strong>1958 rok<\/strong>\u00a0\u2013\u00a0 przemianowanie Katedry na Katedr\u0119 Ekonomiki Przedsi\u0119biorstwa Przemys\u0142owego.<\/p><p><u>Kierownik Katedry:<\/u>\u00a0prof. mgr in\u017c. Ludwik Mayre \u2013 1958-1969<\/p><p><strong>1969 rok<\/strong>\u00a0\u2013\u00a0 przemianowanie Katedry na Zak\u0142ad Ekonomiki i Organizacji Przedsi\u0119biorstwa Przemys\u0142owego oraz w\u0142\u0105czenie w struktur\u0119 Instytutu Ekonomiki Przemys\u0142u.<\/p><p><u>Kierownicy Zak\u0142adu:<\/u>\u00a0<\/p><p>prof. mgr in\u017c. Ludwik Mayre \u2013 1969,<\/p><p>doc. dr Kazimierz Janik \u2013 1969-1988,<\/p><p>prof. dr hab. Bronis\u0142aw Byrski \u2013 1988-1990,<\/p><p>dr hab. Ryszard Borowiecki \u2013 1990-1992<\/p><p><strong>1992 rok<\/strong>\u00a0\u2013\u00a0 przemianowanie Zak\u0142adu na Samodzielny Zak\u0142ad Ekonomiki i Organizacji Przedsi\u0119biorstw.<\/p><p><u>Kierownik Samodzielnego Zak\u0142adu<\/u>: dr hab. Ryszard Borowiecki \u2013 1992-1993<\/p><p><strong>1994 rok<\/strong>\u00a0\u2013 przemianowanie Samodzielnego Zak\u0142adu na Katedr\u0119 Ekonomiki i Organizacji Przedsi\u0119biorstw.<\/p><p><u>Kierownicy Katedry<\/u>:<\/p><p>prof. dr hab. Ryszard Borowiecki \u2013 1994-2013,<\/p><p>dr hab. Andrzej Jaki, prof. UEK \u2013 2014-2024,<\/p><p>dr hab. Barbara Siuta-Tokarska, prof. UEK \u2013 od 2024 roku<\/p><p><strong>Obecnie w Katedrze zatrudnionych jest 19 pracownik\u00f3w naukowo-dydaktycznych, w tym:<\/strong><\/p><div class=\"s9\"><span class=\"s8\">\u25aa <\/span>1 profesor tytularny,<\/div><div class=\"s9\"><span class=\"s8\">\u25aa <\/span>5 doktor\u00f3w habilitowanych \u2013 profesor\u00f3w UEK,<\/div><div class=\"s9\"><span class=\"s8\">\u25aa <\/span>12 doktor\u00f3w,<\/div><div class=\"s9\"><span class=\"s8\">\u25aa <\/span>1 magister.<\/div><p>Obszary badawcze i dydaktyczne oraz zainteresowania naukowe pracownik\u00f3w Katedry odnosz\u0105 si\u0119 do szerokiego spektrum zagadnie\u0144 wpisuj\u0105cych si\u0119 w problematyk\u0119 ekonomiki, zarz\u0105dzania, restrukturyzacji, finans\u00f3w oraz controllingu przedsi\u0119biorstw. Sytuuj\u0105 si\u0119 one zatem w obr\u0119bie nast\u0119puj\u0105cych obszar\u00f3w tematycznych:<\/p><ol><li><strong>Zarz\u0105dzanie przedsi\u0119biorstwem<\/strong>, ze szczeg\u00f3lnym uwzgl\u0119dnieniem takich zagadnie\u0144 cz\u0105stkowych, jak: zarz\u0105dzanie efektywno\u015bci\u0105 proces\u00f3w gospodarczych, zarz\u0105dzanie rozwojem przedsi\u0119biorstwa, koncepcja zr\u00f3wnowa\u017conego rozwoju, koncepcja spo\u0142ecznej odpowiedzialno\u015bci przedsi\u0119biorstwa, ekozarz\u0105dzanie, performance management, strategie konkurencyjno\u015bci przedsi\u0119biorstw, zarz\u0105dzanie w warunkach globalizacji, zarz\u0105dzanie innowacjami i wdro\u017ceniami technologii, zarz\u0105dzanie zasobami i kosztami pracy.<\/li><li><strong>Zarz\u0105dzanie small businessem<\/strong>, za szczeg\u00f3lnym uwzgl\u0119dnieniem takiej problematyki, jak: determinanty funkcjonowania i rozwoju przedsi\u0119biorstw sektora M\u015aP, diagnozowanie potencja\u0142u innowacyjnego przedsi\u0119biorstw z sektora M\u015aP, Instytucje Otoczenia Biznesu i ich rola we wspieraniu rozwoju innowacyjno\u015bci sektora M\u015aP, internacjonalizacja przedsi\u0119biorstw i przedsi\u0119biorczo\u015b\u0107 mi\u0119dzynarodowa, funkcjonowanie i rozw\u00f3j mikro, ma\u0142ych i\u00a0\u015brednich przedsi\u0119biorstw na obszarach wiejskich, mechanizmy i instrumenty wspierania rozwoju przedsi\u0119biorczo\u015bci na obszarach wiejskich.<\/li><li><strong>Zarz\u0105dzanie restrukturyzacj\u0105 proces\u00f3w gospodarczych<\/strong>, w tym takie zagadnienia cz\u0105stkowe, jak: procesy restrukturyzacji przedsi\u0119biorstw i gospodarek, restrukturyzacja transformacyjna, restrukturyzacja rozwojowa, prowarto\u015bciowa restrukturyzacja, procesy przekszta\u0142ce\u0144 strukturalno-w\u0142asno\u015bciowych w gospodarce, sektorowe programy i strategie restrukturyzacji, procesy cyfryzacji gospodarki.<\/li><li><strong>Zarz\u0105dzanie finansami przedsi\u0119biorstw<\/strong>, w tym takie zagadnienia cz\u0105stkowe, jak: analiza finansowa, uwarunkowania finansowania przedsi\u0119biorstw, kszta\u0142towanie struktury kapita\u0142owej przedsi\u0119biorstw, polityka finansowa przedsi\u0119biorstw, zarz\u0105dzanie kapita\u0142em obrotowym, efektywno\u015b\u0107 i finansowanie rozwoju przedsi\u0119biorstw, monitorowanie oraz identyfikacja obszar\u00f3w i stan\u00f3w zagro\u017cenia kontynuacji dzia\u0142alno\u015bci przedsi\u0119biorstw, zarz\u0105dzanie warto\u015bci\u0105 przedsi\u0119biorstwa, wycena przedsi\u0119biorstwa.<\/li><li><strong>Controlling w zarz\u0105dzaniu przedsi\u0119biorstwem<\/strong>, w tym: controlling strategiczny, controlling operacyjny, controlling funkcyjny (finansowy, produkcji, logistyki, personalny, projekt\u00f3w i inwestycji, eko-controlling), controlling warto\u015bci, zastosowanie narz\u0119dzi informatycznych w controllingu.<\/li><\/ol>\t\t\t\t\t\t\t\t<\/div>\n\t\t\t\t<\/div>\n\t\t\t\t<div class=\"elementor-element elementor-element-7c7342c elementor-widget elementor-widget-image\" data-id=\"7c7342c\" data-element_type=\"widget\" data-widget_type=\"image.default\">\n\t\t\t\t<div class=\"elementor-widget-container\">\n\t\t\t\t\t\t\t\t\t\t\t\t\t\t\t<img decoding=\"async\" src=\"https:\/\/ie.uek.krakow.pl\/ke\/wp-content\/uploads\/sites\/3\/2023\/02\/placeholder-1.png\" title=\"\" alt=\"\" loading=\"lazy\" \/>\t\t\t\t\t\t\t\t\t\t\t\t\t\t\t<\/div>\n\t\t\t\t<\/div>\n\t\t\t\t\t<\/div>\n\t\t<\/div>\n\t\t\t\t\t<\/div>\n\t\t<\/section>\n\t\t\t\t<\/div>\n\t\t","protected":false},"excerpt":{"rendered":"<p>Katedra Ekonomiki i Organizacji przedsi\u0119biorstw&nbsp; Katedra Ekonomiki i Organizacji Przedsi\u0119biorstw jest kontynuatork\u0105 tradycji ekonomiki i zarz\u0105dzania przedsi\u0119biorstwem zapocz\u0105tkowanej jeszcze w okresie mi\u0119dzywojennym w \u00f3wczesnym Wy\u017cszym Studium Handlowym przez Profesora Stanis\u0142awa Bie\u0144kowskiego wybitnego tw\u00f3rc\u0119 polskiej my\u015bli organizatorskiej i jej propagatora w praktyce gospodarczej. W okresie powojennym kontynuatorkami Jego tw\u00f3rczej dzia\u0142alno\u015bci w zakresie ekonomiki i zarz\u0105dzania przedsi\u0119biorstwem by\u0142y kolejno: Katedra Ekonomiki Przemys\u0142u, Katedra Ekonomiki Przedsi\u0119biorstwa Przemys\u0142owego, Zak\u0142ad Ekonomiki i Organizacji Przedsi\u0119biorstwa Przemys\u0142owego Instytutu Ekonomiki Przemys\u0142u, Samodzielny Zak\u0142ad Ekonomiki i Organizacji Przedsi\u0119biorstw oraz dzisiejsza Katedra Ekonomiki i Organizacji Przedsi\u0119biorstw. Zapoznaj si\u0119 z ksi\u0119g\u0105 pami\u0105tkow\u0105 Katedry Ekonomiki i Organizacji Przedsi\u0119biorstw \u00a0 Rozw\u00f3j Katedry Ekonomiki i Organizacji Przedsi\u0119biorstw w uj\u0119ciu historycznym prezentuje poni\u017csze kalendarium: 1937 rok\u00a0\u2013 \u00a0utworzenie Katedry Organizacji i Zarz\u0105du Przedsi\u0119biorstw Przemys\u0142owych. Kierownik Katedry: prof. dr hab. in\u017c. Stanis\u0142aw Bie\u0144kowski \u2013 1937-1945 1945 rok\u00a0\u2013\u00a0 przemianowanie Katedry na Katedr\u0119 Organizacji Przedsi\u0119biorstw. Kierownicy Katedry: prof. dr hab. in\u017c. Stanis\u0142aw Bie\u0144kowski \u2013 1945-1950, zast. prof. dr Edward Rose \u2013 1950-1951 1951 rok\u00a0\u2013\u00a0 przemianowanie Katedry na Katedr\u0119 Ekonomiki Przemys\u0142u. Kierownicy Katedry:\u00a0 zast. prof. dr Edward Rose \u2013 1951, doc. mgr in\u017c. Ludwik Mayre \u2013 1952-1958 1958 rok\u00a0\u2013\u00a0 przemianowanie Katedry na Katedr\u0119 Ekonomiki Przedsi\u0119biorstwa Przemys\u0142owego. Kierownik Katedry:\u00a0prof. mgr in\u017c. Ludwik Mayre \u2013 1958-1969 1969 rok\u00a0\u2013\u00a0 przemianowanie Katedry na Zak\u0142ad Ekonomiki i Organizacji Przedsi\u0119biorstwa Przemys\u0142owego oraz w\u0142\u0105czenie w struktur\u0119 Instytutu Ekonomiki Przemys\u0142u. Kierownicy Zak\u0142adu:\u00a0 prof. mgr in\u017c. Ludwik Mayre \u2013 1969, doc. dr Kazimierz Janik \u2013 1969-1988, prof. dr hab. Bronis\u0142aw Byrski \u2013 1988-1990, dr hab. Ryszard Borowiecki \u2013 1990-1992 1992 rok\u00a0\u2013\u00a0 przemianowanie Zak\u0142adu na Samodzielny Zak\u0142ad Ekonomiki i Organizacji Przedsi\u0119biorstw. Kierownik Samodzielnego Zak\u0142adu: dr hab. Ryszard Borowiecki \u2013 1992-1993 1994 rok\u00a0\u2013 przemianowanie Samodzielnego Zak\u0142adu na Katedr\u0119 Ekonomiki i Organizacji Przedsi\u0119biorstw. Kierownicy Katedry: prof. dr hab. Ryszard Borowiecki \u2013 1994-2013, dr hab. Andrzej Jaki, prof. UEK \u2013 2014-2024, dr hab. Barbara Siuta-Tokarska, prof. UEK \u2013 od 2024 roku Obecnie w Katedrze zatrudnionych jest 19 pracownik\u00f3w naukowo-dydaktycznych, w tym: \u25aa 1 profesor tytularny,\u25aa 5 doktor\u00f3w habilitowanych \u2013 profesor\u00f3w UEK,\u25aa 12 doktor\u00f3w,\u25aa 1 magister. Obszary badawcze i dydaktyczne oraz zainteresowania naukowe pracownik\u00f3w Katedry odnosz\u0105 si\u0119 do szerokiego spektrum zagadnie\u0144 wpisuj\u0105cych si\u0119 w problematyk\u0119 ekonomiki, zarz\u0105dzania, restrukturyzacji, finans\u00f3w oraz controllingu przedsi\u0119biorstw. Sytuuj\u0105 si\u0119 one zatem w obr\u0119bie nast\u0119puj\u0105cych obszar\u00f3w tematycznych: Zarz\u0105dzanie przedsi\u0119biorstwem, ze szczeg\u00f3lnym uwzgl\u0119dnieniem takich zagadnie\u0144 cz\u0105stkowych, jak: zarz\u0105dzanie efektywno\u015bci\u0105 proces\u00f3w gospodarczych, zarz\u0105dzanie rozwojem przedsi\u0119biorstwa, koncepcja zr\u00f3wnowa\u017conego rozwoju, koncepcja spo\u0142ecznej odpowiedzialno\u015bci przedsi\u0119biorstwa, ekozarz\u0105dzanie, performance management, strategie konkurencyjno\u015bci przedsi\u0119biorstw, zarz\u0105dzanie w warunkach globalizacji, zarz\u0105dzanie innowacjami i wdro\u017ceniami technologii, zarz\u0105dzanie zasobami i kosztami pracy. Zarz\u0105dzanie small businessem, za szczeg\u00f3lnym uwzgl\u0119dnieniem takiej problematyki, jak: determinanty funkcjonowania i rozwoju przedsi\u0119biorstw sektora M\u015aP, diagnozowanie potencja\u0142u innowacyjnego przedsi\u0119biorstw z sektora M\u015aP, Instytucje Otoczenia Biznesu i ich rola we wspieraniu rozwoju innowacyjno\u015bci sektora M\u015aP, internacjonalizacja przedsi\u0119biorstw i przedsi\u0119biorczo\u015b\u0107 mi\u0119dzynarodowa, funkcjonowanie i rozw\u00f3j mikro, ma\u0142ych i\u00a0\u015brednich przedsi\u0119biorstw na obszarach wiejskich, mechanizmy i instrumenty wspierania rozwoju przedsi\u0119biorczo\u015bci na obszarach wiejskich. Zarz\u0105dzanie restrukturyzacj\u0105 proces\u00f3w gospodarczych, w tym takie zagadnienia cz\u0105stkowe, jak: procesy restrukturyzacji przedsi\u0119biorstw i gospodarek, restrukturyzacja transformacyjna, restrukturyzacja rozwojowa, prowarto\u015bciowa restrukturyzacja, procesy przekszta\u0142ce\u0144 strukturalno-w\u0142asno\u015bciowych w gospodarce, sektorowe programy i strategie restrukturyzacji, procesy cyfryzacji gospodarki. Zarz\u0105dzanie finansami przedsi\u0119biorstw, w tym takie zagadnienia cz\u0105stkowe, jak: analiza finansowa, uwarunkowania finansowania przedsi\u0119biorstw, kszta\u0142towanie struktury kapita\u0142owej przedsi\u0119biorstw, polityka finansowa przedsi\u0119biorstw, zarz\u0105dzanie kapita\u0142em obrotowym, efektywno\u015b\u0107 i finansowanie rozwoju przedsi\u0119biorstw, monitorowanie oraz identyfikacja obszar\u00f3w i stan\u00f3w zagro\u017cenia kontynuacji dzia\u0142alno\u015bci przedsi\u0119biorstw, zarz\u0105dzanie warto\u015bci\u0105 przedsi\u0119biorstwa, wycena przedsi\u0119biorstwa. Controlling w zarz\u0105dzaniu przedsi\u0119biorstwem, w tym: controlling strategiczny, controlling operacyjny, controlling funkcyjny (finansowy, produkcji, logistyki, personalny, projekt\u00f3w i inwestycji, eko-controlling), controlling warto\u015bci, zastosowanie narz\u0119dzi informatycznych w controllingu.<\/p>\n","protected":false},"author":1,"featured_media":0,"parent":0,"menu_order":0,"comment_status":"closed","ping_status":"closed","template":"elementor_header_footer","meta":{"footnotes":""},"class_list":["post-88","page","type-page","status-publish","hentry"],"_links":{"self":[{"href":"https:\/\/iirc.uek.krakow.pl\/keop\/wp-json\/wp\/v2\/pages\/88","targetHints":{"allow":["GET"]}}],"collection":[{"href":"https:\/\/iirc.uek.krakow.pl\/keop\/wp-json\/wp\/v2\/pages"}],"about":[{"href":"https:\/\/iirc.uek.krakow.pl\/keop\/wp-json\/wp\/v2\/types\/page"}],"author":[{"embeddable":true,"href":"https:\/\/iirc.uek.krakow.pl\/keop\/wp-json\/wp\/v2\/users\/1"}],"replies":[{"embeddable":true,"href":"https:\/\/iirc.uek.krakow.pl\/keop\/wp-json\/wp\/v2\/comments?post=88"}],"version-history":[{"count":37,"href":"https:\/\/iirc.uek.krakow.pl\/keop\/wp-json\/wp\/v2\/pages\/88\/revisions"}],"predecessor-version":[{"id":3559,"href":"https:\/\/iirc.uek.krakow.pl\/keop\/wp-json\/wp\/v2\/pages\/88\/revisions\/3559"}],"wp:attachment":[{"href":"https:\/\/iirc.uek.krakow.pl\/keop\/wp-json\/wp\/v2\/media?parent=88"}],"curies":[{"name":"wp","href":"https:\/\/api.w.org\/{rel}","templated":true}]}}