{"id":137,"date":"2023-02-19T01:17:02","date_gmt":"2023-02-19T00:17:02","guid":{"rendered":"https:\/\/ie.uek.krakow.pl\/ke\/?page_id=137"},"modified":"2025-06-08T13:47:38","modified_gmt":"2025-06-08T11:47:38","slug":"publikacje","status":"publish","type":"page","link":"https:\/\/iirc.uek.krakow.pl\/ki\/publikacje\/","title":{"rendered":"Publikacje"},"content":{"rendered":"\t\t<div data-elementor-type=\"wp-page\" data-elementor-id=\"137\" class=\"elementor elementor-137\" data-elementor-post-type=\"page\">\n\t\t\t\t\t\t<section data-particle_enable=\"false\" data-particle-mobile-disabled=\"false\" class=\"elementor-section elementor-top-section elementor-element elementor-element-bb40e10 elementor-section-boxed elementor-section-height-default elementor-section-height-default\" data-id=\"bb40e10\" data-element_type=\"section\" data-settings=\"{&quot;jet_parallax_layout_list&quot;:[]}\">\n\t\t\t\t\t\t<div class=\"elementor-container elementor-column-gap-default\">\n\t\t\t\t\t<div class=\"elementor-column elementor-col-100 elementor-top-column elementor-element elementor-element-9efa573\" data-id=\"9efa573\" data-element_type=\"column\">\n\t\t\t<div class=\"elementor-widget-wrap elementor-element-populated\">\n\t\t\t\t\t\t<section data-particle_enable=\"false\" data-particle-mobile-disabled=\"false\" class=\"elementor-section elementor-inner-section elementor-element elementor-element-ec4cd02 elementor-section-boxed elementor-section-height-default elementor-section-height-default\" data-id=\"ec4cd02\" data-element_type=\"section\" data-settings=\"{&quot;jet_parallax_layout_list&quot;:[]}\">\n\t\t\t\t\t\t<div class=\"elementor-container elementor-column-gap-default\">\n\t\t\t\t\t<div class=\"elementor-column elementor-col-50 elementor-inner-column elementor-element elementor-element-affdac9\" data-id=\"affdac9\" data-element_type=\"column\">\n\t\t\t<div class=\"elementor-widget-wrap elementor-element-populated\">\n\t\t\t\t\t\t<div class=\"elementor-element elementor-element-7fd091d elementor-widget elementor-widget-image\" data-id=\"7fd091d\" data-element_type=\"widget\" data-widget_type=\"image.default\">\n\t\t\t\t<div class=\"elementor-widget-container\">\n\t\t\t\t\t\t\t\t\t\t\t\t\t\t\t<img fetchpriority=\"high\" decoding=\"async\" width=\"202\" height=\"300\" src=\"https:\/\/iirc.uek.krakow.pl\/ki\/wp-content\/uploads\/sites\/5\/2023\/07\/9781032332123-202x300.jpg\" class=\"attachment-medium size-medium wp-image-2164\" alt=\"\" srcset=\"https:\/\/iirc.uek.krakow.pl\/ki\/wp-content\/uploads\/sites\/5\/2023\/07\/9781032332123-202x300.jpg 202w, https:\/\/iirc.uek.krakow.pl\/ki\/wp-content\/uploads\/sites\/5\/2023\/07\/9781032332123.jpg 350w\" sizes=\"(max-width: 202px) 100vw, 202px\" \/>\t\t\t\t\t\t\t\t\t\t\t\t\t\t\t<\/div>\n\t\t\t\t<\/div>\n\t\t\t\t\t<\/div>\n\t\t<\/div>\n\t\t\t\t<div class=\"elementor-column elementor-col-50 elementor-inner-column elementor-element elementor-element-c232e9d\" data-id=\"c232e9d\" data-element_type=\"column\">\n\t\t\t<div class=\"elementor-widget-wrap elementor-element-populated\">\n\t\t\t\t\t\t<div class=\"elementor-element elementor-element-87d3562 elementor-widget elementor-widget-text-editor\" data-id=\"87d3562\" data-element_type=\"widget\" data-widget_type=\"text-editor.default\">\n\t\t\t\t<div class=\"elementor-widget-container\">\n\t\t\t\t\t\t\t\t\t<h4>Supporting Higher Education 4.0 with Blockchain<\/h4><h6>Critical Analyses of Automation, Data, Digital Currency, and Other Disruptive Applications<\/h6><p>\u00a0<\/p><p>Monografia pod redakcj\u0105 pracownik\u00f3w Katedry Informatyki, Gra\u017cyny Paliwody-P\u0119kosz i Piotra Soi. Autorami rozdzia\u0142\u00f3w s\u0105 pracownicy Katedry Informatyki (Janusz Stal, Jan Tr\u0105bka), Katedry System\u00f3w Obliczeniowych (Dariusz Dymek, Pawe\u0142 Konkol, Mariusz Grabowski, Dariusz Put), UEK oraz the University of Nicosia, Cyprus (Marinos Themistocleous, Klitos Christodoulou, Elias Iosif).<\/p><p>Do nabycia na stronie <a href=\"https:\/\/www.routledge.com\/Supporting-Higher-Education-40-with-Blockchain-Critical-Analyses-of-Automation\/Paliwoda-Pkosz-Soja\/p\/book\/9781032332123#\">wydawnictwa Routledge<\/a> <\/p><p>Dost\u0119pna tak\u017ce w <a href=\"https:\/\/books.google.pl\/books?hl=en&amp;lr=&amp;id=A2bFEAAAQBAJ&amp;oi=fnd&amp;pg=PA2004&amp;dq=info:Ud9rDaxejpwJ:scholar.google.com&amp;ots=RypBX4XJzl&amp;sig=bHS-3ztGANxu5CPE023g2Xr5xPA&amp;redir_esc=y#v=onepage&amp;q&amp;f=false\">Google Books preview<\/a><\/p>\t\t\t\t\t\t\t\t<\/div>\n\t\t\t\t<\/div>\n\t\t\t\t\t<\/div>\n\t\t<\/div>\n\t\t\t\t\t<\/div>\n\t\t<\/section>\n\t\t\t\t\t<\/div>\n\t\t<\/div>\n\t\t\t\t\t<\/div>\n\t\t<\/section>\n\t\t\t\t<section data-particle_enable=\"false\" data-particle-mobile-disabled=\"false\" class=\"elementor-section elementor-top-section elementor-element elementor-element-7274723 elementor-section-boxed elementor-section-height-default elementor-section-height-default\" data-id=\"7274723\" data-element_type=\"section\" data-settings=\"{&quot;jet_parallax_layout_list&quot;:[]}\">\n\t\t\t\t\t\t<div class=\"elementor-container elementor-column-gap-extended\">\n\t\t\t\t\t<div class=\"elementor-column elementor-col-50 elementor-top-column elementor-element elementor-element-6c47657\" data-id=\"6c47657\" data-element_type=\"column\">\n\t\t\t<div class=\"elementor-widget-wrap elementor-element-populated\">\n\t\t\t\t\t\t<div class=\"elementor-element elementor-element-ffd8b79 elementor-widget elementor-widget-text-editor\" data-id=\"ffd8b79\" data-element_type=\"widget\" data-widget_type=\"text-editor.default\">\n\t\t\t\t<div class=\"elementor-widget-container\">\n\t\t\t\t\t\t\t\t\t<h5>Wybrane najnowsze publikacje i referaty autorstwa pracownik\u00f3w Katedry Informatyki<\/h5>\t\t\t\t\t\t\t\t<\/div>\n\t\t\t\t<\/div>\n\t\t\t\t<div class=\"elementor-element elementor-element-4bd718a elementor-widget elementor-widget-text-editor\" data-id=\"4bd718a\" data-element_type=\"widget\" data-widget_type=\"text-editor.default\">\n\t\t\t\t<div class=\"elementor-widget-container\">\n\t\t\t\t\t\t\t\t\t<ul><li>Grabowski M., Konkol P., Morajda J., Put D., Sagan A.: <em><a href=\"https:\/\/aisel.aisnet.org\/amcis2025\/sig_odis\/sig_odis\/8\">Driving Sales Through Smart Choices: The Role of AI in E-Commerce Product Recommendations.<\/a><\/em> AMCIS 2025, Proceedings.<\/li><li>Dymek D., Grabowski M., B\u00f8e T., Mangaroska K., Paliwoda-P\u0119kosz G.: <em><a href=\"https:\/\/aisel.aisnet.org\/amcis2025\/is_education\/is_education\/17\">Towards a Framework for Systematic Monitoring of Labor Market Needs Concerning ICT Competencies.<\/a><\/em> AMCIS 2025 Proceedings.<\/li><li>Micha\u0144k\u00f3w J., Kwiatkowski \u0141., Morajda J.: <em>Combining Deep Learning and GARCH Models for Financial Volatility and Risk Forecasting.<\/em> In: Harnessing Opportunities: Reshaping ISD in the post-COVID-19 and Generative AI Era. Proceedings of the International Conference on Information Systems Development (ISD2024). Gda\u0144sk: Uniwersytet Gda\u0144ski, 2024.<\/li><li>Pawe\u0142 Lustofin, Micha\u0142 Kuciapski, Piotr SOJA: <a href=\"https:\/\/aisel.aisnet.org\/isd2014\/proceedings2024\/transformation\/14\/\"><em>Exploring Client and Vendor Perspective on Software-as-a-Service Adoption Decision<\/em><\/a>. In: Harnessing Opportunities: Reshaping ISD in the post-COVID-19 and Generative AI Era. Proceedings of the International Conference on Information Systems Development (ISD2024). Gda\u0144sk: Uniwersytet Gda\u0144ski, 2024.<\/li><li>Ella Kolkowska, Ewa SOJA, Piotr SOJA: <a href=\"https:\/\/aisel.aisnet.org\/isd2014\/proceedings2024\/transformation\/9\/\"><em>Determinants of Digital Transformation of Elderly Care: Preliminary Insights from Polish and Swedish Technology Providers<\/em><\/a>. In: Harnessing Opportunities: Reshaping ISD in the post-COVID-19 and Generative AI Era. Proceedings of the International Conference on Information Systems Development (ISD2024). Gda\u0144sk: Uniwersytet Gda\u0144ski, 2024.<\/li><li>Piotr SOJA, Przemys\u0142aw Lech, Bartosz Marcinkowski: <a href=\"https:\/\/aisel.aisnet.org\/amcis2024\/ent_system\/ent_system\/3\/\"><em>Do Blockchain and Enterprise Systems Go Hand in Hand? An Exploratory Study<\/em><\/a>. In: Proceedings of the 30th Americas Conference on Information Systems (AMCIS 2024). Salt Lake City: The Association for Information Systems, 2024.<\/li><li>Gra\u017cyna PALIWODA-P\u0118KOSZ, Piotr SOJA: <em>Blockchain Technology in Education 4.0: an Introduction<\/em>. In: Supporting Higher Education 4.0 with Blockchain: Critical Analyses of Automation, Data, Digital Currency, and Other Disruptive Applications. Ed.: Gra\u017cyna PALIWODA-P\u0118KOSZ, Piotr SOJA. New York; Abingdon: Routledge, 2023.<\/li><li>Ewa SOJA, Piotr SOJA, Ella Kolkowska: <a href=\"https:\/\/aisel.aisnet.org\/amcis2023\/sig_adit\/sig_adit\/28\/\"><em>Investigating the Role of Gender in Active and Healthy Ageing Supported by ICT: Preliminary Insights from Polish and Swedish Older Adults<\/em><\/a>. In: AMCIS 2023 Proceedings. Atlanta: The Association for Information Systems, 2023.<\/li><li>Ella Kolkowska, Ewa SOJA, Piotr SOJA: <a href=\"https:\/\/aisel.aisnet.org\/ecis2023_rip\/52\"><em>Intergenerational Tensions in ICT Adoption for Independent and Healthy Ageing: Preliminary Insights from a Value-Focused Thinking Study in Poland and Sweden<\/em><\/a>. In: Proceedings of the European Conference on Information Systems (ECIS 2023). Atlanta: The Association for Information Systems, 2023.<\/li><li>The 31st International conference on Information Systems Development (<a href=\"https:\/\/isd2023.inesc-id.pt\/\">ISD2023<\/a>), 30.08.2023 \u2013 1.09.2023, Lisbona, Portugalia, uczestnik: Gra\u017cyna Paliwoda-P\u0119kosz, referat: \u201e<em>Reconciling Multiple Stakeholders in University ICT Curricula Development: Preliminary Lessons Learned from Poland and Norway<\/em>\u201e. Wsp\u00f3\u0142autorzy: Piotr Soja, Dariusz Dymek, Marius Rohde Johannessen, Lasse Berntzen, Tove B\u00f8e, Kim Normann Andersen<\/li><li>56th Hawaii International Conference on System Sciences (HICSS 2023), Maui, Hawaii, USA, 3-6.01.2023, uczestnik: Piotr Soja, referat: \u201e<em>Understanding Drivers for Acceptance and Use of Digital Care Services for Seniors: Learning from a Value-Focused Thinking Study in Poland and Sweden<\/em>\u201d<\/li><li>The 30th International Conference on Computers in Education (<a href=\"https:\/\/icce2022.apsce.net\/\">ICCE 2022<\/a>), Kuala Lumpur, Malezja, 28.11.2022 &#8211; 2.12.2022, uczestnik: Gra\u017cyna Paliwoda-P\u0119kosz, referat: &#8222;<i>The Perspectives of Distance Learning in Higher Education: Lessons Learned from the COVID-19 Pandemic<\/i>&#8222;<\/li><li>International Scientific Conference on Social Sciences (ISCSS 2022) \u201cWhen Science Meets Art\u201d, Wiede\u0144, Austria, 6-9.12.2022. Referat: Janusz Morajda \u201c<em>Artificial Intelligence Applications in Visual Art \u2013 Capabilities, Perspectives And Limitations<\/em>\u201d<\/li><li>European Mediterranean &amp; Middle Eastern Conference on Information Systems EMCIS 2022, online, 21-22.12.2022. Referat: Janusz Morajda \u201c<em>The Concept of a New Neural Map for Clustering, Data Visualization and Prediction with Probability Distribution Approximation<\/em>\u201d<\/li><li>28th Americas Conference on Information Systems (AMCIS 2022), Minneapolis, USA, 10-14.08.2022, uczestnik: Piotr Soja, referaty: \u201e<em>Is Blockchain Actually Any\u2026 Good?<\/em>\u201d oraz \u201c<em>Defining Seniors\u2019 Value-based Objectives for ICT-supported Governmental Elderly Care Services: Preliminary Lessons from Poland and Sweden<\/em>\u201d<\/li><\/ul>\t\t\t\t\t\t\t\t<\/div>\n\t\t\t\t<\/div>\n\t\t\t\t\t<\/div>\n\t\t<\/div>\n\t\t\t\t<div class=\"elementor-column elementor-col-50 elementor-top-column elementor-element elementor-element-0d7b631\" data-id=\"0d7b631\" data-element_type=\"column\">\n\t\t\t<div class=\"elementor-widget-wrap elementor-element-populated\">\n\t\t\t\t\t\t<div class=\"elementor-element elementor-element-ad43c6d elementor-widget elementor-widget-text-editor\" data-id=\"ad43c6d\" data-element_type=\"widget\" data-widget_type=\"text-editor.default\">\n\t\t\t\t<div class=\"elementor-widget-container\">\n\t\t\t\t\t\t\t\t\t<h5>Bie\u017c\u0105ce wykazy publikacji w bazach danych UEK<\/h5>\t\t\t\t\t\t\t\t<\/div>\n\t\t\t\t<\/div>\n\t\t\t\t<div class=\"elementor-element elementor-element-06f05a6 elementor-icon-list--layout-traditional elementor-list-item-link-full_width elementor-widget elementor-widget-icon-list\" data-id=\"06f05a6\" data-element_type=\"widget\" data-widget_type=\"icon-list.default\">\n\t\t\t\t<div class=\"elementor-widget-container\">\n\t\t\t\t\t\t\t<ul class=\"elementor-icon-list-items\">\n\t\t\t\t\t\t\t<li class=\"elementor-icon-list-item\">\n\t\t\t\t\t\t\t\t\t\t\t<a href=\"https:\/\/drd.uek.krakow.pl\/employee\/413\">\n\n\t\t\t\t\t\t\t\t\t\t\t\t<span class=\"elementor-icon-list-icon\">\n\t\t\t\t\t\t\t<i aria-hidden=\"true\" class=\"fas fa-user\"><\/i>\t\t\t\t\t\t<\/span>\n\t\t\t\t\t\t\t\t\t\t<span class=\"elementor-icon-list-text\">Janusz Morajda<\/span>\n\t\t\t\t\t\t\t\t\t\t\t<\/a>\n\t\t\t\t\t\t\t\t\t<\/li>\n\t\t\t\t\t\t\t\t<li class=\"elementor-icon-list-item\">\n\t\t\t\t\t\t\t\t\t\t\t<a href=\"https:\/\/drd.uek.krakow.pl\/employee\/455\">\n\n\t\t\t\t\t\t\t\t\t\t\t\t<span class=\"elementor-icon-list-icon\">\n\t\t\t\t\t\t\t<i aria-hidden=\"true\" class=\"fas fa-user\"><\/i>\t\t\t\t\t\t<\/span>\n\t\t\t\t\t\t\t\t\t\t<span class=\"elementor-icon-list-text\">Gra\u017cyna Paliwoda-P\u0119kosz<\/span>\n\t\t\t\t\t\t\t\t\t\t\t<\/a>\n\t\t\t\t\t\t\t\t\t<\/li>\n\t\t\t\t\t\t\t\t<li class=\"elementor-icon-list-item\">\n\t\t\t\t\t\t\t\t\t\t\t<a href=\"https:\/\/drd.uek.krakow.pl\/employee\/565\">\n\n\t\t\t\t\t\t\t\t\t\t\t\t<span class=\"elementor-icon-list-icon\">\n\t\t\t\t\t\t\t<i aria-hidden=\"true\" class=\"fas fa-user\"><\/i>\t\t\t\t\t\t<\/span>\n\t\t\t\t\t\t\t\t\t\t<span class=\"elementor-icon-list-text\">Piotr Soja<\/span>\n\t\t\t\t\t\t\t\t\t\t\t<\/a>\n\t\t\t\t\t\t\t\t\t<\/li>\n\t\t\t\t\t\t\t\t<li class=\"elementor-icon-list-item\">\n\t\t\t\t\t\t\t\t\t\t\t<a href=\"https:\/\/drd.uek.krakow.pl\/employee\/576\">\n\n\t\t\t\t\t\t\t\t\t\t\t\t<span class=\"elementor-icon-list-icon\">\n\t\t\t\t\t\t\t<i aria-hidden=\"true\" class=\"fas fa-user\"><\/i>\t\t\t\t\t\t<\/span>\n\t\t\t\t\t\t\t\t\t\t<span class=\"elementor-icon-list-text\">Janusz Stal<\/span>\n\t\t\t\t\t\t\t\t\t\t\t<\/a>\n\t\t\t\t\t\t\t\t\t<\/li>\n\t\t\t\t\t\t\t\t<li class=\"elementor-icon-list-item\">\n\t\t\t\t\t\t\t\t\t\t\t<a href=\"https:\/\/drd.uek.krakow.pl\/employee\/358\">\n\n\t\t\t\t\t\t\t\t\t\t\t\t<span class=\"elementor-icon-list-icon\">\n\t\t\t\t\t\t\t<i aria-hidden=\"true\" class=\"fas fa-user\"><\/i>\t\t\t\t\t\t<\/span>\n\t\t\t\t\t\t\t\t\t\t<span class=\"elementor-icon-list-text\">Jan Madej<\/span>\n\t\t\t\t\t\t\t\t\t\t\t<\/a>\n\t\t\t\t\t\t\t\t\t<\/li>\n\t\t\t\t\t\t\t\t<li class=\"elementor-icon-list-item\">\n\t\t\t\t\t\t\t\t\t\t\t<a href=\"https:\/\/drd.uek.krakow.pl\/employee\/661\">\n\n\t\t\t\t\t\t\t\t\t\t\t\t<span class=\"elementor-icon-list-icon\">\n\t\t\t\t\t\t\t<i aria-hidden=\"true\" class=\"fas fa-user\"><\/i>\t\t\t\t\t\t<\/span>\n\t\t\t\t\t\t\t\t\t\t<span class=\"elementor-icon-list-text\">Jan Tr\u0105bka<\/span>\n\t\t\t\t\t\t\t\t\t\t\t<\/a>\n\t\t\t\t\t\t\t\t\t<\/li>\n\t\t\t\t\t\t\t\t<li class=\"elementor-icon-list-item\">\n\t\t\t\t\t\t\t\t\t\t\t<a href=\"https:\/\/drd.uek.krakow.pl\/employee\/5681\">\n\n\t\t\t\t\t\t\t\t\t\t\t\t<span class=\"elementor-icon-list-icon\">\n\t\t\t\t\t\t\t<i aria-hidden=\"true\" class=\"fas fa-user\"><\/i>\t\t\t\t\t\t<\/span>\n\t\t\t\t\t\t\t\t\t\t<span class=\"elementor-icon-list-text\">Micha\u0142 Widlak<\/span>\n\t\t\t\t\t\t\t\t\t\t\t<\/a>\n\t\t\t\t\t\t\t\t\t<\/li>\n\t\t\t\t\t\t<\/ul>\n\t\t\t\t\t\t<\/div>\n\t\t\t\t<\/div>\n\t\t\t\t\t<\/div>\n\t\t<\/div>\n\t\t\t\t\t<\/div>\n\t\t<\/section>\n\t\t\t\t<\/div>\n\t\t","protected":false},"excerpt":{"rendered":"<p>Supporting Higher Education 4.0 with Blockchain Critical Analyses of Automation, Data, Digital Currency, and Other Disruptive Applications \u00a0 Monografia pod redakcj\u0105 pracownik\u00f3w Katedry Informatyki, Gra\u017cyny Paliwody-P\u0119kosz i Piotra Soi. Autorami rozdzia\u0142\u00f3w s\u0105 pracownicy Katedry Informatyki (Janusz Stal, Jan Tr\u0105bka), Katedry System\u00f3w Obliczeniowych (Dariusz Dymek, Pawe\u0142 Konkol, Mariusz Grabowski, Dariusz Put), UEK oraz the University of Nicosia, Cyprus (Marinos Themistocleous, Klitos Christodoulou, Elias Iosif). Do nabycia na stronie wydawnictwa Routledge Dost\u0119pna tak\u017ce w Google Books preview Wybrane najnowsze publikacje i referaty autorstwa pracownik\u00f3w Katedry Informatyki Grabowski M., Konkol P., Morajda J., Put D., Sagan A.: Driving Sales Through Smart Choices: The Role of AI in E-Commerce Product Recommendations. AMCIS 2025, Proceedings. Dymek D., Grabowski M., B\u00f8e T., Mangaroska K., Paliwoda-P\u0119kosz G.: Towards a Framework for Systematic Monitoring of Labor Market Needs Concerning ICT Competencies. AMCIS 2025 Proceedings. Micha\u0144k\u00f3w J., Kwiatkowski \u0141., Morajda J.: Combining Deep Learning and GARCH Models for Financial Volatility and Risk Forecasting. In: Harnessing Opportunities: Reshaping ISD in the post-COVID-19 and Generative AI Era. Proceedings of the International Conference on Information Systems Development (ISD2024). Gda\u0144sk: Uniwersytet Gda\u0144ski, 2024. Pawe\u0142 Lustofin, Micha\u0142 Kuciapski, Piotr SOJA: Exploring Client and Vendor Perspective on Software-as-a-Service Adoption Decision. In: Harnessing Opportunities: Reshaping ISD in the post-COVID-19 and Generative AI Era. Proceedings of the International Conference on Information Systems Development (ISD2024). Gda\u0144sk: Uniwersytet Gda\u0144ski, 2024. Ella Kolkowska, Ewa SOJA, Piotr SOJA: Determinants of Digital Transformation of Elderly Care: Preliminary Insights from Polish and Swedish Technology Providers. In: Harnessing Opportunities: Reshaping ISD in the post-COVID-19 and Generative AI Era. Proceedings of the International Conference on Information Systems Development (ISD2024). Gda\u0144sk: Uniwersytet Gda\u0144ski, 2024. Piotr SOJA, Przemys\u0142aw Lech, Bartosz Marcinkowski: Do Blockchain and Enterprise Systems Go Hand in Hand? An Exploratory Study. In: Proceedings of the 30th Americas Conference on Information Systems (AMCIS 2024). Salt Lake City: The Association for Information Systems, 2024. Gra\u017cyna PALIWODA-P\u0118KOSZ, Piotr SOJA: Blockchain Technology in Education 4.0: an Introduction. In: Supporting Higher Education 4.0 with Blockchain: Critical Analyses of Automation, Data, Digital Currency, and Other Disruptive Applications. Ed.: Gra\u017cyna PALIWODA-P\u0118KOSZ, Piotr SOJA. New York; Abingdon: Routledge, 2023. Ewa SOJA, Piotr SOJA, Ella Kolkowska: Investigating the Role of Gender in Active and Healthy Ageing Supported by ICT: Preliminary Insights from Polish and Swedish Older Adults. In: AMCIS 2023 Proceedings. Atlanta: The Association for Information Systems, 2023. Ella Kolkowska, Ewa SOJA, Piotr SOJA: Intergenerational Tensions in ICT Adoption for Independent and Healthy Ageing: Preliminary Insights from a Value-Focused Thinking Study in Poland and Sweden. In: Proceedings of the European Conference on Information Systems (ECIS 2023). Atlanta: The Association for Information Systems, 2023. The 31st International conference on Information Systems Development (ISD2023), 30.08.2023 \u2013 1.09.2023, Lisbona, Portugalia, uczestnik: Gra\u017cyna Paliwoda-P\u0119kosz, referat: \u201eReconciling Multiple Stakeholders in University ICT Curricula Development: Preliminary Lessons Learned from Poland and Norway\u201e. Wsp\u00f3\u0142autorzy: Piotr Soja, Dariusz Dymek, Marius Rohde Johannessen, Lasse Berntzen, Tove B\u00f8e, Kim Normann Andersen 56th Hawaii International Conference on System Sciences (HICSS 2023), Maui, Hawaii, USA, 3-6.01.2023, uczestnik: Piotr Soja, referat: \u201eUnderstanding Drivers for Acceptance and Use of Digital Care Services for Seniors: Learning from a Value-Focused Thinking Study in Poland and Sweden\u201d The 30th International Conference on Computers in Education (ICCE 2022), Kuala Lumpur, Malezja, 28.11.2022 &#8211; 2.12.2022, uczestnik: Gra\u017cyna Paliwoda-P\u0119kosz, referat: &#8222;The Perspectives of Distance Learning in Higher Education: Lessons Learned from the COVID-19 Pandemic&#8222; International Scientific Conference on Social Sciences (ISCSS 2022) \u201cWhen Science Meets Art\u201d, Wiede\u0144, Austria, 6-9.12.2022. Referat: Janusz Morajda \u201cArtificial Intelligence Applications in Visual Art \u2013 Capabilities, Perspectives And Limitations\u201d European Mediterranean &amp; Middle Eastern Conference on Information Systems EMCIS 2022, online, 21-22.12.2022. Referat: Janusz Morajda \u201cThe Concept of a New Neural Map for Clustering, Data Visualization and Prediction with Probability Distribution Approximation\u201d 28th Americas Conference on Information Systems (AMCIS 2022), Minneapolis, USA, 10-14.08.2022, uczestnik: Piotr Soja, referaty: \u201eIs Blockchain Actually Any\u2026 Good?\u201d oraz \u201cDefining Seniors\u2019 Value-based Objectives for ICT-supported Governmental Elderly Care Services: Preliminary Lessons from Poland and Sweden\u201d Bie\u017c\u0105ce wykazy publikacji w bazach danych UEK Janusz Morajda Gra\u017cyna Paliwoda-P\u0119kosz Piotr Soja Janusz Stal Jan Madej Jan Tr\u0105bka Micha\u0142 Widlak<\/p>\n","protected":false},"author":7,"featured_media":0,"parent":0,"menu_order":0,"comment_status":"closed","ping_status":"closed","template":"elementor_header_footer","meta":{"footnotes":""},"class_list":["post-137","page","type-page","status-publish","hentry"],"_links":{"self":[{"href":"https:\/\/iirc.uek.krakow.pl\/ki\/wp-json\/wp\/v2\/pages\/137","targetHints":{"allow":["GET"]}}],"collection":[{"href":"https:\/\/iirc.uek.krakow.pl\/ki\/wp-json\/wp\/v2\/pages"}],"about":[{"href":"https:\/\/iirc.uek.krakow.pl\/ki\/wp-json\/wp\/v2\/types\/page"}],"author":[{"embeddable":true,"href":"https:\/\/iirc.uek.krakow.pl\/ki\/wp-json\/wp\/v2\/users\/7"}],"replies":[{"embeddable":true,"href":"https:\/\/iirc.uek.krakow.pl\/ki\/wp-json\/wp\/v2\/comments?post=137"}],"version-history":[{"count":43,"href":"https:\/\/iirc.uek.krakow.pl\/ki\/wp-json\/wp\/v2\/pages\/137\/revisions"}],"predecessor-version":[{"id":2600,"href":"https:\/\/iirc.uek.krakow.pl\/ki\/wp-json\/wp\/v2\/pages\/137\/revisions\/2600"}],"wp:attachment":[{"href":"https:\/\/iirc.uek.krakow.pl\/ki\/wp-json\/wp\/v2\/media?parent=137"}],"curies":[{"name":"wp","href":"https:\/\/api.w.org\/{rel}","templated":true}]}}