{"id":1934,"date":"2023-04-28T11:48:59","date_gmt":"2023-04-28T09:48:59","guid":{"rendered":"https:\/\/iirc.uek.krakow.pl\/ki\/?page_id=1934"},"modified":"2024-11-06T14:34:37","modified_gmt":"2024-11-06T13:34:37","slug":"employees","status":"publish","type":"page","link":"https:\/\/iirc.uek.krakow.pl\/ki\/en\/employees\/","title":{"rendered":"Employees"},"content":{"rendered":"\t\t<div data-elementor-type=\"wp-page\" data-elementor-id=\"1934\" class=\"elementor elementor-1934\" data-elementor-post-type=\"page\">\n\t\t\t\t\t\t<section data-particle_enable=\"false\" data-particle-mobile-disabled=\"false\" class=\"elementor-section elementor-top-section elementor-element elementor-element-be20bad elementor-section-boxed elementor-section-height-default elementor-section-height-default\" data-id=\"be20bad\" data-element_type=\"section\" data-settings=\"{&quot;jet_parallax_layout_list&quot;:[]}\">\n\t\t\t\t\t\t<div class=\"elementor-container elementor-column-gap-default\">\n\t\t\t\t\t<div class=\"elementor-column elementor-col-100 elementor-top-column elementor-element elementor-element-c099fef\" data-id=\"c099fef\" data-element_type=\"column\">\n\t\t\t<div class=\"elementor-widget-wrap elementor-element-populated\">\n\t\t\t\t\t\t<div class=\"elementor-element elementor-element-923f8d4 elementor-widget elementor-widget-heading\" data-id=\"923f8d4\" data-element_type=\"widget\" id=\"kpii\" data-widget_type=\"heading.default\">\n\t\t\t\t<div class=\"elementor-widget-container\">\n\t\t\t\t\t<h2 class=\"elementor-heading-title elementor-size-default\">Department of InformatICS<\/h2>\t\t\t\t<\/div>\n\t\t\t\t<\/div>\n\t\t\t\t<section data-particle_enable=\"false\" data-particle-mobile-disabled=\"false\" class=\"elementor-section elementor-inner-section elementor-element elementor-element-4f9f836 elementor-section-boxed elementor-section-height-default elementor-section-height-default\" data-id=\"4f9f836\" data-element_type=\"section\" data-settings=\"{&quot;jet_parallax_layout_list&quot;:[],&quot;background_background&quot;:&quot;classic&quot;,&quot;shape_divider_bottom&quot;:&quot;arrow&quot;,&quot;shape_divider_bottom_negative&quot;:&quot;yes&quot;}\">\n\t\t\t\t\t<div class=\"elementor-shape elementor-shape-bottom\" aria-hidden=\"true\" data-negative=\"true\">\n\t\t\t<svg xmlns=\"http:\/\/www.w3.org\/2000\/svg\" viewBox=\"0 0 700 10\" preserveAspectRatio=\"none\">\n\t<path class=\"elementor-shape-fill\" d=\"M360 0L350 9.9 340 0 0 0 0 10 700 10 700 0\"\/>\n<\/svg>\t\t<\/div>\n\t\t\t\t\t<div class=\"elementor-container elementor-column-gap-default\">\n\t\t\t\t\t<div class=\"elementor-column elementor-col-50 elementor-inner-column elementor-element elementor-element-7a9c1ea\" data-id=\"7a9c1ea\" data-element_type=\"column\">\n\t\t\t<div class=\"elementor-widget-wrap elementor-element-populated\">\n\t\t\t\t\t\t<div class=\"elementor-element elementor-element-6239586 elementor-widget elementor-widget-heading\" data-id=\"6239586\" data-element_type=\"widget\" data-widget_type=\"heading.default\">\n\t\t\t\t<div class=\"elementor-widget-container\">\n\t\t\t\t\t<h4 class=\"elementor-heading-title elementor-size-default\">Head of Department<\/h4>\t\t\t\t<\/div>\n\t\t\t\t<\/div>\n\t\t\t\t\t<\/div>\n\t\t<\/div>\n\t\t\t\t<div class=\"elementor-column elementor-col-50 elementor-inner-column elementor-element elementor-element-d1d5d6a\" data-id=\"d1d5d6a\" data-element_type=\"column\">\n\t\t\t<div class=\"elementor-widget-wrap elementor-element-populated\">\n\t\t\t\t\t\t<div class=\"elementor-element elementor-element-a114a1c elementor-widget elementor-widget-eael-post-list\" data-id=\"a114a1c\" data-element_type=\"widget\" data-widget_type=\"eael-post-list.default\">\n\t\t\t\t<div class=\"elementor-widget-container\">\n\t\t\t\t\t<div class=\"eael-post-list-container default layout-default\"><div class=\"eael-post-list-wrap\"><div class=\"eael-post-list-posts-wrap eael-post-appender eael-post-appender-a114a1c\"><div class=\"eael-post-list-post \"><div class=\"eael-post-list-content\"><h2 class=\"eael-post-list-title\"><a href=\"https:\/\/iirc.uek.krakow.pl\/ki\/en\/pracownicy\/janusz-morajda-en\/\" >prof. UEK dr hab. in\u017c. Janusz Morajda<\/a><\/h2><\/div><\/div><\/div><\/div>\n\t\t<\/div>\t\t\t\t<\/div>\n\t\t\t\t<\/div>\n\t\t\t\t\t<\/div>\n\t\t<\/div>\n\t\t\t\t\t<\/div>\n\t\t<\/section>\n\t\t\t\t<div class=\"elementor-element elementor-element-3b905d0 elementor-widget elementor-widget-eael-post-list\" data-id=\"3b905d0\" data-element_type=\"widget\" data-widget_type=\"eael-post-list.default\">\n\t\t\t\t<div class=\"elementor-widget-container\">\n\t\t\t\t\t<div class=\"eael-post-list-container default layout-default\"><div class=\"eael-post-list-wrap\"><div class=\"eael-post-list-posts-wrap eael-post-appender eael-post-appender-3b905d0\"><div class=\"eael-post-list-post \"><div class=\"eael-post-list-content\"><h2 class=\"eael-post-list-title\"><a href=\"https:\/\/iirc.uek.krakow.pl\/ki\/en\/pracownicy\/grazyna-paliwoda-en\/\" >prof. UEK dr hab. Gra\u017cyna Paliwoda-P\u0119kosz<\/a><\/h2><\/div><\/div><div class=\"eael-post-list-post \"><div class=\"eael-post-list-content\"><h2 class=\"eael-post-list-title\"><a href=\"https:\/\/iirc.uek.krakow.pl\/ki\/en\/pracownicy\/piotr-soja-en\/\" >prof. UEK dr hab. Piotr Soja<\/a><\/h2><\/div><\/div><div class=\"eael-post-list-post eael-empty-thumbnail\"><div class=\"eael-post-list-content\"><h2 class=\"eael-post-list-title\"><a href=\"https:\/\/iirc.uek.krakow.pl\/ki\/en\/pracownicy\/janusz-stal-en\/\" >prof. UEK dr hab. Janusz Stal<\/a><\/h2><\/div><\/div><div class=\"eael-post-list-post eael-empty-thumbnail\"><div class=\"eael-post-list-content\"><h2 class=\"eael-post-list-title\"><a href=\"https:\/\/iirc.uek.krakow.pl\/ki\/en\/pracownicy\/wit-urban-en\/\" >prof. UEK dr hab. Wit Urban<\/a><\/h2><\/div><\/div><div class=\"eael-post-list-post eael-empty-thumbnail\"><div class=\"eael-post-list-content\"><h2 class=\"eael-post-list-title\"><a href=\"https:\/\/iirc.uek.krakow.pl\/ki\/en\/pracownicy\/pawel-woloszyn-en\/\" >prof. UEK dr hab. Pawe\u0142 Wo\u0142oszyn<\/a><\/h2><\/div><\/div><div class=\"eael-post-list-post eael-empty-thumbnail\"><div class=\"eael-post-list-content\"><h2 class=\"eael-post-list-title\"><a href=\"https:\/\/iirc.uek.krakow.pl\/ki\/en\/pracownicy\/jan-madej-en\/\" >dr Jan Madej<\/a><\/h2><\/div><\/div><div class=\"eael-post-list-post eael-empty-thumbnail\"><div class=\"eael-post-list-content\"><h2 class=\"eael-post-list-title\"><a href=\"https:\/\/iirc.uek.krakow.pl\/ki\/en\/pracownicy\/jan-trabka-en\/\" >dr Jan Tr\u0105bka<\/a><\/h2><\/div><\/div><div class=\"eael-post-list-post \"><div class=\"eael-post-list-content\"><h2 class=\"eael-post-list-title\"><a href=\"https:\/\/iirc.uek.krakow.pl\/ki\/en\/pracownicy\/michal-widlak-en\/\" >dr Micha\u0142 Widlak<\/a><\/h2><\/div><\/div><div class=\"eael-post-list-post eael-empty-thumbnail\"><div class=\"eael-post-list-content\"><h2 class=\"eael-post-list-title\"><a href=\"https:\/\/iirc.uek.krakow.pl\/ki\/en\/pracownicy\/artur-zuwala-en\/\" >dr Artur \u017buwa\u0142a<\/a><\/h2><\/div><\/div><div class=\"eael-post-list-post eael-empty-thumbnail\"><div class=\"eael-post-list-content\"><h2 class=\"eael-post-list-title\"><a href=\"https:\/\/iirc.uek.krakow.pl\/ki\/en\/pracownicy\/przemyslaw-plys-en\/\" >mgr Przemys\u0142aw P\u0142y\u015b<\/a><\/h2><\/div><\/div><\/div><\/div>\n\t\t<\/div>\t\t\t\t<\/div>\n\t\t\t\t<\/div>\n\t\t\t\t\t<\/div>\n\t\t<\/div>\n\t\t\t\t\t<\/div>\n\t\t<\/section>\n\t\t\t\t<\/div>\n\t\t","protected":false},"excerpt":{"rendered":"<p>Department of InformatICS Head of Department prof. UEK dr hab. in\u017c. Janusz Morajda prof. UEK dr hab. Gra\u017cyna Paliwoda-P\u0119kosz prof. UEK dr hab. Janusz Stal<\/p>\n","protected":false},"author":1,"featured_media":0,"parent":0,"menu_order":0,"comment_status":"closed","ping_status":"closed","template":"elementor_header_footer","meta":{"footnotes":""},"class_list":["post-1934","page","type-page","status-publish","hentry"],"_links":{"self":[{"href":"https:\/\/iirc.uek.krakow.pl\/ki\/wp-json\/wp\/v2\/pages\/1934","targetHints":{"allow":["GET"]}}],"collection":[{"href":"https:\/\/iirc.uek.krakow.pl\/ki\/wp-json\/wp\/v2\/pages"}],"about":[{"href":"https:\/\/iirc.uek.krakow.pl\/ki\/wp-json\/wp\/v2\/types\/page"}],"author":[{"embeddable":true,"href":"https:\/\/iirc.uek.krakow.pl\/ki\/wp-json\/wp\/v2\/users\/1"}],"replies":[{"embeddable":true,"href":"https:\/\/iirc.uek.krakow.pl\/ki\/wp-json\/wp\/v2\/comments?post=1934"}],"version-history":[{"count":10,"href":"https:\/\/iirc.uek.krakow.pl\/ki\/wp-json\/wp\/v2\/pages\/1934\/revisions"}],"predecessor-version":[{"id":2373,"href":"https:\/\/iirc.uek.krakow.pl\/ki\/wp-json\/wp\/v2\/pages\/1934\/revisions\/2373"}],"wp:attachment":[{"href":"https:\/\/iirc.uek.krakow.pl\/ki\/wp-json\/wp\/v2\/media?parent=1934"}],"curies":[{"name":"wp","href":"https:\/\/api.w.org\/{rel}","templated":true}]}}