{"id":100,"date":"2023-02-19T00:28:28","date_gmt":"2023-02-18T23:28:28","guid":{"rendered":"https:\/\/ie.uek.krakow.pl\/ke\/?page_id=100"},"modified":"2023-08-06T16:35:12","modified_gmt":"2023-08-06T14:35:12","slug":"aktualnosci","status":"publish","type":"page","link":"https:\/\/iirc.uek.krakow.pl\/kr\/aktualnosci\/","title":{"rendered":"Aktualno\u015bci"},"content":{"rendered":"\t\t<div data-elementor-type=\"wp-page\" data-elementor-id=\"100\" class=\"elementor elementor-100\" data-elementor-post-type=\"page\">\n\t\t\t\t\t\t<section data-particle_enable=\"false\" data-particle-mobile-disabled=\"false\" class=\"elementor-section elementor-top-section elementor-element elementor-element-b1422da elementor-section-boxed elementor-section-height-default elementor-section-height-default\" data-id=\"b1422da\" data-element_type=\"section\" data-settings=\"{&quot;jet_parallax_layout_list&quot;:[]}\">\n\t\t\t\t\t\t<div class=\"elementor-container elementor-column-gap-default\">\n\t\t\t\t\t<div class=\"elementor-column elementor-col-100 elementor-top-column elementor-element elementor-element-40ed5763\" data-id=\"40ed5763\" data-element_type=\"column\">\n\t\t\t<div class=\"elementor-widget-wrap elementor-element-populated\">\n\t\t\t\t\t\t<div class=\"elementor-element elementor-element-15bbf765 elementor-grid-tablet_extra-eael-col-4 elementor-grid-eael-col-1 elementor-grid-tablet-eael-col-2 elementor-grid-mobile-eael-col-1 elementor-widget elementor-widget-eael-post-grid\" data-id=\"15bbf765\" data-element_type=\"widget\" data-settings=\"{&quot;eael_post_grid_columns_tablet_extra&quot;:&quot;eael-col-4&quot;,&quot;eael_post_grid_columns&quot;:&quot;eael-col-1&quot;,&quot;eael_post_grid_columns_tablet&quot;:&quot;eael-col-2&quot;,&quot;eael_post_grid_columns_mobile&quot;:&quot;eael-col-1&quot;}\" data-widget_type=\"eael-post-grid.default\">\n\t\t\t\t<div class=\"elementor-widget-container\">\n\t\t\t\t\t<div id=\"eael-post-grid-15bbf765\" class=\"eael-post-grid-container\">\n            <div class=\"eael-post-grid eael-post-appender eael-post-appender-15bbf765 eael-post-grid-style-two\" data-layout-mode=\"grid\"><article class=\"eael-grid-post eael-post-grid-column\" data-id=\"2475\">\n    <div class=\"eael-grid-post-holder\">\n        <div class=\"eael-grid-post-holder-inner\"><div class=\"eael-entry-wrapper\"><header class=\"eael-entry-header\"><h2 class=\"eael-entry-title\"><a class=\"eael-grid-post-link\" href=\"https:\/\/iirc.uek.krakow.pl\/kr\/blog\/2026\/02\/25\/dr-joanna-toborek-mazur-pelnomocnikiem-katedry-ds-osob-ze-szczegolnymi-potrzebami\/\" title=\"Pe\u0142nomocnik ds. os\u00f3b ze szczeg\u00f3lnymi potrzebami\">Pe\u0142nomocnik ds. os\u00f3b ze szczeg\u00f3lnymi potrzebami<\/a><\/h2><\/header><div class=\"eael-entry-header-after style-two\"><div class=\"eael-entry-meta\"><span class=\"eael-posted-on eael-meta-posted-on\"><i class=\"far fa-clock\"><\/i><time datetime=\"2026-02-25\">2026-02-25<\/time><\/span><\/div><\/div><div class=\"eael-entry-content\">\n                                <div class=\"eael-grid-post-excerpt\"><p>Z wielk\u0105 przyjemno\u015bci\u0105 informujemy, \u017ce z dniem 16.02.2026, Pani dr Joanna Toborek-Mazur zosta\u0142a powo\u0142ana na Pe\u0142nomocnika ds. os\u00f3b ze szczeg\u00f3lnymi potrzebami w Katedrze Rachunkowo\u015bci. Zakres obowi\u0105zk\u00f3w Pe\u0142nomocnika obejmuje zadania uj\u0119te w rozdziale 2 Regulaminu Certyfikacji &#8222;Uczelnia Przyjazna&#8221; w szczeg\u00f3lno\u015bci bie\u017c\u0105c\u0105 wsp\u00f3\u0142prac\u0119 z osobami ze szczeg\u00f3lnymi potrzebami, w tym z niepe\u0142nosprawno\u015bciami,...<\/p><a href=\"https:\/\/iirc.uek.krakow.pl\/kr\/blog\/2026\/02\/25\/dr-joanna-toborek-mazur-pelnomocnikiem-katedry-ds-osob-ze-szczegolnymi-potrzebami\/\" class=\"eael-post-elements-readmore-btn\">Czytaj wi\u0119cej  \u2013&gt;<\/a><\/div>\n                            <\/div><\/div><\/div>\n    <\/div>\n<\/article><article class=\"eael-grid-post eael-post-grid-column\" data-id=\"2452\">\n    <div class=\"eael-grid-post-holder\">\n        <div class=\"eael-grid-post-holder-inner\"><div class=\"eael-entry-wrapper\"><header class=\"eael-entry-header\"><h2 class=\"eael-entry-title\"><a class=\"eael-grid-post-link\" href=\"https:\/\/iirc.uek.krakow.pl\/kr\/blog\/2025\/10\/11\/seminarium-jubileuszowe\/\" title=\"Seminarium jubileuszowe &#8211; 100 lat Uniwersytetu Ekonomicznego w Krakowie i 100 lat Katedry Rachunkowo\u015bci\">Seminarium jubileuszowe &#8211; 100 lat Uniwersytetu Ekonomicznego w Krakowie i 100 lat Katedry Rachunkowo\u015bci<\/a><\/h2><\/header><div class=\"eael-entry-header-after style-two\"><div class=\"eael-entry-meta\"><span class=\"eael-posted-on eael-meta-posted-on\"><i class=\"far fa-clock\"><\/i><time datetime=\"2025-10-11\">2025-10-11<\/time><\/span><\/div><\/div><div class=\"eael-entry-content\">\n                                <div class=\"eael-grid-post-excerpt\"><p>Katedra Rachunkowo\u015bci i Instytut Informatyki, Rachunkowo\u015bci i Controllingu serdecznie zapraszaj\u0105 na Seminarium Jubileuszowe. Termin: 5 listopada 2025 r., godz. 10:00 Miejsce: Sala Senacka Uniwersytetu Ekonomicznego w Krakowie Wi\u0119cej informacji na zak\u0142adce&nbsp;Konferencje.<\/p><a href=\"https:\/\/iirc.uek.krakow.pl\/kr\/blog\/2025\/10\/11\/seminarium-jubileuszowe\/\" class=\"eael-post-elements-readmore-btn\">Czytaj wi\u0119cej  \u2013&gt;<\/a><\/div>\n                            <\/div><\/div><\/div>\n    <\/div>\n<\/article><article class=\"eael-grid-post eael-post-grid-column\" data-id=\"2393\">\n    <div class=\"eael-grid-post-holder\">\n        <div class=\"eael-grid-post-holder-inner\"><div class=\"eael-entry-wrapper\"><header class=\"eael-entry-header\"><h2 class=\"eael-entry-title\"><a class=\"eael-grid-post-link\" href=\"https:\/\/iirc.uek.krakow.pl\/kr\/blog\/2024\/01\/27\/wywiad-z-dr-marcinem-osikowiczem-w-radiu-tokfm\/\" title=\"Wywiad z dr Marcinem Osikowiczem w radiu TokFM\">Wywiad z dr Marcinem Osikowiczem w radiu TokFM<\/a><\/h2><\/header><div class=\"eael-entry-header-after style-two\"><div class=\"eael-entry-meta\"><span class=\"eael-posted-on eael-meta-posted-on\"><i class=\"far fa-clock\"><\/i><time datetime=\"2024-01-27\">2024-01-27<\/time><\/span><\/div><\/div><div class=\"eael-entry-content\">\n                                <div class=\"eael-grid-post-excerpt\"><p>W dniu 17.01.2024 w radiu TokFM Cezary Owczarek przeprowadzi\u0142 ciekaw\u0105 rozmow\u0119 z Markiem Masztalerzem i pracownikiem naszej Katedry Marcinem Osikowiczem &#8211; autorami ksi\u0105\u017cki &#8222;Ksi\u0119gowi w kulturze&#8221;. Zapraszamy do wys\u0142uchania wywiadu\u00a0oraz przeczytania ksi\u0105\u017cki. Ksi\u0105\u017cka &#8222;Ksi\u0119gowi w kulturze&#8221; &#8211; Marcin Osikowicz, Marek Masztalerz \u00a0<\/p><a href=\"https:\/\/iirc.uek.krakow.pl\/kr\/blog\/2024\/01\/27\/wywiad-z-dr-marcinem-osikowiczem-w-radiu-tokfm\/\" class=\"eael-post-elements-readmore-btn\">Czytaj wi\u0119cej  \u2013&gt;<\/a><\/div>\n                            <\/div><\/div><\/div>\n    <\/div>\n<\/article><article class=\"eael-grid-post eael-post-grid-column\" data-id=\"471\">\n    <div class=\"eael-grid-post-holder\">\n        <div class=\"eael-grid-post-holder-inner\"><div class=\"eael-entry-wrapper\"><header class=\"eael-entry-header\"><h2 class=\"eael-entry-title\"><a class=\"eael-grid-post-link\" href=\"https:\/\/iirc.uek.krakow.pl\/kr\/blog\/2023\/08\/06\/nowa-strona\/\" title=\"Nowa strona Katedry\">Nowa strona Katedry<\/a><\/h2><\/header><div class=\"eael-entry-header-after style-two\"><div class=\"eael-entry-meta\"><span class=\"eael-posted-on eael-meta-posted-on\"><i class=\"far fa-clock\"><\/i><time datetime=\"2023-08-06\">2023-08-06<\/time><\/span><\/div><\/div><div class=\"eael-entry-content\">\n                                <div class=\"eael-grid-post-excerpt\"><p>W niedawno powsta\u0142ym Instytucie Informatyki, Rachunkowo\u015bci i Controllingu trwaj\u0105 prace nad aktualizacj\u0105 zasob\u00f3w webowych jednostek Instytutu, w tym r\u00f3wnie\u017c naszej Katedry. Przygotowana nowa wersja strony WWW Katedry powinna u\u0142atwi\u0107 nawigacj\u0119 po informacjach przy zachowaniu jednolitej struktury wykorzystywanej w innych jednostkach UEK. Nowa strona internetowa jest dostosowana do potrzeb student\u00f3w, pracownik\u00f3w...<\/p><a href=\"https:\/\/iirc.uek.krakow.pl\/kr\/blog\/2023\/08\/06\/nowa-strona\/\" class=\"eael-post-elements-readmore-btn\">Czytaj wi\u0119cej  \u2013&gt;<\/a><\/div>\n                            <\/div><\/div><\/div>\n    <\/div>\n<\/article><\/div>\n            <div class=\"clearfix\"><\/div>\n        <\/div>\t\t\t\t<\/div>\n\t\t\t\t<\/div>\n\t\t\t\t\t<\/div>\n\t\t<\/div>\n\t\t\t\t\t<\/div>\n\t\t<\/section>\n\t\t\t\t<\/div>\n\t\t","protected":false},"excerpt":{"rendered":"<p>Nowa strona Katedry 2023-08-06 W niedawno powsta\u0142ym Instytucie Informatyki, Rachunkowo\u015bci i Controllingu trwaj\u0105 prace nad aktualizacj\u0105 zasob\u00f3w webowych jednostek Instytutu, w tym r\u00f3wnie\u017c naszej Katedry. Przygotowana nowa wersja strony WWW Katedry powinna u\u0142atwi\u0107 nawigacj\u0119 po informacjach przy zachowaniu jednolitej struktury wykorzystywanej w innych jednostkach UEK. Nowa strona internetowa jest dostosowana do potrzeb student\u00f3w, pracownik\u00f3w&#8230;&#8230; Czytaj wi\u0119cej \u2013&gt;<\/p>\n","protected":false},"author":1,"featured_media":0,"parent":0,"menu_order":0,"comment_status":"closed","ping_status":"closed","template":"elementor_header_footer","meta":{"footnotes":""},"class_list":["post-100","page","type-page","status-publish","hentry"],"_links":{"self":[{"href":"https:\/\/iirc.uek.krakow.pl\/kr\/wp-json\/wp\/v2\/pages\/100","targetHints":{"allow":["GET"]}}],"collection":[{"href":"https:\/\/iirc.uek.krakow.pl\/kr\/wp-json\/wp\/v2\/pages"}],"about":[{"href":"https:\/\/iirc.uek.krakow.pl\/kr\/wp-json\/wp\/v2\/types\/page"}],"author":[{"embeddable":true,"href":"https:\/\/iirc.uek.krakow.pl\/kr\/wp-json\/wp\/v2\/users\/1"}],"replies":[{"embeddable":true,"href":"https:\/\/iirc.uek.krakow.pl\/kr\/wp-json\/wp\/v2\/comments?post=100"}],"version-history":[{"count":12,"href":"https:\/\/iirc.uek.krakow.pl\/kr\/wp-json\/wp\/v2\/pages\/100\/revisions"}],"predecessor-version":[{"id":2197,"href":"https:\/\/iirc.uek.krakow.pl\/kr\/wp-json\/wp\/v2\/pages\/100\/revisions\/2197"}],"wp:attachment":[{"href":"https:\/\/iirc.uek.krakow.pl\/kr\/wp-json\/wp\/v2\/media?parent=100"}],"curies":[{"name":"wp","href":"https:\/\/api.w.org\/{rel}","templated":true}]}}