{"id":313,"date":"2023-02-19T16:10:53","date_gmt":"2023-02-19T15:10:53","guid":{"rendered":"https:\/\/ie.uek.krakow.pl\/ke\/?page_id=313"},"modified":"2025-10-11T14:21:59","modified_gmt":"2025-10-11T12:21:59","slug":"konferencje","status":"publish","type":"page","link":"https:\/\/iirc.uek.krakow.pl\/kr\/konferencje\/","title":{"rendered":"Konferencje"},"content":{"rendered":"\t\t<div data-elementor-type=\"wp-page\" data-elementor-id=\"313\" class=\"elementor elementor-313\" data-elementor-post-type=\"page\">\n\t\t\t\t\t\t<section data-particle_enable=\"false\" data-particle-mobile-disabled=\"false\" class=\"elementor-section elementor-top-section elementor-element elementor-element-1d441e8 elementor-section-boxed elementor-section-height-default elementor-section-height-default\" data-id=\"1d441e8\" data-element_type=\"section\" data-settings=\"{&quot;jet_parallax_layout_list&quot;:[]}\">\n\t\t\t\t\t\t<div class=\"elementor-container elementor-column-gap-default\">\n\t\t\t\t\t<div class=\"elementor-column elementor-col-100 elementor-top-column elementor-element elementor-element-c4658e4\" data-id=\"c4658e4\" data-element_type=\"column\">\n\t\t\t<div class=\"elementor-widget-wrap elementor-element-populated\">\n\t\t\t\t\t\t<div class=\"elementor-element elementor-element-860b63f elementor-widget elementor-widget-heading\" data-id=\"860b63f\" data-element_type=\"widget\" data-widget_type=\"heading.default\">\n\t\t\t\t<div class=\"elementor-widget-container\">\n\t\t\t\t\t<h2 class=\"elementor-heading-title elementor-size-default\">Konferencje i seminaria<\/h2>\t\t\t\t<\/div>\n\t\t\t\t<\/div>\n\t\t\t\t<div class=\"elementor-element elementor-element-a561ad0 elementor-widget elementor-widget-text-editor\" data-id=\"a561ad0\" data-element_type=\"widget\" data-widget_type=\"text-editor.default\">\n\t\t\t\t<div class=\"elementor-widget-container\">\n\t\t\t\t\t\t\t\t\t<blockquote><h5>Katedra Rachunkowo\u015bci i Instytut Informatyki, Rachunkowo\u015bci i Controllingu serdecznie zapraszaj\u0105 na:<\/h5><div>\u00a0<\/div><h4><b>Seminarium Jubileuszowe &#8211; 100 lat Uniwersytetu Ekonomicznego w Krakowie i 100 lat Katedry Rachunkowo\u015bci<\/b><\/h4><div><b>\u00a0<\/b><\/div><div><b>Termin<\/b>: 5 listopada <span style=\"color: #000000\">2025<\/span> r., godz. 10:00<\/div><div><b>Miejsce<\/b>: Sala Senacka Uniwersytetu Ekonomicznego w Krakowie<\/div><div><span style=\"letter-spacing: 0px\"><b>Program<\/b>:<\/span><\/div><div>\u00a0<\/div><div><p><b><span style=\", sans-serif;background-image: initial;background-position: initial;background-size: initial;background-repeat: initial;background-attachment: initial\">10.00 \u2013 10.15 Otwarcie seminarium<\/span><\/b><\/p><p><b><span style=\",sans-serif;color: #2E74B5\">\u00a0<\/span><\/b><\/p><p><b><span style=\",sans-serif;color: #2E74B5\">10.15-11.30 Sesja pierwsza: <br \/>Prowadz\u0105cy: prof. dr hab. Dariusz W\u0119dzki<\/span><\/b><span style=\",sans-serif;color: #2E74B5\"><br \/><\/span><span style=\", sans-serif;background-image: initial;background-position: initial;background-size: initial;background-repeat: initial;background-attachment: initial\">1) <b>dr Jerzy Kuchmacz<\/b>&#8211; Katedra Rachunkowo\u015bci: Historia i sylwetki kierownik\u00f3w Katedry Rachunkowo\u015bci.<\/span><span style=\",sans-serif;color: #242424\"><br \/><span style=\"background-image: initial;background-position: initial;background-size: initial;background-repeat: initial;background-attachment: initial\">2) <b>dr Krzysztof Jonas<\/b>&#8211; Katedra Rachunkowo\u015bci Finansowej: Sylwetki kierownik\u00f3w Katedry Rachunkowo\u015bci Finansowej.<\/span><br \/><span style=\"background-image: initial;background-position: initial;background-size: initial;background-repeat: initial;background-attachment: initial\">3) <b>prof. dr hab. Mieczys\u0142aw Dobija<\/b> \u2013 Kierownik Katedry Rachunkowo\u015bci w latach 1993- 2013. Referat jubileuszowy: Wiedza sformu\u0142owana w Katedrze Rachunkowo\u015bci<\/span><\/span> <span style=\", sans-serif;background-image: initial;background-position: initial;background-size: initial;background-repeat: initial;background-attachment: initial\">i udost\u0119pniona \u015bwiatu.<\/span><\/p><p><span style=\", sans-serif;color: red;background-image: initial;background-position: initial;background-size: initial;background-repeat: initial;background-attachment: initial\">\u00a0<\/span><\/p><p><b><span style=\", sans-serif;background-image: initial;background-position: initial;background-size: initial;background-repeat: initial;background-attachment: initial\">11.30 \u2013 11.45 Przerwa<\/span><\/b><b> <\/b><b><span style=\",sans-serif;color: #242424\"><br \/><!-- [if !supportLineBreakNewLine]--><br \/><!--[endif]--><\/span><\/b><\/p><p><b><span style=\",sans-serif;color: #2E74B5\">11.45 -13.05 Sesja druga: <br \/>Prowadz\u0105cy: prof. dr hab. Dariusz W\u0119dzki<br \/><\/span><\/b><span style=\", sans-serif;background-image: initial;background-position: initial;background-size: initial;background-repeat: initial;background-attachment: initial\">1) <b>dr hab. Bartosz Kurek, prof. UEK\u00a0<\/b>&#8211; Katedra Rachunkowo\u015bci: KNF sankcjonuje, ale czy rynek s\u0142ucha? Konsekwencje kar za niedochowanie obowi\u0105zk\u00f3w informacyjnych przez sp\u00f3\u0142ki gie\u0142dowe.<\/span><span style=\",sans-serif;color: #242424\"><br \/><span style=\"background-image: initial;background-position: initial;background-size: initial;background-repeat: initial;background-attachment: initial\">2) <b>dr hab. Konrad Grabi\u0144ski, prof. UEK<\/b>&#8211; Katedra Rachunkowo\u015bci Finansowej,<b> dr hab. Piotr W\u00f3jtowicz, prof. UEK<\/b>&#8211; Katedra Rachunkowo\u015bci:<\/span><\/span> <span style=\", sans-serif;background-image: initial;background-position: initial;background-size: initial;background-repeat: initial;background-attachment: initial\">Formalna rachunkowo\u015b\u0107 wobec nieformalnych instytucji: Wp\u0142yw religii na raportowanie finansowe i niefinansowe.<\/span><span style=\",sans-serif;color: red\"><br \/><\/span><span style=\", sans-serif;background-image: initial;background-position: initial;background-size: initial;background-repeat: initial;background-attachment: initial\">3) <\/span><b><span style=\", sans-serif;color: black;background-image: initial;background-position: initial;background-size: initial;background-repeat: initial;background-attachment: initial\">mgr<\/span><\/b><b> <\/b><b><span style=\", sans-serif;background-image: initial;background-position: initial;background-size: initial;background-repeat: initial;background-attachment: initial\">Karol Partacz\u00a0<\/span><\/b><span style=\", sans-serif;background-image: initial;background-position: initial;background-size: initial;background-repeat: initial;background-attachment: initial\">&#8211; Szko\u0142a Doktorska: Rynek fuzji i przej\u0119\u0107 w obliczu zmian geopolitycznych. Perspektywa bilansowa w kontek\u015bcie kszta\u0142towania si\u0119 warto\u015bci synergii.<\/span><span style=\",sans-serif;color: #242424\"><br \/><span style=\"background-image: initial;background-position: initial;background-size: initial;background-repeat: initial;background-attachment: initial\">4) <b>Bartosz Buta<\/b>&#8211; Ko\u0142o Naukowe Rachunkowo\u015bci: Zasada potr\u00f3jnego ksi\u0119gowania- Eleganckie rozwi\u0105zanie na bardziej cywilizowane czasy.<\/span><br \/><span style=\"background-image: initial;background-position: initial;background-size: initial;background-repeat: initial;background-attachment: initial\">5) <b>Ma\u0142gorzata Tomporowska<\/b>&#8211; Ko\u0142o Naukowe Rewizji Finansowej \u201eAudyt\u201d: Audyt w czasie rzeczywistym.<\/span><\/span><\/p><p><span style=\", sans-serif;letter-spacing: 0px\">6) Dyskusja\u00a0 \u00a0 \u00a0 \u00a0 \u00a0 \u00a0 \u00a0 \u00a0 \u00a0 \u00a0 \u00a0 \u00a0 \u00a0 \u00a0 \u00a0 \u00a0 \u00a0 \u00a0 \u00a0 \u00a0 \u00a0 \u00a0 \u00a0 \u00a0 \u00a0 \u00a0 \u00a0 \u00a0 \u00a0 \u00a0 \u00a0 \u00a0 \u00a0 \u00a0 \u00a0 \u00a0 \u00a0 \u00a0 \u00a0 \u00a0<\/span><\/p><p><span style=\",sans-serif;color: #242424\"><br \/><\/span><b><span style=\", sans-serif;background-image: initial;background-position: initial;background-size: initial;background-repeat: initial;background-attachment: initial\">13.05 &#8211; 13.25 Sesja posterowa <\/span><\/b><b><\/b><\/p><p><b><span style=\"font-size: 11.0pt;line-height: 107%;,sans-serif;color: #242424\"><br \/><\/span><span style=\"font-size: 11.0pt;line-height: 107%;,sans-serif;color: #0070C0\">13.25 Zako\u0144czenie seminarium<\/span><\/b><b><\/b><\/p><\/div><\/blockquote>\t\t\t\t\t\t\t\t<\/div>\n\t\t\t\t<\/div>\n\t\t\t\t\t<\/div>\n\t\t<\/div>\n\t\t\t\t\t<\/div>\n\t\t<\/section>\n\t\t\t\t<\/div>\n\t\t","protected":false},"excerpt":{"rendered":"<p>Konferencje i seminaria Katedra Rachunkowo\u015bci i Instytut Informatyki, Rachunkowo\u015bci i Controllingu serdecznie zapraszaj\u0105 na: \u00a0 Seminarium Jubileuszowe &#8211; 100 lat Uniwersytetu Ekonomicznego w Krakowie i 100 lat Katedry Rachunkowo\u015bci \u00a0Termin: 5 listopada 2025 r., godz. 10:00Miejsce: Sala Senacka Uniwersytetu Ekonomicznego w KrakowieProgram:\u00a0 10.00 \u2013 10.15 Otwarcie seminarium \u00a0 10.15-11.30 Sesja pierwsza: Prowadz\u0105cy: prof. dr hab. Dariusz W\u0119dzki1) dr Jerzy Kuchmacz&#8211; Katedra Rachunkowo\u015bci: Historia i sylwetki kierownik\u00f3w Katedry Rachunkowo\u015bci.2) dr Krzysztof Jonas&#8211; Katedra Rachunkowo\u015bci Finansowej: Sylwetki kierownik\u00f3w Katedry Rachunkowo\u015bci Finansowej.3) prof. dr hab. Mieczys\u0142aw Dobija \u2013 Kierownik Katedry Rachunkowo\u015bci w latach 1993- 2013. Referat jubileuszowy: Wiedza sformu\u0142owana w Katedrze Rachunkowo\u015bci i udost\u0119pniona \u015bwiatu. \u00a0 11.30 \u2013 11.45 Przerwa 11.45 -13.05 Sesja druga: Prowadz\u0105cy: prof. dr hab. Dariusz W\u0119dzki1) dr hab. Bartosz Kurek, prof. UEK\u00a0&#8211; Katedra Rachunkowo\u015bci: KNF sankcjonuje, ale czy rynek s\u0142ucha? Konsekwencje kar za niedochowanie obowi\u0105zk\u00f3w informacyjnych przez sp\u00f3\u0142ki gie\u0142dowe.2) dr hab. Konrad Grabi\u0144ski, prof. UEK&#8211; Katedra Rachunkowo\u015bci Finansowej, dr hab. Piotr W\u00f3jtowicz, prof. UEK&#8211; Katedra Rachunkowo\u015bci: Formalna rachunkowo\u015b\u0107 wobec nieformalnych instytucji: Wp\u0142yw religii na raportowanie finansowe i niefinansowe.3) mgr Karol Partacz\u00a0&#8211; Szko\u0142a Doktorska: Rynek fuzji i przej\u0119\u0107 w obliczu zmian geopolitycznych. Perspektywa bilansowa w kontek\u015bcie kszta\u0142towania si\u0119 warto\u015bci synergii.4) Bartosz Buta&#8211; Ko\u0142o Naukowe Rachunkowo\u015bci: Zasada potr\u00f3jnego ksi\u0119gowania- Eleganckie rozwi\u0105zanie na bardziej cywilizowane czasy.5) Ma\u0142gorzata Tomporowska&#8211; Ko\u0142o Naukowe Rewizji Finansowej \u201eAudyt\u201d: Audyt w czasie rzeczywistym. 6) Dyskusja\u00a0 \u00a0 \u00a0 \u00a0 \u00a0 \u00a0 \u00a0 \u00a0 \u00a0 \u00a0 \u00a0 \u00a0 \u00a0 \u00a0 \u00a0 \u00a0 \u00a0 \u00a0 \u00a0 \u00a0 \u00a0 \u00a0 \u00a0 \u00a0 \u00a0 \u00a0 \u00a0 \u00a0 \u00a0 \u00a0 \u00a0 \u00a0 \u00a0 \u00a0 \u00a0 \u00a0 \u00a0 \u00a0 \u00a0 \u00a0 13.05 &#8211; 13.25 Sesja posterowa 13.25 Zako\u0144czenie seminarium<\/p>\n","protected":false},"author":1,"featured_media":0,"parent":0,"menu_order":0,"comment_status":"closed","ping_status":"closed","template":"elementor_header_footer","meta":{"footnotes":""},"class_list":["post-313","page","type-page","status-publish","hentry"],"_links":{"self":[{"href":"https:\/\/iirc.uek.krakow.pl\/kr\/wp-json\/wp\/v2\/pages\/313","targetHints":{"allow":["GET"]}}],"collection":[{"href":"https:\/\/iirc.uek.krakow.pl\/kr\/wp-json\/wp\/v2\/pages"}],"about":[{"href":"https:\/\/iirc.uek.krakow.pl\/kr\/wp-json\/wp\/v2\/types\/page"}],"author":[{"embeddable":true,"href":"https:\/\/iirc.uek.krakow.pl\/kr\/wp-json\/wp\/v2\/users\/1"}],"replies":[{"embeddable":true,"href":"https:\/\/iirc.uek.krakow.pl\/kr\/wp-json\/wp\/v2\/comments?post=313"}],"version-history":[{"count":22,"href":"https:\/\/iirc.uek.krakow.pl\/kr\/wp-json\/wp\/v2\/pages\/313\/revisions"}],"predecessor-version":[{"id":2468,"href":"https:\/\/iirc.uek.krakow.pl\/kr\/wp-json\/wp\/v2\/pages\/313\/revisions\/2468"}],"wp:attachment":[{"href":"https:\/\/iirc.uek.krakow.pl\/kr\/wp-json\/wp\/v2\/media?parent=313"}],"curies":[{"name":"wp","href":"https:\/\/api.w.org\/{rel}","templated":true}]}}