{"id":346,"date":"2023-02-20T00:01:15","date_gmt":"2023-02-19T23:01:15","guid":{"rendered":"https:\/\/ie.uek.krakow.pl\/ke\/?page_id=346"},"modified":"2023-08-06T15:19:19","modified_gmt":"2023-08-06T13:19:19","slug":"kola-naukowe","status":"publish","type":"page","link":"https:\/\/iirc.uek.krakow.pl\/kr\/studenci\/kola-naukowe\/","title":{"rendered":"Ko\u0142a naukowe"},"content":{"rendered":"\t\t<div data-elementor-type=\"wp-page\" data-elementor-id=\"346\" class=\"elementor elementor-346\" data-elementor-post-type=\"page\">\n\t\t\t\t\t\t<section data-particle_enable=\"false\" data-particle-mobile-disabled=\"false\" class=\"elementor-section elementor-top-section elementor-element elementor-element-22080c8 elementor-section-boxed elementor-section-height-default elementor-section-height-default\" data-id=\"22080c8\" data-element_type=\"section\" data-settings=\"{&quot;jet_parallax_layout_list&quot;:[]}\">\n\t\t\t\t\t\t<div class=\"elementor-container elementor-column-gap-default\">\n\t\t\t\t\t<div class=\"elementor-column elementor-col-33 elementor-top-column elementor-element elementor-element-c20decf\" data-id=\"c20decf\" data-element_type=\"column\">\n\t\t\t<div class=\"elementor-widget-wrap elementor-element-populated\">\n\t\t\t\t\t\t<div class=\"elementor-element elementor-element-9764738 elementor-widget elementor-widget-image\" data-id=\"9764738\" data-element_type=\"widget\" data-widget_type=\"image.default\">\n\t\t\t\t<div class=\"elementor-widget-container\">\n\t\t\t\t\t\t\t\t\t\t\t\t\t\t\t<img fetchpriority=\"high\" decoding=\"async\" width=\"1364\" height=\"892\" src=\"https:\/\/iirc.uek.krakow.pl\/kr\/wp-content\/uploads\/sites\/2\/2023\/08\/logoKNR.png\" class=\"attachment-full size-full wp-image-2124\" alt=\"\" srcset=\"https:\/\/iirc.uek.krakow.pl\/kr\/wp-content\/uploads\/sites\/2\/2023\/08\/logoKNR.png 1364w, https:\/\/iirc.uek.krakow.pl\/kr\/wp-content\/uploads\/sites\/2\/2023\/08\/logoKNR-300x196.png 300w, https:\/\/iirc.uek.krakow.pl\/kr\/wp-content\/uploads\/sites\/2\/2023\/08\/logoKNR-1024x670.png 1024w, https:\/\/iirc.uek.krakow.pl\/kr\/wp-content\/uploads\/sites\/2\/2023\/08\/logoKNR-768x502.png 768w, https:\/\/iirc.uek.krakow.pl\/kr\/wp-content\/uploads\/sites\/2\/2023\/08\/logoKNR-1140x746.png 1140w\" sizes=\"(max-width: 1364px) 100vw, 1364px\" \/>\t\t\t\t\t\t\t\t\t\t\t\t\t\t\t<\/div>\n\t\t\t\t<\/div>\n\t\t\t\t\t<\/div>\n\t\t<\/div>\n\t\t\t\t<div class=\"elementor-column elementor-col-66 elementor-top-column elementor-element elementor-element-101f182\" data-id=\"101f182\" data-element_type=\"column\">\n\t\t\t<div class=\"elementor-widget-wrap elementor-element-populated\">\n\t\t\t\t\t\t<div class=\"elementor-element elementor-element-8723dd5 elementor-widget elementor-widget-heading\" data-id=\"8723dd5\" data-element_type=\"widget\" data-widget_type=\"heading.default\">\n\t\t\t\t<div class=\"elementor-widget-container\">\n\t\t\t\t\t<h2 class=\"elementor-heading-title elementor-size-default\">Ko\u0142o Naukowe Rachunkow\u015bci<\/h2>\t\t\t\t<\/div>\n\t\t\t\t<\/div>\n\t\t\t\t<div class=\"elementor-element elementor-element-ff81b7c elementor-widget elementor-widget-text-editor\" data-id=\"ff81b7c\" data-element_type=\"widget\" data-widget_type=\"text-editor.default\">\n\t\t\t\t<div class=\"elementor-widget-container\">\n\t\t\t\t\t\t\t\t\t<p>Ko\u0142o Naukowe Rachunkowo\u015bci dzia\u0142a przy Katedrze Rachunkowo\u015bci od maja 2016 roku. Z ramienia Katedry <a href=\"https:\/\/e-uczelnia.uek.krakow.pl\/course\/view.php?id=3670#section-0\"><strong>funkcj\u0119 opiekuna Ko\u0142a pe\u0142ni Dr Kinga Bauer<\/strong><\/a>.<\/p><p>Dzia\u0142alno\u015b\u0107 Ko\u0142a skupia si\u0119 na popularyzowaniu wszelkich zagadnie\u0144 zwi\u0105zanych z rachunkowo\u015bci\u0105 w\u015br\u00f3d Student\u00f3w. Celem dzia\u0142alno\u015bci jest pokazanie, \u017ce rachunkowo\u015b\u0107 jest dziedzin\u0105, w kt\u00f3rej warto si\u0119 rozwija\u0107 i dzieli\u0107 si\u0119 ni\u0105 z innymi.<\/p><p>Od samego pocz\u0105tku Ko\u0142o tworzone jest przez ambitnych i pe\u0142nych pasji Student\u00f3w, kt\u00f3rzy w swych dzia\u0142aniach kieruj\u0105 si\u0119 mottem \u201eZ mi\u0142o\u015bci do rachunkowo\u015bci\u201d. W ramach dzia\u0142alno\u015bci Ko\u0142a organizowanie s\u0105 liczne wydarzenia, w tym warsztaty przybli\u017caj\u0105ce tematyk\u0119 rachunkowo\u015bci, analizy finansowej oraz podatk\u00f3w w zrozumia\u0142y i przyst\u0119pny dla ka\u017cdego spos\u00f3b. Nie brakuje r\u00f3wnie\u017c spotka\u0144 z praktykami zajmuj\u0105cymi si\u0119 rachunkowo\u015bci\u0105 na co dzie\u0144, a flagowym wydarzeniem Ko\u0142a jest trzydniowy cykl spotka\u0144 z profesjonalistami \u2013 \u201eForum Rachunkowo\u015bci\u201d.<\/p><p>Cz\u0142onkowie Ko\u0142a maj\u0105 ponadto okazj\u0119 realizowa\u0107 si\u0119 naukowo, poprzez przeprowadzanie w\u0142asnych bada\u0144 naukowych, czynny udzia\u0142 w konferencjach naukowych i debatach oksfordzkich, a tak\u017ce pisanie artyku\u0142\u00f3w naukowych.<\/p><p>Obecnie Ko\u0142o Naukowe Rachunkowo\u015bci jest jednym z najszybciej rozwijaj\u0105cych si\u0119 oraz najpr\u0119\u017cniej dzia\u0142aj\u0105cych K\u00f3\u0142 na Uniwersytecie Ekonomicznym w Krakowie.<\/p>\t\t\t\t\t\t\t\t<\/div>\n\t\t\t\t<\/div>\n\t\t\t\t<div class=\"elementor-element elementor-element-564f5e2 elementor-mobile-align-center elementor-widget__width-initial elementor-icon-list--layout-traditional elementor-list-item-link-full_width elementor-widget elementor-widget-icon-list\" data-id=\"564f5e2\" data-element_type=\"widget\" data-widget_type=\"icon-list.default\">\n\t\t\t\t<div class=\"elementor-widget-container\">\n\t\t\t\t\t\t\t<ul class=\"elementor-icon-list-items\">\n\t\t\t\t\t\t\t<li class=\"elementor-icon-list-item\">\n\t\t\t\t\t\t\t\t\t\t\t<a href=\"mailto:knr.uek@gmail.com\" target=\"_blank\">\n\n\t\t\t\t\t\t\t\t\t\t\t\t<span class=\"elementor-icon-list-icon\">\n\t\t\t\t\t\t\t<i aria-hidden=\"true\" class=\"far fa-envelope\"><\/i>\t\t\t\t\t\t<\/span>\n\t\t\t\t\t\t\t\t\t\t<span class=\"elementor-icon-list-text\">knr.uek@gmail.com<\/span>\n\t\t\t\t\t\t\t\t\t\t\t<\/a>\n\t\t\t\t\t\t\t\t\t<\/li>\n\t\t\t\t\t\t\t\t<li class=\"elementor-icon-list-item\">\n\t\t\t\t\t\t\t\t\t\t\t<a href=\"https:\/\/knr.uek.krakow.pl\" target=\"_blank\">\n\n\t\t\t\t\t\t\t\t\t\t\t\t<span class=\"elementor-icon-list-icon\">\n\t\t\t\t\t\t\t<i aria-hidden=\"true\" class=\"fas fa-globe\"><\/i>\t\t\t\t\t\t<\/span>\n\t\t\t\t\t\t\t\t\t\t<span class=\"elementor-icon-list-text\">https:\/\/knr.uek.krakow.pl<\/span>\n\t\t\t\t\t\t\t\t\t\t\t<\/a>\n\t\t\t\t\t\t\t\t\t<\/li>\n\t\t\t\t\t\t\t\t<li class=\"elementor-icon-list-item\">\n\t\t\t\t\t\t\t\t\t\t\t<a href=\"https:\/\/www.facebook.com\/knr.uek\" target=\"_blank\">\n\n\t\t\t\t\t\t\t\t\t\t\t\t<span class=\"elementor-icon-list-icon\">\n\t\t\t\t\t\t\t<i aria-hidden=\"true\" class=\"fab fa-facebook\"><\/i>\t\t\t\t\t\t<\/span>\n\t\t\t\t\t\t\t\t\t\t<span class=\"elementor-icon-list-text\">https:\/\/www.facebook.com<\/span>\n\t\t\t\t\t\t\t\t\t\t\t<\/a>\n\t\t\t\t\t\t\t\t\t<\/li>\n\t\t\t\t\t\t<\/ul>\n\t\t\t\t\t\t<\/div>\n\t\t\t\t<\/div>\n\t\t\t\t<div class=\"elementor-element elementor-element-3ba7516 elementor-mobile-align-center elementor-widget__width-initial elementor-icon-list--layout-traditional elementor-list-item-link-full_width elementor-widget elementor-widget-icon-list\" data-id=\"3ba7516\" data-element_type=\"widget\" data-widget_type=\"icon-list.default\">\n\t\t\t\t<div class=\"elementor-widget-container\">\n\t\t\t\t\t\t\t<ul class=\"elementor-icon-list-items\">\n\t\t\t\t\t\t\t<li class=\"elementor-icon-list-item\">\n\t\t\t\t\t\t\t\t\t\t\t<a href=\"https:\/\/instagram.com\/kn_rachunkowosci_uek?igshid=MzRlODBiNWFlZA==\" target=\"_blank\">\n\n\t\t\t\t\t\t\t\t\t\t\t\t<span class=\"elementor-icon-list-icon\">\n\t\t\t\t\t\t\t<i aria-hidden=\"true\" class=\"fab fa-instagram\"><\/i>\t\t\t\t\t\t<\/span>\n\t\t\t\t\t\t\t\t\t\t<span class=\"elementor-icon-list-text\">https:\/\/instagram.com<\/span>\n\t\t\t\t\t\t\t\t\t\t\t<\/a>\n\t\t\t\t\t\t\t\t\t<\/li>\n\t\t\t\t\t\t\t\t<li class=\"elementor-icon-list-item\">\n\t\t\t\t\t\t\t\t\t\t\t<a href=\"https:\/\/youtube.com\/@kolonaukowerachunkowosciuek\" target=\"_blank\">\n\n\t\t\t\t\t\t\t\t\t\t\t\t<span class=\"elementor-icon-list-icon\">\n\t\t\t\t\t\t\t<i aria-hidden=\"true\" class=\"fab fa-youtube\"><\/i>\t\t\t\t\t\t<\/span>\n\t\t\t\t\t\t\t\t\t\t<span class=\"elementor-icon-list-text\">https:\/\/youtube.com<\/span>\n\t\t\t\t\t\t\t\t\t\t\t<\/a>\n\t\t\t\t\t\t\t\t\t<\/li>\n\t\t\t\t\t\t\t\t<li class=\"elementor-icon-list-item\">\n\t\t\t\t\t\t\t\t\t\t\t<a href=\"https:\/\/www.linkedin.com\/company\/ko%C5%82o-naukowe-rachunkowo%C5%9Bci\/\" target=\"_blank\">\n\n\t\t\t\t\t\t\t\t\t\t\t\t<span class=\"elementor-icon-list-icon\">\n\t\t\t\t\t\t\t<i aria-hidden=\"true\" class=\"fab fa-linkedin\"><\/i>\t\t\t\t\t\t<\/span>\n\t\t\t\t\t\t\t\t\t\t<span class=\"elementor-icon-list-text\">https:\/\/www.linkedin.com<\/span>\n\t\t\t\t\t\t\t\t\t\t\t<\/a>\n\t\t\t\t\t\t\t\t\t<\/li>\n\t\t\t\t\t\t<\/ul>\n\t\t\t\t\t\t<\/div>\n\t\t\t\t<\/div>\n\t\t\t\t\t<\/div>\n\t\t<\/div>\n\t\t\t\t\t<\/div>\n\t\t<\/section>\n\t\t\t\t<\/div>\n\t\t","protected":false},"excerpt":{"rendered":"<p>\/*! elementor &#8211; v3.13.3 &#8211; 28-05-2023 *\/ .elementor-widget-image{text-align:center}.elementor-widget-image a{display:inline-block}.elementor-widget-image a img[src$=&#8221;.svg&#8221;]{width:48px}.elementor-widget-image img{vertical-align:middle;display:inline-block} \/*! elementor &#8211; v3.13.3 &#8211; 28-05-2023 *\/ .elementor-heading-title{padding:0;margin:0;line-height:1}.elementor-widget-heading .elementor-heading-title[class*=elementor-size-]&gt;a{color:inherit;font-size:inherit;line-height:inherit}.elementor-widget-heading .elementor-heading-title.elementor-size-small{font-size:15px}.elementor-widget-heading .elementor-heading-title.elementor-size-medium{font-size:19px}.elementor-widget-heading .elementor-heading-title.elementor-size-large{font-size:29px}.elementor-widget-heading .elementor-heading-title.elementor-size-xl{font-size:39px}.elementor-widget-heading .elementor-heading-title.elementor-size-xxl{font-size:59px} Ko\u0142o Naukowe Rachunkow\u015bci Ko\u0142o Naukowe Rachunkowo\u015bci dzia\u0142a przy Katedrze Rachunkowo\u015bci od maja 2016 roku. Z ramienia Katedry funkcj\u0119 opiekuna Ko\u0142a pe\u0142ni Dr Kinga Bauer. Dzia\u0142alno\u015b\u0107 Ko\u0142a skupia si\u0119 na popularyzowaniu wszelkich zagadnie\u0144 zwi\u0105zanych z rachunkowo\u015bci\u0105 w\u015br\u00f3d Student\u00f3w. Celem dzia\u0142alno\u015bci jest pokazanie, \u017ce rachunkowo\u015b\u0107 jest dziedzin\u0105, w kt\u00f3rej warto si\u0119 rozwija\u0107 i dzieli\u0107 si\u0119 ni\u0105 z innymi. Od samego pocz\u0105tku Ko\u0142o tworzone jest przez ambitnych i pe\u0142nych pasji Student\u00f3w, kt\u00f3rzy w swych dzia\u0142aniach kieruj\u0105 si\u0119 mottem \u201eZ mi\u0142o\u015bci do rachunkowo\u015bci\u201d. W ramach dzia\u0142alno\u015bci Ko\u0142a organizowanie s\u0105 liczne wydarzenia, w tym warsztaty przybli\u017caj\u0105ce tematyk\u0119 rachunkowo\u015bci, analizy finansowej oraz podatk\u00f3w w zrozumia\u0142y i przyst\u0119pny dla ka\u017cdego spos\u00f3b. Nie brakuje r\u00f3wnie\u017c spotka\u0144 z praktykami zajmuj\u0105cymi si\u0119 rachunkowo\u015bci\u0105 na co dzie\u0144, a flagowym wydarzeniem Ko\u0142a jest trzydniowy cykl spotka\u0144 z profesjonalistami \u2013 \u201eForum Rachunkowo\u015bci\u201d. Cz\u0142onkowie Ko\u0142a maj\u0105 ponadto okazj\u0119 realizowa\u0107 si\u0119 naukowo, poprzez przeprowadzanie w\u0142asnych bada\u0144 naukowych, czynny udzia\u0142 w konferencjach naukowych i debatach oksfordzkich, a tak\u017ce pisanie artyku\u0142\u00f3w naukowych. Obecnie Ko\u0142o Naukowe Rachunkowo\u015bci jest jednym z najszybciej rozwijaj\u0105cych si\u0119 oraz najpr\u0119\u017cniej dzia\u0142aj\u0105cych K\u00f3\u0142 na Uniwersytecie Ekonomicznym w Krakowie. knr.uek@gmail.com Strona G\u0142\u00f3wna https:\/\/www.facebook.com https:\/\/instagram.com https:\/\/youtube.com https:\/\/www.linkedin.com<\/p>\n","protected":false},"author":1,"featured_media":0,"parent":336,"menu_order":0,"comment_status":"closed","ping_status":"closed","template":"elementor_header_footer","meta":{"footnotes":""},"class_list":["post-346","page","type-page","status-publish","hentry"],"_links":{"self":[{"href":"https:\/\/iirc.uek.krakow.pl\/kr\/wp-json\/wp\/v2\/pages\/346","targetHints":{"allow":["GET"]}}],"collection":[{"href":"https:\/\/iirc.uek.krakow.pl\/kr\/wp-json\/wp\/v2\/pages"}],"about":[{"href":"https:\/\/iirc.uek.krakow.pl\/kr\/wp-json\/wp\/v2\/types\/page"}],"author":[{"embeddable":true,"href":"https:\/\/iirc.uek.krakow.pl\/kr\/wp-json\/wp\/v2\/users\/1"}],"replies":[{"embeddable":true,"href":"https:\/\/iirc.uek.krakow.pl\/kr\/wp-json\/wp\/v2\/comments?post=346"}],"version-history":[{"count":24,"href":"https:\/\/iirc.uek.krakow.pl\/kr\/wp-json\/wp\/v2\/pages\/346\/revisions"}],"predecessor-version":[{"id":2147,"href":"https:\/\/iirc.uek.krakow.pl\/kr\/wp-json\/wp\/v2\/pages\/346\/revisions\/2147"}],"up":[{"embeddable":true,"href":"https:\/\/iirc.uek.krakow.pl\/kr\/wp-json\/wp\/v2\/pages\/336"}],"wp:attachment":[{"href":"https:\/\/iirc.uek.krakow.pl\/kr\/wp-json\/wp\/v2\/media?parent=346"}],"curies":[{"name":"wp","href":"https:\/\/api.w.org\/{rel}","templated":true}]}}