{"id":88,"date":"2023-02-19T00:19:19","date_gmt":"2023-02-18T23:19:19","guid":{"rendered":"https:\/\/ie.uek.krakow.pl\/ke\/?page_id=88"},"modified":"2023-08-05T14:10:53","modified_gmt":"2023-08-05T12:10:53","slug":"o-katedrze","status":"publish","type":"page","link":"https:\/\/iirc.uek.krakow.pl\/kr\/o-katedrze\/","title":{"rendered":"O Katedrze"},"content":{"rendered":"\t\t<div data-elementor-type=\"wp-page\" data-elementor-id=\"88\" class=\"elementor elementor-88\" data-elementor-post-type=\"page\">\n\t\t\t\t\t\t<section data-particle_enable=\"false\" data-particle-mobile-disabled=\"false\" class=\"elementor-section elementor-top-section elementor-element elementor-element-4ca67fb elementor-section-boxed elementor-section-height-default elementor-section-height-default\" data-id=\"4ca67fb\" data-element_type=\"section\" data-settings=\"{&quot;jet_parallax_layout_list&quot;:[]}\">\n\t\t\t\t\t\t<div class=\"elementor-container elementor-column-gap-default\">\n\t\t\t\t\t<div class=\"elementor-column elementor-col-100 elementor-top-column elementor-element elementor-element-22e0d310\" data-id=\"22e0d310\" data-element_type=\"column\">\n\t\t\t<div class=\"elementor-widget-wrap elementor-element-populated\">\n\t\t\t\t\t\t<div class=\"elementor-element elementor-element-7c047738 elementor-widget elementor-widget-jet-headline\" data-id=\"7c047738\" data-element_type=\"widget\" data-widget_type=\"jet-headline.default\">\n\t\t\t\t<div class=\"elementor-widget-container\">\n\t\t\t\t\t<h2 class=\"jet-headline jet-headline--direction-horizontal\"><span class=\"jet-headline__part jet-headline__first\"><span class=\"jet-headline__label\">Katedra <\/span><\/span><span class=\"jet-headline__space\">&nbsp;<\/span><span class=\"jet-headline__part jet-headline__second\"><span class=\"jet-headline__label\">Rachunkowo\u015bci<\/span><\/span><\/h2>\t\t\t\t<\/div>\n\t\t\t\t<\/div>\n\t\t\t\t<div class=\"elementor-element elementor-element-27706e0c elementor-widget-divider--view-line elementor-invisible elementor-widget elementor-widget-divider\" data-id=\"27706e0c\" data-element_type=\"widget\" data-settings=\"{&quot;_animation&quot;:&quot;fadeInLeft&quot;}\" data-widget_type=\"divider.default\">\n\t\t\t\t<div class=\"elementor-widget-container\">\n\t\t\t\t\t\t\t<div class=\"elementor-divider\">\n\t\t\t<span class=\"elementor-divider-separator\">\n\t\t\t\t\t\t<\/span>\n\t\t<\/div>\n\t\t\t\t\t\t<\/div>\n\t\t\t\t<\/div>\n\t\t\t\t<div class=\"elementor-element elementor-element-64fa2182 elementor-widget elementor-widget-text-editor\" data-id=\"64fa2182\" data-element_type=\"widget\" data-widget_type=\"text-editor.default\">\n\t\t\t\t<div class=\"elementor-widget-container\">\n\t\t\t\t\t\t\t\t\t<blockquote><h5><strong><em>Katedra Rachunkowo\u015bci w strukturze UEK<\/em><\/strong><\/h5><\/blockquote>\t\t\t\t\t\t\t\t<\/div>\n\t\t\t\t<\/div>\n\t\t\t\t<div class=\"elementor-element elementor-element-c078210 elementor-widget elementor-widget-text-editor\" data-id=\"c078210\" data-element_type=\"widget\" data-widget_type=\"text-editor.default\">\n\t\t\t\t<div class=\"elementor-widget-container\">\n\t\t\t\t\t\t\t\t\t<p>Katedra Rachunkowo\u015bci jest cz\u0119\u015bci\u0105 Instytutu Informatyki, Rachunkowo\u015bci i Controllingu, kt\u00f3ry z kolei wchodzi w sk\u0142ad Kolegium Nauk o Zarz\u0105dzaniu i Jako\u015bci.<\/p>\t\t\t\t\t\t\t\t<\/div>\n\t\t\t\t<\/div>\n\t\t\t\t<div class=\"elementor-element elementor-element-b471ad9 elementor-widget elementor-widget-text-editor\" data-id=\"b471ad9\" data-element_type=\"widget\" data-widget_type=\"text-editor.default\">\n\t\t\t\t<div class=\"elementor-widget-container\">\n\t\t\t\t\t\t\t\t\t<blockquote>\n<h5><strong><em>Historia<\/em><\/strong><\/h5>\n<\/blockquote>\t\t\t\t\t\t\t\t<\/div>\n\t\t\t\t<\/div>\n\t\t\t\t<div class=\"elementor-element elementor-element-8215a29 elementor-widget__width-initial elementor-widget elementor-widget-text-editor\" data-id=\"8215a29\" data-element_type=\"widget\" data-widget_type=\"text-editor.default\">\n\t\t\t\t<div class=\"elementor-widget-container\">\n\t\t\t\t\t\t\t\t\t<p>Katedra Rachunkowo\u015bci Uniwersytetu Ekonomicznego w Krakowie wywodzi si\u0119 z utworzonej w roku 1925 Katedry Ksi\u0119gowo\u015bci i <strong>jest najstarsz\u0105 Katedr\u0105 Rachunkowo\u015bci w Polsce.<\/strong> Katedr\u0105 Ksi\u0119gowo\u015bci dzia\u0142aj\u0105c\u0105 w Wy\u017cszym Studium Handlowym i Katedr\u0105 Rachunkowo\u015bci dzia\u0142aj\u0105c\u0105 w Akademii Handlowej kierowa\u0142 w latach 1925 do 1949 prof. dr Albin \u017babi\u0144ski. Reorganizacji Uczelni dokonanej w 1938 r. i przemianowaniu jej na Akademi\u0119 Handlow\u0105 towarzyszy\u0142a zmiana nazwy Katedry Ksi\u0119gowo\u015bci na Katedr\u0119 Rachunkowo\u015bci. W 1949 r. kierownikiem Katedry zosta\u0142 zast\u0119pca profesora mgr Kazimierz Sowa, za\u015b w 1952 r. prof. dr Stefan G\u00f3rniak. W pocz\u0105tkowym okresie (do roku 1954) Katedra Rachunkowo\u015bci by\u0142a organizacyjnie zwi\u0105zana z Wydzia\u0142em Finans\u00f3w, a po jego likwidacji, w toku kolejnej reorganizacji Uczelni, zosta\u0142a w\u0142\u0105czona do Wydzia\u0142u Handlu. Z dniem 1 wrze\u015bnia 1960 r. Katedra wesz\u0142a w sk\u0142ad Wydzia\u0142u Produkcji i Obrotu Towarowego utworzonego z po\u0142\u0105czenia dw\u00f3ch istniej\u0105cych Wydzia\u0142\u00f3w Uczelni. W roku 1969, po kolejnej reorganizacji Uczelni, wprowadzaj\u0105cej form\u0119 instytutow\u0105, zak\u0142ady, wchodz\u0105ce dotychczas w sk\u0142ad Katedry Rachunkowo\u015bci, wesz\u0142y do Instytutu Metod Rachunku Ekonomicznego. W 1986 r. nast\u0105pi\u0142a kolejna reorganizacja, a mianowicie: z Instytutu Metod Rachunku Ekonomicznego wyodr\u0119bni\u0142 si\u0119 Instytut Rachunkowo\u015bci. Jego kierownikiem zosta\u0142a prof. dr hab. El\u017cbieta Burzym. W roku 1992 nast\u0105pi\u0142a kolejna reorganizacja Uczelni, powoduj\u0105ca likwidacj\u0119 instytut\u00f3w i wprowadzaj\u0105ca dawn\u0105 form\u0119 katedr. Powsta\u0142a ponownie Katedra Rachunkowo\u015bci. Jej kierownikiem zosta\u0142a prof. dr hab. El\u017cbieta Burzym. Od 1993 do 2013 roku Katedr\u0105 Rachunkowo\u015bci kierowa\u0142 prof. dr hab. Mieczys\u0142aw Dobija. Jego dzie\u0142o kontynuuje prof. dr hab. Dariusz W\u0119dzki, zarz\u0105dzaj\u0105c ca\u0142kiem zgranym zespo\u0142em.<\/p>\t\t\t\t\t\t\t\t<\/div>\n\t\t\t\t<\/div>\n\t\t\t\t<div class=\"elementor-element elementor-element-99d5428 elementor-widget elementor-widget-text-editor\" data-id=\"99d5428\" data-element_type=\"widget\" data-widget_type=\"text-editor.default\">\n\t\t\t\t<div class=\"elementor-widget-container\">\n\t\t\t\t\t\t\t\t\t<blockquote><h5><strong><em>Kierunek Rachunkowo\u015b\u0107 i Controlling<\/em><\/strong><\/h5><\/blockquote>\t\t\t\t\t\t\t\t<\/div>\n\t\t\t\t<\/div>\n\t\t\t\t<div class=\"elementor-element elementor-element-9b89c46 elementor-widget__width-initial elementor-widget elementor-widget-text-editor\" data-id=\"9b89c46\" data-element_type=\"widget\" data-widget_type=\"text-editor.default\">\n\t\t\t\t<div class=\"elementor-widget-container\">\n\t\t\t\t\t\t\t\t\t<p>Dla student\u00f3w istotniejszy od historii jest fakt, \u017ce od 2011 nasza Katedra wsp\u00f3\u0142tworzy atrakcyjny kierunek studiowania Rachunkowo\u015b\u0107 i controlling, kt\u00f3ry w po\u0142owie 2016 r. otrzyma\u0142 akredytacj\u0119 ACCA (Association of Chartered Certified Accountants). Oznacza to mo\u017cliwo\u015b\u0107 zwolnienia z niekt\u00f3rych egzamin\u00f3w wymaganych w procesie kwalifikacyjnym ACCA oraz zdobycie dodatkowych dyplom\u00f3w ACCA wraz z dyplomem uko\u0144czenia studi\u00f3w. Akredytacja dotyczy student\u00f3w zar\u00f3wno na stopniu I (Bachelors in Accounting and Controlling), jak i II (Masters in Accounting and Controlling). Koordynatorem programu ACCA jest prof. UEK dr hab. Piotr W\u00f3jtowicz.<\/p>\t\t\t\t\t\t\t\t<\/div>\n\t\t\t\t<\/div>\n\t\t\t\t<div class=\"elementor-element elementor-element-38e0e47 elementor-widget elementor-widget-text-editor\" data-id=\"38e0e47\" data-element_type=\"widget\" data-widget_type=\"text-editor.default\">\n\t\t\t\t<div class=\"elementor-widget-container\">\n\t\t\t\t\t\t\t\t\t\n<blockquote>\n<h5><strong><em>Kierownik Katedry Rachunkowo\u015bci<\/em><\/strong><\/h5>\n<\/blockquote>\t\t\t\t\t\t\t\t<\/div>\n\t\t\t\t<\/div>\n\t\t\t\t<div class=\"elementor-element elementor-element-276fe80 elementor-widget__width-initial elementor-widget elementor-widget-text-editor\" data-id=\"276fe80\" data-element_type=\"widget\" data-widget_type=\"text-editor.default\">\n\t\t\t\t<div class=\"elementor-widget-container\">\n\t\t\t\t\t\t\t\t\t<p>prof. dr hab. Dariusz W\u0119dzki<\/p><p>tel. + 48 12 293 57 79, e-mail: wedzkid@uek.krakow.pl<\/p>\t\t\t\t\t\t\t\t<\/div>\n\t\t\t\t<\/div>\n\t\t\t\t<div class=\"elementor-element elementor-element-595fbde elementor-widget elementor-widget-text-editor\" data-id=\"595fbde\" data-element_type=\"widget\" data-widget_type=\"text-editor.default\">\n\t\t\t\t<div class=\"elementor-widget-container\">\n\t\t\t\t\t\t\t\t\t<blockquote><h5><strong><em>Biuro Katedry &#8211; Pawilon &#8222;Ustronie&#8221;, pok\u00f3j 209<\/em><\/strong><\/h5><\/blockquote>\t\t\t\t\t\t\t\t<\/div>\n\t\t\t\t<\/div>\n\t\t\t\t<div class=\"elementor-element elementor-element-43fc96c elementor-widget__width-initial elementor-widget elementor-widget-text-editor\" data-id=\"43fc96c\" data-element_type=\"widget\" data-widget_type=\"text-editor.default\">\n\t\t\t\t<div class=\"elementor-widget-container\">\n\t\t\t\t\t\t\t\t\t<p>mgr in\u017c. Beata Radecka<\/p><p>tel. + 48 12 293 52 85, e-mail: radecka@uek.krakow.pl<\/p>\t\t\t\t\t\t\t\t<\/div>\n\t\t\t\t<\/div>\n\t\t\t\t<div class=\"elementor-element elementor-element-818bf97 elementor-widget elementor-widget-text-editor\" data-id=\"818bf97\" data-element_type=\"widget\" data-widget_type=\"text-editor.default\">\n\t\t\t\t<div class=\"elementor-widget-container\">\n\t\t\t\t\t\t\t\t\t<blockquote><h5><strong><em>Dane teleadresowe<\/em><\/strong><\/h5><\/blockquote>\t\t\t\t\t\t\t\t<\/div>\n\t\t\t\t<\/div>\n\t\t\t\t<div class=\"elementor-element elementor-element-6555555 elementor-widget__width-initial elementor-widget elementor-widget-text-editor\" data-id=\"6555555\" data-element_type=\"widget\" data-widget_type=\"text-editor.default\">\n\t\t\t\t<div class=\"elementor-widget-container\">\n\t\t\t\t\t\t\t\t\t<p>Katedra Rachunkowo\u015bci Uniwersytetu Ekonomicznego w Krakowie<\/p><p>ul. Rakowicka 27 (budynek \u201eUstronie\u201d), 31-510 Krak\u00f3w<\/p><p>tel.+48 12 293 52 85<\/p><p>fax +48 12 293 50 39<\/p>\t\t\t\t\t\t\t\t<\/div>\n\t\t\t\t<\/div>\n\t\t\t\t\t<\/div>\n\t\t<\/div>\n\t\t\t\t\t<\/div>\n\t\t<\/section>\n\t\t\t\t<section data-particle_enable=\"false\" data-particle-mobile-disabled=\"false\" class=\"elementor-section elementor-top-section elementor-element elementor-element-74b61f1 elementor-section-boxed elementor-section-height-default elementor-section-height-default\" data-id=\"74b61f1\" data-element_type=\"section\" data-settings=\"{&quot;jet_parallax_layout_list&quot;:[]}\">\n\t\t\t\t\t\t<div class=\"elementor-container elementor-column-gap-default\">\n\t\t\t\t\t<div class=\"elementor-column elementor-col-100 elementor-top-column elementor-element elementor-element-833d157\" data-id=\"833d157\" data-element_type=\"column\">\n\t\t\t<div class=\"elementor-widget-wrap elementor-element-populated\">\n\t\t\t\t\t\t<div class=\"elementor-element elementor-element-7c7342c elementor-widget elementor-widget-image\" data-id=\"7c7342c\" data-element_type=\"widget\" data-widget_type=\"image.default\">\n\t\t\t\t<div class=\"elementor-widget-container\">\n\t\t\t\t\t\t\t\t\t\t\t\t\t\t\t<img decoding=\"async\" src=\"https:\/\/ie.uek.krakow.pl\/ke\/wp-content\/uploads\/sites\/3\/2023\/02\/placeholder-1.png\" title=\"\" alt=\"\" loading=\"lazy\" \/>\t\t\t\t\t\t\t\t\t\t\t\t\t\t\t<\/div>\n\t\t\t\t<\/div>\n\t\t\t\t\t<\/div>\n\t\t<\/div>\n\t\t\t\t\t<\/div>\n\t\t<\/section>\n\t\t\t\t<\/div>\n\t\t","protected":false},"excerpt":{"rendered":"<p>Katedra &nbsp;Rachunkowo\u015bci \/*! elementor &#8211; v3.13.3 &#8211; 28-05-2023 *\/ .elementor-widget-divider{&#8211;divider-border-style:none;&#8211;divider-border-width:1px;&#8211;divider-color:#0c0d0e;&#8211;divider-icon-size:20px;&#8211;divider-element-spacing:10px;&#8211;divider-pattern-height:24px;&#8211;divider-pattern-size:20px;&#8211;divider-pattern-url:none;&#8211;divider-pattern-repeat:repeat-x}.elementor-widget-divider .elementor-divider{display:flex}.elementor-widget-divider .elementor-divider__text{font-size:15px;line-height:1;max-width:95%}.elementor-widget-divider .elementor-divider__element{margin:0 var(&#8211;divider-element-spacing);flex-shrink:0}.elementor-widget-divider .elementor-icon{font-size:var(&#8211;divider-icon-size)}.elementor-widget-divider .elementor-divider-separator{display:flex;margin:0;direction:ltr}.elementor-widget-divider&#8211;view-line_icon .elementor-divider-separator,.elementor-widget-divider&#8211;view-line_text .elementor-divider-separator{align-items:center}.elementor-widget-divider&#8211;view-line_icon .elementor-divider-separator:after,.elementor-widget-divider&#8211;view-line_icon .elementor-divider-separator:before,.elementor-widget-divider&#8211;view-line_text .elementor-divider-separator:after,.elementor-widget-divider&#8211;view-line_text .elementor-divider-separator:before{display:block;content:&#8221;&#8221;;border-bottom:0;flex-grow:1;border-top:var(&#8211;divider-border-width) var(&#8211;divider-border-style) var(&#8211;divider-color)}.elementor-widget-divider&#8211;element-align-left .elementor-divider .elementor-divider-separator&gt;.elementor-divider__svg:first-of-type{flex-grow:0;flex-shrink:100}.elementor-widget-divider&#8211;element-align-left .elementor-divider-separator:before{content:none}.elementor-widget-divider&#8211;element-align-left .elementor-divider__element{margin-left:0}.elementor-widget-divider&#8211;element-align-right .elementor-divider .elementor-divider-separator&gt;.elementor-divider__svg:last-of-type{flex-grow:0;flex-shrink:100}.elementor-widget-divider&#8211;element-align-right .elementor-divider-separator:after{content:none}.elementor-widget-divider&#8211;element-align-right .elementor-divider__element{margin-right:0}.elementor-widget-divider:not(.elementor-widget-divider&#8211;view-line_text):not(.elementor-widget-divider&#8211;view-line_icon) .elementor-divider-separator{border-top:var(&#8211;divider-border-width) var(&#8211;divider-border-style) var(&#8211;divider-color)}.elementor-widget-divider&#8211;separator-type-pattern{&#8211;divider-border-style:none}.elementor-widget-divider&#8211;separator-type-pattern.elementor-widget-divider&#8211;view-line .elementor-divider-separator,.elementor-widget-divider&#8211;separator-type-pattern:not(.elementor-widget-divider&#8211;view-line) .elementor-divider-separator:after,.elementor-widget-divider&#8211;separator-type-pattern:not(.elementor-widget-divider&#8211;view-line) .elementor-divider-separator:before,.elementor-widget-divider&#8211;separator-type-pattern:not([class*=elementor-widget-divider&#8211;view]) .elementor-divider-separator{width:100%;min-height:var(&#8211;divider-pattern-height);-webkit-mask-size:var(&#8211;divider-pattern-size) 100%;mask-size:var(&#8211;divider-pattern-size) 100%;-webkit-mask-repeat:var(&#8211;divider-pattern-repeat);mask-repeat:var(&#8211;divider-pattern-repeat);background-color:var(&#8211;divider-color);-webkit-mask-image:var(&#8211;divider-pattern-url);mask-image:var(&#8211;divider-pattern-url)}.elementor-widget-divider&#8211;no-spacing{&#8211;divider-pattern-size:auto}.elementor-widget-divider&#8211;bg-round{&#8211;divider-pattern-repeat:round}.rtl .elementor-widget-divider .elementor-divider__text{direction:rtl}.e-con-inner&gt;.elementor-widget-divider,.e-con&gt;.elementor-widget-divider{width:var(&#8211;container-widget-width,100%);&#8211;flex-grow:var(&#8211;container-widget-flex-grow)} Katedra Rachunkowo\u015bci w strukturze UEK Katedra Rachunkowo\u015bci jest cz\u0119\u015bci\u0105 Instytutu Informatyki, Rachunkowo\u015bci i Controllingu, kt\u00f3ry z kolei wchodzi w sk\u0142ad Kolegium Nauk o Zarz\u0105dzaniu i Jako\u015bci. Historia Katedra Rachunkowo\u015bci Uniwersytetu Ekonomicznego w Krakowie wywodzi si\u0119 z utworzonej w roku 1925 Katedry Ksi\u0119gowo\u015bci i jest najstarsz\u0105 Katedr\u0105 Rachunkowo\u015bci w Polsce. Katedr\u0105 Ksi\u0119gowo\u015bci dzia\u0142aj\u0105c\u0105 w Wy\u017cszym Studium Handlowym i Katedr\u0105 Rachunkowo\u015bci dzia\u0142aj\u0105c\u0105 w Akademii Handlowej kierowa\u0142 w latach 1925 do 1949 prof. dr Albin \u017babi\u0144ski. Reorganizacji Uczelni dokonanej w 1938 r. i przemianowaniu jej na Akademi\u0119 Handlow\u0105 towarzyszy\u0142a zmiana nazwy Katedry Ksi\u0119gowo\u015bci na Katedr\u0119 Rachunkowo\u015bci. W 1949 r. kierownikiem Katedry zosta\u0142 zast\u0119pca profesora mgr Kazimierz Sowa, za\u015b w 1952 r. prof. dr Stefan G\u00f3rniak. W pocz\u0105tkowym okresie (do roku 1954) Katedra Rachunkowo\u015bci by\u0142a organizacyjnie zwi\u0105zana z Wydzia\u0142em Finans\u00f3w, a po jego likwidacji, w toku kolejnej reorganizacji Uczelni, zosta\u0142a w\u0142\u0105czona do Wydzia\u0142u Handlu. Z dniem 1 wrze\u015bnia 1960 r. Katedra wesz\u0142a w sk\u0142ad Wydzia\u0142u Produkcji i Obrotu Towarowego utworzonego z po\u0142\u0105czenia dw\u00f3ch istniej\u0105cych Wydzia\u0142\u00f3w Uczelni. W roku 1969, po kolejnej reorganizacji Uczelni, wprowadzaj\u0105cej form\u0119 instytutow\u0105, zak\u0142ady, wchodz\u0105ce dotychczas w sk\u0142ad Katedry Rachunkowo\u015bci, wesz\u0142y do Instytutu Metod Rachunku Ekonomicznego. W 1986 r. nast\u0105pi\u0142a kolejna reorganizacja, a mianowicie: z Instytutu Metod Rachunku Ekonomicznego wyodr\u0119bni\u0142 si\u0119 Instytut Rachunkowo\u015bci. Jego kierownikiem zosta\u0142a prof. dr hab. El\u017cbieta Burzym. W roku 1992 nast\u0105pi\u0142a kolejna reorganizacja Uczelni, powoduj\u0105ca likwidacj\u0119 instytut\u00f3w i wprowadzaj\u0105ca dawn\u0105 form\u0119 katedr. Powsta\u0142a ponownie Katedra Rachunkowo\u015bci. Jej kierownikiem zosta\u0142a prof. dr hab. El\u017cbieta Burzym. Od 1993 do 2013 roku Katedr\u0105 Rachunkowo\u015bci kierowa\u0142 prof. dr hab. Mieczys\u0142aw Dobija. Jego dzie\u0142o kontynuuje prof. dr hab. Dariusz W\u0119dzki, zarz\u0105dzaj\u0105c ca\u0142kiem zgranym zespo\u0142em. Kierunek Rachunkowo\u015b\u0107 i Controlling Dla student\u00f3w istotniejszy od historii jest fakt, \u017ce od 2011 nasza Katedra wsp\u00f3\u0142tworzy atrakcyjny kierunek studiowania Rachunkowo\u015b\u0107 i controlling, kt\u00f3ry w po\u0142owie 2016 r. otrzyma\u0142 akredytacj\u0119 ACCA (Association of Chartered Certified Accountants). Oznacza to mo\u017cliwo\u015b\u0107 zwolnienia z niekt\u00f3rych egzamin\u00f3w wymaganych w procesie kwalifikacyjnym ACCA oraz zdobycie dodatkowych dyplom\u00f3w ACCA wraz z dyplomem uko\u0144czenia studi\u00f3w. Akredytacja dotyczy student\u00f3w zar\u00f3wno na stopniu I (Bachelors in Accounting and Controlling), jak i II (Masters in Accounting and Controlling). Koordynatorem programu ACCA jest prof. UEK dr hab. Piotr W\u00f3jtowicz. Kierownik Katedry Rachunkowo\u015bci prof. dr hab. Dariusz W\u0119dzki tel. + 48 12 293 57 79, e-mail: wedzkid@uek.krakow.pl Biuro Katedry &#8211; Pawilon &#8222;Ustronie&#8221;, pok\u00f3j 209 mgr in\u017c. Beata Radecka tel. + 48 12 293 52 85, e-mail: radecka@uek.krakow.pl Dane teleadresowe Katedra Rachunkowo\u015bci Uniwersytetu Ekonomicznego w Krakowie ul. Rakowicka 27 (budynek \u201eUstronie\u201d), 31-510 Krak\u00f3w tel.+48 12 293 52 85 fax +48 12 293 50 39 \/*! elementor &#8211; v3.13.3 &#8211; 28-05-2023 *\/ .elementor-widget-image{text-align:center}.elementor-widget-image a{display:inline-block}.elementor-widget-image a img[src$=&#8221;.svg&#8221;]{width:48px}.elementor-widget-image img{vertical-align:middle;display:inline-block}<\/p>\n","protected":false},"author":1,"featured_media":0,"parent":0,"menu_order":0,"comment_status":"closed","ping_status":"closed","template":"elementor_header_footer","meta":{"footnotes":""},"class_list":["post-88","page","type-page","status-publish","hentry"],"_links":{"self":[{"href":"https:\/\/iirc.uek.krakow.pl\/kr\/wp-json\/wp\/v2\/pages\/88","targetHints":{"allow":["GET"]}}],"collection":[{"href":"https:\/\/iirc.uek.krakow.pl\/kr\/wp-json\/wp\/v2\/pages"}],"about":[{"href":"https:\/\/iirc.uek.krakow.pl\/kr\/wp-json\/wp\/v2\/types\/page"}],"author":[{"embeddable":true,"href":"https:\/\/iirc.uek.krakow.pl\/kr\/wp-json\/wp\/v2\/users\/1"}],"replies":[{"embeddable":true,"href":"https:\/\/iirc.uek.krakow.pl\/kr\/wp-json\/wp\/v2\/comments?post=88"}],"version-history":[{"count":9,"href":"https:\/\/iirc.uek.krakow.pl\/kr\/wp-json\/wp\/v2\/pages\/88\/revisions"}],"predecessor-version":[{"id":1685,"href":"https:\/\/iirc.uek.krakow.pl\/kr\/wp-json\/wp\/v2\/pages\/88\/revisions\/1685"}],"wp:attachment":[{"href":"https:\/\/iirc.uek.krakow.pl\/kr\/wp-json\/wp\/v2\/media?parent=88"}],"curies":[{"name":"wp","href":"https:\/\/api.w.org\/{rel}","templated":true}]}}