{"id":965,"date":"2023-02-25T23:59:30","date_gmt":"2023-02-25T22:59:30","guid":{"rendered":"https:\/\/ie.uek.krakow.pl\/szablon\/?page_id=965"},"modified":"2024-01-03T16:44:41","modified_gmt":"2024-01-03T15:44:41","slug":"employees","status":"publish","type":"page","link":"https:\/\/iirc.uek.krakow.pl\/kso\/en\/employees\/","title":{"rendered":"Employees"},"content":{"rendered":"\t\t<div data-elementor-type=\"wp-page\" data-elementor-id=\"965\" class=\"elementor elementor-965\" data-elementor-post-type=\"page\">\n\t\t\t\t\t\t<section data-particle_enable=\"false\" data-particle-mobile-disabled=\"false\" class=\"elementor-section elementor-top-section elementor-element elementor-element-be20bad elementor-section-boxed elementor-section-height-default elementor-section-height-default\" data-id=\"be20bad\" data-element_type=\"section\" data-settings=\"{&quot;jet_parallax_layout_list&quot;:[]}\">\n\t\t\t\t\t\t<div class=\"elementor-container elementor-column-gap-default\">\n\t\t\t\t\t<div class=\"elementor-column elementor-col-100 elementor-top-column elementor-element elementor-element-c099fef\" data-id=\"c099fef\" data-element_type=\"column\">\n\t\t\t<div class=\"elementor-widget-wrap elementor-element-populated\">\n\t\t\t\t\t\t<div class=\"elementor-element elementor-element-923f8d4 elementor-widget elementor-widget-heading\" data-id=\"923f8d4\" data-element_type=\"widget\" id=\"kpii\" data-widget_type=\"heading.default\">\n\t\t\t\t<div class=\"elementor-widget-container\">\n\t\t\t\t\t<h2 class=\"elementor-heading-title elementor-size-default\">Department of Computational Systems<\/h2>\t\t\t\t<\/div>\n\t\t\t\t<\/div>\n\t\t\t\t<section data-particle_enable=\"false\" data-particle-mobile-disabled=\"false\" class=\"elementor-section elementor-inner-section elementor-element elementor-element-4f9f836 elementor-section-boxed elementor-section-height-default elementor-section-height-default\" data-id=\"4f9f836\" data-element_type=\"section\" data-settings=\"{&quot;jet_parallax_layout_list&quot;:[],&quot;background_background&quot;:&quot;classic&quot;,&quot;shape_divider_bottom&quot;:&quot;arrow&quot;,&quot;shape_divider_bottom_negative&quot;:&quot;yes&quot;}\">\n\t\t\t\t\t<div class=\"elementor-shape elementor-shape-bottom\" aria-hidden=\"true\" data-negative=\"true\">\n\t\t\t<svg xmlns=\"http:\/\/www.w3.org\/2000\/svg\" viewBox=\"0 0 700 10\" preserveAspectRatio=\"none\">\n\t<path class=\"elementor-shape-fill\" d=\"M360 0L350 9.9 340 0 0 0 0 10 700 10 700 0\"\/>\n<\/svg>\t\t<\/div>\n\t\t\t\t\t<div class=\"elementor-container elementor-column-gap-default\">\n\t\t\t\t\t<div class=\"elementor-column elementor-col-50 elementor-inner-column elementor-element elementor-element-7a9c1ea\" data-id=\"7a9c1ea\" data-element_type=\"column\">\n\t\t\t<div class=\"elementor-widget-wrap elementor-element-populated\">\n\t\t\t\t\t\t<div class=\"elementor-element elementor-element-6239586 elementor-widget elementor-widget-heading\" data-id=\"6239586\" data-element_type=\"widget\" data-widget_type=\"heading.default\">\n\t\t\t\t<div class=\"elementor-widget-container\">\n\t\t\t\t\t<h4 class=\"elementor-heading-title elementor-size-default\">Head of Department<\/h4>\t\t\t\t<\/div>\n\t\t\t\t<\/div>\n\t\t\t\t\t<\/div>\n\t\t<\/div>\n\t\t\t\t<div class=\"elementor-column elementor-col-50 elementor-inner-column elementor-element elementor-element-d1d5d6a\" data-id=\"d1d5d6a\" data-element_type=\"column\">\n\t\t\t<div class=\"elementor-widget-wrap elementor-element-populated\">\n\t\t\t\t\t\t<div class=\"elementor-element elementor-element-a114a1c elementor-widget elementor-widget-eael-post-list\" data-id=\"a114a1c\" data-element_type=\"widget\" data-widget_type=\"eael-post-list.default\">\n\t\t\t\t<div class=\"elementor-widget-container\">\n\t\t\t\t\t<div class=\"eael-post-list-container default layout-default\"><div class=\"eael-post-list-wrap\"><div class=\"eael-post-list-posts-wrap eael-post-appender eael-post-appender-a114a1c\"><div class=\"eael-post-list-post \"><div class=\"eael-post-list-thumbnail \"><a href=\"https:\/\/iirc.uek.krakow.pl\/kso\/en\/pracownicy\/pawel-lula-eng\/\">\n                            <img decoding=\"async\" src=\"https:\/\/iirc.uek.krakow.pl\/kso\/wp-content\/uploads\/sites\/6\/2024\/01\/Lula-P.png\" alt=\"\">\n                        <\/a><\/div><div class=\"eael-post-list-content\"><h2 class=\"eael-post-list-title\"><a href=\"https:\/\/iirc.uek.krakow.pl\/kso\/en\/pracownicy\/pawel-lula-eng\/\" >prof. dr hab. Pawe\u0142 Lula<\/a><\/h2><\/div><\/div><\/div><\/div>\n\t\t<\/div>\t\t\t\t<\/div>\n\t\t\t\t<\/div>\n\t\t\t\t\t<\/div>\n\t\t<\/div>\n\t\t\t\t\t<\/div>\n\t\t<\/section>\n\t\t\t\t<div class=\"elementor-element elementor-element-3b905d0 elementor-widget elementor-widget-eael-post-list\" data-id=\"3b905d0\" data-element_type=\"widget\" data-widget_type=\"eael-post-list.default\">\n\t\t\t\t<div class=\"elementor-widget-container\">\n\t\t\t\t\t<div class=\"eael-post-list-container default layout-default\"><div class=\"eael-post-list-wrap\"><div class=\"eael-post-list-posts-wrap eael-post-appender eael-post-appender-3b905d0\"><div class=\"eael-post-list-post \"><div class=\"eael-post-list-thumbnail \"><a href=\"https:\/\/iirc.uek.krakow.pl\/kso\/en\/pracownicy\/dariusz-dymek-eng\/\">\n                            <img decoding=\"async\" src=\"https:\/\/iirc.uek.krakow.pl\/kso\/wp-content\/uploads\/sites\/6\/2024\/01\/Dariusz-Dymek.jpg\" alt=\"\">\n                        <\/a><\/div><div class=\"eael-post-list-content\"><h2 class=\"eael-post-list-title\"><a href=\"https:\/\/iirc.uek.krakow.pl\/kso\/en\/pracownicy\/dariusz-dymek-eng\/\" >prof. UEK dr hab. Dariusz Dymek<\/a><\/h2><\/div><\/div><div class=\"eael-post-list-post eael-empty-thumbnail\"><div class=\"eael-post-list-thumbnail eael-empty-thumbnail\"><\/div><div class=\"eael-post-list-content\"><h2 class=\"eael-post-list-title\"><a href=\"https:\/\/iirc.uek.krakow.pl\/kso\/en\/pracownicy\/agnieszka-niklewicz-eng\/\" >Agnieszka Niklewicz PhD<\/a><\/h2><\/div><\/div><div class=\"eael-post-list-post \"><div class=\"eael-post-list-thumbnail \"><a href=\"https:\/\/iirc.uek.krakow.pl\/kso\/en\/pracownicy\/mariusz-grabowski-eng\/\">\n                            <img decoding=\"async\" src=\"https:\/\/iirc.uek.krakow.pl\/kso\/wp-content\/uploads\/sites\/6\/2024\/01\/MGrabowski-scaled.jpg\" alt=\"\">\n                        <\/a><\/div><div class=\"eael-post-list-content\"><h2 class=\"eael-post-list-title\"><a href=\"https:\/\/iirc.uek.krakow.pl\/kso\/en\/pracownicy\/mariusz-grabowski-eng\/\" >prof. UEK dr hab. Mariusz Grabowski<\/a><\/h2><\/div><\/div><div class=\"eael-post-list-post eael-empty-thumbnail\"><div class=\"eael-post-list-thumbnail eael-empty-thumbnail\"><\/div><div class=\"eael-post-list-content\"><h2 class=\"eael-post-list-title\"><a href=\"https:\/\/iirc.uek.krakow.pl\/kso\/en\/pracownicy\/aleksandra-bojda-eng\/\" >mgr Aleksandra Bojda<\/a><\/h2><\/div><\/div><div class=\"eael-post-list-post eael-empty-thumbnail\"><div class=\"eael-post-list-thumbnail eael-empty-thumbnail\"><\/div><div class=\"eael-post-list-content\"><h2 class=\"eael-post-list-title\"><a href=\"https:\/\/iirc.uek.krakow.pl\/kso\/en\/pracownicy\/przemyslaw-jasko-eng\/\" >Przemys\u0142aw Ja\u015bko, MSc<\/a><\/h2><\/div><\/div><div class=\"eael-post-list-post eael-empty-thumbnail\"><div class=\"eael-post-list-thumbnail eael-empty-thumbnail\"><\/div><div class=\"eael-post-list-content\"><h2 class=\"eael-post-list-title\"><a href=\"https:\/\/iirc.uek.krakow.pl\/kso\/en\/pracownicy\/jakub-kanclerz-eng\/\" >Jakub Kanclerz, MSc<\/a><\/h2><\/div><\/div><div class=\"eael-post-list-post eael-empty-thumbnail\"><div class=\"eael-post-list-thumbnail eael-empty-thumbnail\"><\/div><div class=\"eael-post-list-content\"><h2 class=\"eael-post-list-title\"><a href=\"https:\/\/iirc.uek.krakow.pl\/kso\/en\/pracownicy\/katarzyna-wojcik-eng\/\" >dr Katarzyna W\u00f3jcik<\/a><\/h2><\/div><\/div><div class=\"eael-post-list-post eael-empty-thumbnail\"><div class=\"eael-post-list-thumbnail eael-empty-thumbnail\"><\/div><div class=\"eael-post-list-content\"><h2 class=\"eael-post-list-title\"><a href=\"https:\/\/iirc.uek.krakow.pl\/kso\/en\/pracownicy\/tadeusz-wilusz-eng\/\" >Tadeusz Wilusz, PhD Eng.<\/a><\/h2><\/div><\/div><div class=\"eael-post-list-post eael-empty-thumbnail\"><div class=\"eael-post-list-thumbnail eael-empty-thumbnail\"><\/div><div class=\"eael-post-list-content\"><h2 class=\"eael-post-list-title\"><a href=\"https:\/\/iirc.uek.krakow.pl\/kso\/en\/pracownicy\/bartlomiej-balsamski-eng\/\" >Bart\u0142omiej Balsamski, PhD<\/a><\/h2><\/div><\/div><div class=\"eael-post-list-post eael-empty-thumbnail\"><div class=\"eael-post-list-thumbnail eael-empty-thumbnail\"><\/div><div class=\"eael-post-list-content\"><h2 class=\"eael-post-list-title\"><a href=\"https:\/\/iirc.uek.krakow.pl\/kso\/en\/pracownicy\/anna-karcz-eng\/\" >Anna Karcz, PhD<\/a><\/h2><\/div><\/div><div class=\"eael-post-list-post eael-empty-thumbnail\"><div class=\"eael-post-list-thumbnail eael-empty-thumbnail\"><\/div><div class=\"eael-post-list-content\"><h2 class=\"eael-post-list-title\"><a href=\"https:\/\/iirc.uek.krakow.pl\/kso\/en\/pracownicy\/pawel-konkol-eng\/\" >Pawe\u0142 Konkol, PhD<\/a><\/h2><\/div><\/div><div class=\"eael-post-list-post \"><div class=\"eael-post-list-thumbnail \"><a href=\"https:\/\/iirc.uek.krakow.pl\/kso\/en\/pracownicy\/dariusz-put-eng\/\">\n                            <img decoding=\"async\" src=\"https:\/\/iirc.uek.krakow.pl\/kso\/wp-content\/uploads\/sites\/6\/2023\/02\/Dariusz_Put_nm.png\" alt=\"\">\n                        <\/a><\/div><div class=\"eael-post-list-content\"><h2 class=\"eael-post-list-title\"><a href=\"https:\/\/iirc.uek.krakow.pl\/kso\/en\/pracownicy\/dariusz-put-eng\/\" >prof. UEK dr hab. Dariusz Put<\/a><\/h2><\/div><\/div><\/div><\/div>\n\t\t<\/div>\t\t\t\t<\/div>\n\t\t\t\t<\/div>\n\t\t\t\t\t<\/div>\n\t\t<\/div>\n\t\t\t\t\t<\/div>\n\t\t<\/section>\n\t\t\t\t<\/div>\n\t\t","protected":false},"excerpt":{"rendered":"<p>\/*! elementor &#8211; v3.17.0 &#8211; 08-11-2023 *\/ .elementor-heading-title{padding:0;margin:0;line-height:1}.elementor-widget-heading .elementor-heading-title[class*=elementor-size-]&gt;a{color:inherit;font-size:inherit;line-height:inherit}.elementor-widget-heading .elementor-heading-title.elementor-size-small{font-size:15px}.elementor-widget-heading .elementor-heading-title.elementor-size-medium{font-size:19px}.elementor-widget-heading .elementor-heading-title.elementor-size-large{font-size:29px}.elementor-widget-heading .elementor-heading-title.elementor-size-xl{font-size:39px}.elementor-widget-heading .elementor-heading-title.elementor-size-xxl{font-size:59px} Department of Computational Systems Head of Department assoc. prof. dr hab. Dariusz Put prof. dr hab. Pawe\u0142 Lula prof. UEK dr hab. Dariusz Dymek prof. UEK dr hab. Mariusz Grabowski Bart\u0142omiej Balsamski, PhD Anna Karcz, PhD Pawe\u0142 Konkol, PhD Agnieszka Niklewicz, PhD Tadeusz Wilusz, PhD Eng. Aleksandra Bojda, MSc Przemys\u0142aw Ja\u015bko, MSc Jakub Kanclerz, MSc Katarzyna W\u00f3jcik, MSc<\/p>\n","protected":false},"author":1,"featured_media":0,"parent":0,"menu_order":0,"comment_status":"closed","ping_status":"closed","template":"elementor_header_footer","meta":{"footnotes":""},"class_list":["post-965","page","type-page","status-publish","hentry"],"_links":{"self":[{"href":"https:\/\/iirc.uek.krakow.pl\/kso\/wp-json\/wp\/v2\/pages\/965","targetHints":{"allow":["GET"]}}],"collection":[{"href":"https:\/\/iirc.uek.krakow.pl\/kso\/wp-json\/wp\/v2\/pages"}],"about":[{"href":"https:\/\/iirc.uek.krakow.pl\/kso\/wp-json\/wp\/v2\/types\/page"}],"author":[{"embeddable":true,"href":"https:\/\/iirc.uek.krakow.pl\/kso\/wp-json\/wp\/v2\/users\/1"}],"replies":[{"embeddable":true,"href":"https:\/\/iirc.uek.krakow.pl\/kso\/wp-json\/wp\/v2\/comments?post=965"}],"version-history":[{"count":6,"href":"https:\/\/iirc.uek.krakow.pl\/kso\/wp-json\/wp\/v2\/pages\/965\/revisions"}],"predecessor-version":[{"id":1852,"href":"https:\/\/iirc.uek.krakow.pl\/kso\/wp-json\/wp\/v2\/pages\/965\/revisions\/1852"}],"wp:attachment":[{"href":"https:\/\/iirc.uek.krakow.pl\/kso\/wp-json\/wp\/v2\/media?parent=965"}],"curies":[{"name":"wp","href":"https:\/\/api.w.org\/{rel}","templated":true}]}}